{"id":1247,"date":"2025-01-15T07:54:45","date_gmt":"2025-01-15T07:54:45","guid":{"rendered":"https:\/\/www.korthajen.se\/?post_type=product&#038;p=1247"},"modified":"2025-03-19T08:40:39","modified_gmt":"2025-03-19T08:40:39","slug":"charizard-base-set-4-102","status":"publish","type":"product","link":"https:\/\/www.korthajen.se\/en\/product\/charizard-base-set-4-102\/","title":{"rendered":"Charizard base set 4\/102"},"content":{"rendered":"<p>Charizard 4\/102 fr\u00e5n Pok\u00e9mon Base Set \u00e4r ett holografiskt kort med en ikonisk design av Mitsuhiro Arita. Detta kort \u00e4r k\u00e4nt f\u00f6r sin kraftfulla attack, Fire Spin, och f\u00f6r sin speciella Pok\u00e9mon Power, Energy Burn.<\/p>\n<p><strong>Viktiga detaljer:<\/strong><\/p>\n<p>Serie: Base Set.<\/p>\n<p>Kortnummer: 4\/102.<\/p>\n<p>Korttyp: Holografiskt.<\/p>\n<p>Artwork: Charizard visas med ett eldandande tema som symboliserar dess styrka och ikoniska status i Pok\u00e9mon-universumet.<\/p>\n<p>Statistik: 120 HP, Fire Spin attack p\u00e5 100 skada.<\/p>\n<p><strong>Samlarens dr\u00f6mkort<\/strong><\/p>\n<p>Detta kort \u00e4r en central del av vilken Pok\u00e9mon-samling som helst och en nostalgisk p\u00e4rla f\u00f6r alla som \u00e4lskar originalserien. L\u00e4mpar sig perfekt som ett unikt samlingsobjekt eller investering.<\/p>\n<p><strong>Kondition<\/strong>:<\/p>\n<p>Kortet \u00e4r inte graderat. Skicket f\u00e5r bed\u00f6mas enligt bilder, men det \u00e4r spelat.<\/p>\n<p><em>Kontakta <a href=\"mailto:info@korthajen.se\">info@korthajen.se<\/a> f\u00f6r fler bilder och fr\u00e5gor om kort eller prisdiskussion.<\/em><\/p>","protected":false},"excerpt":{"rendered":"<p>Charizard 4\/102 fr\u00e5n Pok\u00e9mon Base Set \u00e4r ett holografiskt kort med en ikonisk design av Mitsuhiro Arita. Detta kort \u00e4r k\u00e4nt f\u00f6r sin kraftfulla attack, Fire Spin, och f\u00f6r sin speciella Pok\u00e9mon Power, Energy Burn.<\/p>","protected":false},"featured_media":1245,"comment_status":"open","ping_status":"closed","template":"","meta":{"jetpack_publicize_message":"","jetpack_publicize_feature_enabled":true,"jetpack_social_post_already_shared":true,"jetpack_social_options":{"image_generator_settings":{"template":"highway","default_image_id":0,"font":"","enabled":false},"version":2}},"product_brand":[],"product_cat":[49,38],"product_tag":[106,105],"class_list":{"0":"post-1247","1":"product","2":"type-product","3":"status-publish","4":"has-post-thumbnail","6":"product_cat-enskilda-kort-pokemon","7":"product_cat-pokemon","8":"product_tag-base-set","9":"product_tag-charizard","11":"first","12":"outofstock","13":"shipping-taxable","14":"purchasable","15":"product-type-simple"},"yoast_head":"<!-- This site is optimized with the Yoast SEO plugin v26.2 - https:\/\/yoast.com\/wordpress\/plugins\/seo\/ -->\n<title>Charizard base set 4\/102 - Korthajen<\/title>\n<meta name=\"description\" content=\"Charizard base set in good condition. 4\/102.\" \/>\n<meta name=\"robots\" content=\"index, follow, max-snippet:-1, max-image-preview:large, max-video-preview:-1\" \/>\n<link rel=\"canonical\" href=\"https:\/\/www.korthajen.se\/en\/product\/charizard-base-set-4-102\/\" \/>\n<meta property=\"og:locale\" content=\"en_GB\" \/>\n<meta property=\"og:type\" content=\"article\" \/>\n<meta property=\"og:title\" content=\"Charizard base set 4\/102 - Korthajen\" \/>\n<meta property=\"og:description\" content=\"Charizard base set in good condition. 4\/102.\" \/>\n<meta property=\"og:url\" content=\"https:\/\/www.korthajen.se\/en\/product\/charizard-base-set-4-102\/\" \/>\n<meta property=\"og:site_name\" content=\"Korthajen\" \/>\n<meta property=\"article:publisher\" content=\"https:\/\/facebook.com\/korthajen.se\" \/>\n<meta property=\"article:modified_time\" content=\"2025-03-19T08:40:39+00:00\" \/>\n<meta property=\"og:image\" content=\"https:\/\/www.korthajen.se\/wp-content\/uploads\/2025\/01\/5i8a4542_2048px.webp\" \/>\n\t<meta property=\"og:image:width\" content=\"2048\" \/>\n\t<meta property=\"og:image:height\" content=\"2048\" \/>\n\t<meta property=\"og:image:type\" content=\"image\/jpeg\" \/>\n<meta name=\"twitter:card\" content=\"summary_large_image\" \/>\n<meta name=\"twitter:label1\" content=\"Estimated reading time\" \/>\n\t<meta name=\"twitter:data1\" content=\"1 minute\" \/>\n<script type=\"application\/ld+json\" class=\"yoast-schema-graph\">{\"@context\":\"https:\/\/schema.org\",\"@graph\":[{\"@type\":\"WebPage\",\"@id\":\"https:\/\/www.korthajen.se\/product\/charizard-base-set-4-102\/\",\"url\":\"https:\/\/www.korthajen.se\/product\/charizard-base-set-4-102\/\",\"name\":\"Charizard base set 4\/102 - Korthajen\",\"isPartOf\":{\"@id\":\"https:\/\/www.korthajen.se\/#website\"},\"primaryImageOfPage\":{\"@id\":\"https:\/\/www.korthajen.se\/product\/charizard-base-set-4-102\/#primaryimage\"},\"image\":{\"@id\":\"https:\/\/www.korthajen.se\/product\/charizard-base-set-4-102\/#primaryimage\"},\"thumbnailUrl\":\"https:\/\/i0.wp.com\/www.korthajen.se\/wp-content\/uploads\/2025\/01\/5i8a4542_2048px.webp?fit=2048%2C2048&ssl=1\",\"datePublished\":\"2025-01-15T07:54:45+00:00\",\"dateModified\":\"2025-03-19T08:40:39+00:00\",\"description\":\"Charizard base set in good condition. 4\/102.\",\"breadcrumb\":{\"@id\":\"https:\/\/www.korthajen.se\/product\/charizard-base-set-4-102\/#breadcrumb\"},\"inLanguage\":\"en-GB\",\"potentialAction\":[{\"@type\":\"ReadAction\",\"target\":[\"https:\/\/www.korthajen.se\/product\/charizard-base-set-4-102\/\"]}]},{\"@type\":\"ImageObject\",\"inLanguage\":\"en-GB\",\"@id\":\"https:\/\/www.korthajen.se\/product\/charizard-base-set-4-102\/#primaryimage\",\"url\":\"https:\/\/i0.wp.com\/www.korthajen.se\/wp-content\/uploads\/2025\/01\/5i8a4542_2048px.webp?fit=2048%2C2048&ssl=1\",\"contentUrl\":\"https:\/\/i0.wp.com\/www.korthajen.se\/wp-content\/uploads\/2025\/01\/5i8a4542_2048px.webp?fit=2048%2C2048&ssl=1\",\"width\":2048,\"height\":2048},{\"@type\":\"BreadcrumbList\",\"@id\":\"https:\/\/www.korthajen.se\/product\/charizard-base-set-4-102\/#breadcrumb\",\"itemListElement\":[{\"@type\":\"ListItem\",\"position\":1,\"name\":\"Hem\",\"item\":\"https:\/\/www.korthajen.se\/\"},{\"@type\":\"ListItem\",\"position\":2,\"name\":\"Sortiment &#8211; Allt inom samlarkort och tillbeh\u00f6r\",\"item\":\"https:\/\/www.korthajen.se\/shop\/\"},{\"@type\":\"ListItem\",\"position\":3,\"name\":\"Charizard base set 4\/102\"}]},{\"@type\":\"WebSite\",\"@id\":\"https:\/\/www.korthajen.se\/#website\",\"url\":\"https:\/\/www.korthajen.se\/\",\"name\":\"Korthajen\",\"description\":\"Hj\u00e4lper samlare, nya som gamla.\",\"publisher\":{\"@id\":\"https:\/\/www.korthajen.se\/#organization\"},\"potentialAction\":[{\"@type\":\"SearchAction\",\"target\":{\"@type\":\"EntryPoint\",\"urlTemplate\":\"https:\/\/www.korthajen.se\/?s={search_term_string}\"},\"query-input\":{\"@type\":\"PropertyValueSpecification\",\"valueRequired\":true,\"valueName\":\"search_term_string\"}}],\"inLanguage\":\"en-GB\"},{\"@type\":\"Organization\",\"@id\":\"https:\/\/www.korthajen.se\/#organization\",\"name\":\"Korthajen\",\"url\":\"https:\/\/www.korthajen.se\/\",\"logo\":{\"@type\":\"ImageObject\",\"inLanguage\":\"en-GB\",\"@id\":\"https:\/\/www.korthajen.se\/#\/schema\/logo\/image\/\",\"url\":\"https:\/\/www.korthajen.se\/wp-content\/uploads\/2024\/12\/Korthajen-png.avif\",\"contentUrl\":\"https:\/\/www.korthajen.se\/wp-content\/uploads\/2024\/12\/Korthajen-png.avif\",\"width\":2100,\"height\":2100,\"caption\":\"Korthajen\"},\"image\":{\"@id\":\"https:\/\/www.korthajen.se\/#\/schema\/logo\/image\/\"},\"sameAs\":[\"https:\/\/facebook.com\/korthajen.se\",\"https:\/\/instagram.com\/korthajen.se\"]}]}<\/script>\n<!-- \/ Yoast SEO plugin. -->","yoast_head_json":{"title":"Charizard base set 4\/102 - Korthajen","description":"Charizard base set in good condition. 4\/102.","robots":{"index":"index","follow":"follow","max-snippet":"max-snippet:-1","max-image-preview":"max-image-preview:large","max-video-preview":"max-video-preview:-1"},"canonical":"https:\/\/www.korthajen.se\/en\/product\/charizard-base-set-4-102\/","og_locale":"en_GB","og_type":"article","og_title":"Charizard base set 4\/102 - Korthajen","og_description":"Charizard base set in good condition. 4\/102.","og_url":"https:\/\/www.korthajen.se\/en\/product\/charizard-base-set-4-102\/","og_site_name":"Korthajen","article_publisher":"https:\/\/facebook.com\/korthajen.se","article_modified_time":"2025-03-19T08:40:39+00:00","og_image":[{"width":2048,"height":2048,"url":"https:\/\/www.korthajen.se\/wp-content\/uploads\/2025\/01\/5i8a4542_2048px.webp","type":"image\/jpeg"}],"twitter_card":"summary_large_image","twitter_misc":{"Estimated reading time":"1 minute"},"schema":{"@context":"https:\/\/schema.org","@graph":[{"@type":"WebPage","@id":"https:\/\/www.korthajen.se\/product\/charizard-base-set-4-102\/","url":"https:\/\/www.korthajen.se\/product\/charizard-base-set-4-102\/","name":"Charizard base set 4\/102 - Korthajen","isPartOf":{"@id":"https:\/\/www.korthajen.se\/#website"},"primaryImageOfPage":{"@id":"https:\/\/www.korthajen.se\/product\/charizard-base-set-4-102\/#primaryimage"},"image":{"@id":"https:\/\/www.korthajen.se\/product\/charizard-base-set-4-102\/#primaryimage"},"thumbnailUrl":"https:\/\/i0.wp.com\/www.korthajen.se\/wp-content\/uploads\/2025\/01\/5i8a4542_2048px.webp?fit=2048%2C2048&ssl=1","datePublished":"2025-01-15T07:54:45+00:00","dateModified":"2025-03-19T08:40:39+00:00","description":"Charizard base set in good condition. 4\/102.","breadcrumb":{"@id":"https:\/\/www.korthajen.se\/product\/charizard-base-set-4-102\/#breadcrumb"},"inLanguage":"en-GB","potentialAction":[{"@type":"ReadAction","target":["https:\/\/www.korthajen.se\/product\/charizard-base-set-4-102\/"]}]},{"@type":"ImageObject","inLanguage":"en-GB","@id":"https:\/\/www.korthajen.se\/product\/charizard-base-set-4-102\/#primaryimage","url":"https:\/\/i0.wp.com\/www.korthajen.se\/wp-content\/uploads\/2025\/01\/5i8a4542_2048px.webp?fit=2048%2C2048&ssl=1","contentUrl":"https:\/\/i0.wp.com\/www.korthajen.se\/wp-content\/uploads\/2025\/01\/5i8a4542_2048px.webp?fit=2048%2C2048&ssl=1","width":2048,"height":2048},{"@type":"BreadcrumbList","@id":"https:\/\/www.korthajen.se\/product\/charizard-base-set-4-102\/#breadcrumb","itemListElement":[{"@type":"ListItem","position":1,"name":"Hem","item":"https:\/\/www.korthajen.se\/"},{"@type":"ListItem","position":2,"name":"Sortiment &#8211; Allt inom samlarkort och tillbeh\u00f6r","item":"https:\/\/www.korthajen.se\/shop\/"},{"@type":"ListItem","position":3,"name":"Charizard base set 4\/102"}]},{"@type":"WebSite","@id":"https:\/\/www.korthajen.se\/#website","url":"https:\/\/www.korthajen.se\/","name":"Korthajen","description":"Hj\u00e4lper samlare, nya som gamla.","publisher":{"@id":"https:\/\/www.korthajen.se\/#organization"},"potentialAction":[{"@type":"SearchAction","target":{"@type":"EntryPoint","urlTemplate":"https:\/\/www.korthajen.se\/?s={search_term_string}"},"query-input":{"@type":"PropertyValueSpecification","valueRequired":true,"valueName":"search_term_string"}}],"inLanguage":"en-GB"},{"@type":"Organization","@id":"https:\/\/www.korthajen.se\/#organization","name":"Korthajen","url":"https:\/\/www.korthajen.se\/","logo":{"@type":"ImageObject","inLanguage":"en-GB","@id":"https:\/\/www.korthajen.se\/#\/schema\/logo\/image\/","url":"https:\/\/www.korthajen.se\/wp-content\/uploads\/2024\/12\/Korthajen-png.avif","contentUrl":"https:\/\/www.korthajen.se\/wp-content\/uploads\/2024\/12\/Korthajen-png.avif","width":2100,"height":2100,"caption":"Korthajen"},"image":{"@id":"https:\/\/www.korthajen.se\/#\/schema\/logo\/image\/"},"sameAs":["https:\/\/facebook.com\/korthajen.se","https:\/\/instagram.com\/korthajen.se"]}]}},"jetpack_publicize_connections":[],"jetpack_sharing_enabled":true,"jetpack-related-posts":[],"_links":{"self":[{"href":"https:\/\/www.korthajen.se\/en\/wp-json\/wp\/v2\/product\/1247","targetHints":{"allow":["GET"]}}],"collection":[{"href":"https:\/\/www.korthajen.se\/en\/wp-json\/wp\/v2\/product"}],"about":[{"href":"https:\/\/www.korthajen.se\/en\/wp-json\/wp\/v2\/types\/product"}],"replies":[{"embeddable":true,"href":"https:\/\/www.korthajen.se\/en\/wp-json\/wp\/v2\/comments?post=1247"}],"wp:featuredmedia":[{"embeddable":true,"href":"https:\/\/www.korthajen.se\/en\/wp-json\/wp\/v2\/media\/1245"}],"wp:attachment":[{"href":"https:\/\/www.korthajen.se\/en\/wp-json\/wp\/v2\/media?parent=1247"}],"wp:term":[{"taxonomy":"product_brand","embeddable":true,"href":"https:\/\/www.korthajen.se\/en\/wp-json\/wp\/v2\/product_brand?post=1247"},{"taxonomy":"product_cat","embeddable":true,"href":"https:\/\/www.korthajen.se\/en\/wp-json\/wp\/v2\/product_cat?post=1247"},{"taxonomy":"product_tag","embeddable":true,"href":"https:\/\/www.korthajen.se\/en\/wp-json\/wp\/v2\/product_tag?post=1247"}],"curies":[{"name":"wp","href":"https:\/\/api.w.org\/{rel}","templated":true}]}}