{"id":1271,"date":"2025-01-18T20:30:57","date_gmt":"2025-01-18T20:30:57","guid":{"rendered":"https:\/\/www.korthajen.se\/product\/pokemon-ex-battle-deck-kangaskhan-ex\/"},"modified":"2025-07-25T05:58:32","modified_gmt":"2025-07-25T05:58:32","slug":"pokemon-ex-battle-deck-kangaskhan-ex","status":"publish","type":"product","link":"https:\/\/www.korthajen.se\/en\/product\/pokemon-ex-battle-deck-kangaskhan-ex\/","title":{"rendered":"Pokemon ex Battle Deck: Kangaskhan ex"},"content":{"rendered":"<p>Pok\u00e9mon ex Battle Deck: Kangaskhan ex<\/p>\n<p>Kangaskhan ex Battle Deck \u00e4r en nyb\u00f6rjarv\u00e4nlig och actionfylld kortlek som fokuserar p\u00e5 Kangaskhan ex, en Pok\u00e9mon k\u00e4nd f\u00f6r sin h\u00f6ga HP och kraftfulla attacker. Denna kortlek \u00e4r perfekt f\u00f6r spelare som vill l\u00e4ra sig grunderna i Pok\u00e9mon TCG eller f\u00f6r dem som vill ut\u00f6ka sin samling med ett spelklart d\u00e4ck.<\/p>\n<p><strong>Inneh\u00e5ll:<\/strong><\/p>\n<p>&#8211; 1 f\u00e4rdigbyggd kortlek: 60 kort med Kangaskhan ex som huvudattraktion.<\/p>\n<p>&#8211; Foilkort:<\/p>\n<p>&#8211; 1 foilkort av Kangaskhan ex.<\/p>\n<p>&#8211; Tr\u00e4narkort och energikort: Optimerade f\u00f6r att st\u00f6dja Kangaskhan ex och skapa effektiva strategier.<\/p>\n<p>&#8211; Tillbeh\u00f6r:<\/p>\n<p>&#8211; Kortf\u00f6rvaringsl\u00e5da.<\/p>\n<p>&#8211; Skademark\u00f6rer och t\u00e4rningar.<\/p>\n<p>&#8211; Regelbok och snabbstartsguide f\u00f6r att hj\u00e4lpa nya spelare att komma ig\u00e5ng.<\/p>\n<p>&#8211; Kodkort f\u00f6r Pok\u00e9mon TCG Live.<\/p>\n<p><strong>Funktioner:<\/strong><\/p>\n<p>&#8211; Kraftfull Pok\u00e9mon ex: Kangaskhan ex erbjuder h\u00f6g uth\u00e5llighet och starka attacker som kan v\u00e4nda spelet till din f\u00f6rdel.<\/p>\n<p>&#8211; Perfekt f\u00f6r nyb\u00f6rjare: Enkel att f\u00f6rst\u00e5 och redo att spelas direkt ur f\u00f6rpackningen.<\/p>\n<p>&#8211; Strategiskt spel: Kortleken \u00e4r balanserad f\u00f6r att ge en bra blandning av attacker, support och energihantering.<\/p>\n<p><strong>Varf\u00f6r v\u00e4lja Kangaskhan ex Battle Deck?<\/strong><\/p>\n<p>&#8211; Ett l\u00e4ttillg\u00e4ngligt s\u00e4tt att b\u00f6rja spela Pok\u00e9mon TCG.<\/p>\n<p>&#8211; Ett fantastiskt till\u00e4gg f\u00f6r samlare som vill ha Kangaskhan ex i sin samling.<\/p>\n<p>&#8211; En kortlek som erbjuder roligt och strategiskt spel utan att kr\u00e4va avancerad kunskap.<\/p>\n<p>Redo att sl\u00e5ss med Kangaskhan ex och utforska Pok\u00e9mon TCG:s v\u00e4rld? B\u00f6rja h\u00e4r!<\/p>","protected":false},"excerpt":{"rendered":"<p>Pok\u00e9mon ex Battle Deck: Kangaskhan ex Kangaskhan ex Battle Deck \u00e4r en nyb\u00f6rjarv\u00e4nlig och actionfylld kortlek som fokuserar p\u00e5 Kangaskhan ex, en Pok\u00e9mon k\u00e4nd f\u00f6r sin h\u00f6ga HP och kraftfulla attacker. Denna kortlek \u00e4r perfekt f\u00f6r spelare som vill l\u00e4ra sig grunderna i Pok\u00e9mon TCG eller f\u00f6r dem som vill ut\u00f6ka sin samling med ett [&hellip;]<\/p>","protected":false},"featured_media":1274,"comment_status":"closed","ping_status":"closed","template":"","meta":{"jetpack_publicize_message":"","jetpack_publicize_feature_enabled":true,"jetpack_social_post_already_shared":true,"jetpack_social_options":{"image_generator_settings":{"template":"highway","default_image_id":0,"font":"","enabled":false},"version":2}},"product_brand":[],"product_cat":[61,38],"product_tag":[107],"class_list":{"0":"post-1271","1":"product","2":"type-product","3":"status-publish","4":"has-post-thumbnail","6":"product_cat-bundles-etbs","7":"product_cat-pokemon","8":"product_tag-ex","10":"first","11":"instock","12":"sale","13":"taxable","14":"shipping-taxable","15":"purchasable","16":"product-type-simple"},"yoast_head":"<!-- This site is optimized with the Yoast SEO plugin v26.2 - https:\/\/yoast.com\/wordpress\/plugins\/seo\/ -->\n<title>Pokemon ex Battle Deck: Kangaskhan ex - Korthajen<\/title>\n<meta name=\"robots\" content=\"index, follow, max-snippet:-1, max-image-preview:large, max-video-preview:-1\" \/>\n<link rel=\"canonical\" href=\"https:\/\/www.korthajen.se\/en\/product\/pokemon-ex-battle-deck-kangaskhan-ex\/\" \/>\n<meta property=\"og:locale\" content=\"en_GB\" \/>\n<meta property=\"og:type\" content=\"article\" \/>\n<meta property=\"og:title\" content=\"Pokemon ex Battle Deck: Kangaskhan ex - Korthajen\" \/>\n<meta property=\"og:description\" content=\"Pok\u00e9mon ex Battle Deck: Kangaskhan ex Kangaskhan ex Battle Deck \u00e4r en nyb\u00f6rjarv\u00e4nlig och actionfylld kortlek som fokuserar p\u00e5 Kangaskhan ex, en Pok\u00e9mon k\u00e4nd f\u00f6r sin h\u00f6ga HP och kraftfulla attacker. Denna kortlek \u00e4r perfekt f\u00f6r spelare som vill l\u00e4ra sig grunderna i Pok\u00e9mon TCG eller f\u00f6r dem som vill ut\u00f6ka sin samling med ett [&hellip;]\" \/>\n<meta property=\"og:url\" content=\"https:\/\/www.korthajen.se\/en\/product\/pokemon-ex-battle-deck-kangaskhan-ex\/\" \/>\n<meta property=\"og:site_name\" content=\"Korthajen\" \/>\n<meta property=\"article:publisher\" content=\"https:\/\/facebook.com\/korthajen.se\" \/>\n<meta property=\"article:modified_time\" content=\"2025-07-25T05:58:32+00:00\" \/>\n<meta property=\"og:image\" content=\"https:\/\/www.korthajen.se\/wp-content\/uploads\/2025\/01\/5I8A4574_2048px.webp\" \/>\n\t<meta property=\"og:image:width\" content=\"2048\" \/>\n\t<meta property=\"og:image:height\" content=\"2048\" \/>\n\t<meta property=\"og:image:type\" content=\"image\/jpeg\" \/>\n<meta name=\"twitter:card\" content=\"summary_large_image\" \/>\n<meta name=\"twitter:label1\" content=\"Estimated reading time\" \/>\n\t<meta name=\"twitter:data1\" content=\"2 minutes\" \/>\n<script type=\"application\/ld+json\" class=\"yoast-schema-graph\">{\"@context\":\"https:\/\/schema.org\",\"@graph\":[{\"@type\":\"WebPage\",\"@id\":\"https:\/\/www.korthajen.se\/product\/pokemon-ex-battle-deck-kangaskhan-ex\/\",\"url\":\"https:\/\/www.korthajen.se\/product\/pokemon-ex-battle-deck-kangaskhan-ex\/\",\"name\":\"Pokemon ex Battle Deck: Kangaskhan ex - Korthajen\",\"isPartOf\":{\"@id\":\"https:\/\/www.korthajen.se\/#website\"},\"primaryImageOfPage\":{\"@id\":\"https:\/\/www.korthajen.se\/product\/pokemon-ex-battle-deck-kangaskhan-ex\/#primaryimage\"},\"image\":{\"@id\":\"https:\/\/www.korthajen.se\/product\/pokemon-ex-battle-deck-kangaskhan-ex\/#primaryimage\"},\"thumbnailUrl\":\"https:\/\/i0.wp.com\/www.korthajen.se\/wp-content\/uploads\/2025\/01\/5I8A4574_2048px.webp?fit=2048%2C2048&ssl=1\",\"datePublished\":\"2025-01-18T20:30:57+00:00\",\"dateModified\":\"2025-07-25T05:58:32+00:00\",\"breadcrumb\":{\"@id\":\"https:\/\/www.korthajen.se\/product\/pokemon-ex-battle-deck-kangaskhan-ex\/#breadcrumb\"},\"inLanguage\":\"en-GB\",\"potentialAction\":[{\"@type\":\"ReadAction\",\"target\":[\"https:\/\/www.korthajen.se\/product\/pokemon-ex-battle-deck-kangaskhan-ex\/\"]}]},{\"@type\":\"ImageObject\",\"inLanguage\":\"en-GB\",\"@id\":\"https:\/\/www.korthajen.se\/product\/pokemon-ex-battle-deck-kangaskhan-ex\/#primaryimage\",\"url\":\"https:\/\/i0.wp.com\/www.korthajen.se\/wp-content\/uploads\/2025\/01\/5I8A4574_2048px.webp?fit=2048%2C2048&ssl=1\",\"contentUrl\":\"https:\/\/i0.wp.com\/www.korthajen.se\/wp-content\/uploads\/2025\/01\/5I8A4574_2048px.webp?fit=2048%2C2048&ssl=1\",\"width\":2048,\"height\":2048},{\"@type\":\"BreadcrumbList\",\"@id\":\"https:\/\/www.korthajen.se\/product\/pokemon-ex-battle-deck-kangaskhan-ex\/#breadcrumb\",\"itemListElement\":[{\"@type\":\"ListItem\",\"position\":1,\"name\":\"Hem\",\"item\":\"https:\/\/www.korthajen.se\/\"},{\"@type\":\"ListItem\",\"position\":2,\"name\":\"Sortiment &#8211; Allt inom samlarkort och tillbeh\u00f6r\",\"item\":\"https:\/\/www.korthajen.se\/shop\/\"},{\"@type\":\"ListItem\",\"position\":3,\"name\":\"Pokemon ex Battle Deck: Kangaskhan ex\"}]},{\"@type\":\"WebSite\",\"@id\":\"https:\/\/www.korthajen.se\/#website\",\"url\":\"https:\/\/www.korthajen.se\/\",\"name\":\"Korthajen\",\"description\":\"Hj\u00e4lper samlare, nya som gamla.\",\"publisher\":{\"@id\":\"https:\/\/www.korthajen.se\/#organization\"},\"potentialAction\":[{\"@type\":\"SearchAction\",\"target\":{\"@type\":\"EntryPoint\",\"urlTemplate\":\"https:\/\/www.korthajen.se\/?s={search_term_string}\"},\"query-input\":{\"@type\":\"PropertyValueSpecification\",\"valueRequired\":true,\"valueName\":\"search_term_string\"}}],\"inLanguage\":\"en-GB\"},{\"@type\":\"Organization\",\"@id\":\"https:\/\/www.korthajen.se\/#organization\",\"name\":\"Korthajen\",\"url\":\"https:\/\/www.korthajen.se\/\",\"logo\":{\"@type\":\"ImageObject\",\"inLanguage\":\"en-GB\",\"@id\":\"https:\/\/www.korthajen.se\/#\/schema\/logo\/image\/\",\"url\":\"https:\/\/www.korthajen.se\/wp-content\/uploads\/2024\/12\/Korthajen-png.avif\",\"contentUrl\":\"https:\/\/www.korthajen.se\/wp-content\/uploads\/2024\/12\/Korthajen-png.avif\",\"width\":2100,\"height\":2100,\"caption\":\"Korthajen\"},\"image\":{\"@id\":\"https:\/\/www.korthajen.se\/#\/schema\/logo\/image\/\"},\"sameAs\":[\"https:\/\/facebook.com\/korthajen.se\",\"https:\/\/instagram.com\/korthajen.se\"]}]}<\/script>\n<!-- \/ Yoast SEO plugin. -->","yoast_head_json":{"title":"Pokemon ex Battle Deck: Kangaskhan ex - Korthajen","robots":{"index":"index","follow":"follow","max-snippet":"max-snippet:-1","max-image-preview":"max-image-preview:large","max-video-preview":"max-video-preview:-1"},"canonical":"https:\/\/www.korthajen.se\/en\/product\/pokemon-ex-battle-deck-kangaskhan-ex\/","og_locale":"en_GB","og_type":"article","og_title":"Pokemon ex Battle Deck: Kangaskhan ex - Korthajen","og_description":"Pok\u00e9mon ex Battle Deck: Kangaskhan ex Kangaskhan ex Battle Deck \u00e4r en nyb\u00f6rjarv\u00e4nlig och actionfylld kortlek som fokuserar p\u00e5 Kangaskhan ex, en Pok\u00e9mon k\u00e4nd f\u00f6r sin h\u00f6ga HP och kraftfulla attacker. Denna kortlek \u00e4r perfekt f\u00f6r spelare som vill l\u00e4ra sig grunderna i Pok\u00e9mon TCG eller f\u00f6r dem som vill ut\u00f6ka sin samling med ett [&hellip;]","og_url":"https:\/\/www.korthajen.se\/en\/product\/pokemon-ex-battle-deck-kangaskhan-ex\/","og_site_name":"Korthajen","article_publisher":"https:\/\/facebook.com\/korthajen.se","article_modified_time":"2025-07-25T05:58:32+00:00","og_image":[{"width":2048,"height":2048,"url":"https:\/\/www.korthajen.se\/wp-content\/uploads\/2025\/01\/5I8A4574_2048px.webp","type":"image\/jpeg"}],"twitter_card":"summary_large_image","twitter_misc":{"Estimated reading time":"2 minutes"},"schema":{"@context":"https:\/\/schema.org","@graph":[{"@type":"WebPage","@id":"https:\/\/www.korthajen.se\/product\/pokemon-ex-battle-deck-kangaskhan-ex\/","url":"https:\/\/www.korthajen.se\/product\/pokemon-ex-battle-deck-kangaskhan-ex\/","name":"Pokemon ex Battle Deck: Kangaskhan ex - Korthajen","isPartOf":{"@id":"https:\/\/www.korthajen.se\/#website"},"primaryImageOfPage":{"@id":"https:\/\/www.korthajen.se\/product\/pokemon-ex-battle-deck-kangaskhan-ex\/#primaryimage"},"image":{"@id":"https:\/\/www.korthajen.se\/product\/pokemon-ex-battle-deck-kangaskhan-ex\/#primaryimage"},"thumbnailUrl":"https:\/\/i0.wp.com\/www.korthajen.se\/wp-content\/uploads\/2025\/01\/5I8A4574_2048px.webp?fit=2048%2C2048&ssl=1","datePublished":"2025-01-18T20:30:57+00:00","dateModified":"2025-07-25T05:58:32+00:00","breadcrumb":{"@id":"https:\/\/www.korthajen.se\/product\/pokemon-ex-battle-deck-kangaskhan-ex\/#breadcrumb"},"inLanguage":"en-GB","potentialAction":[{"@type":"ReadAction","target":["https:\/\/www.korthajen.se\/product\/pokemon-ex-battle-deck-kangaskhan-ex\/"]}]},{"@type":"ImageObject","inLanguage":"en-GB","@id":"https:\/\/www.korthajen.se\/product\/pokemon-ex-battle-deck-kangaskhan-ex\/#primaryimage","url":"https:\/\/i0.wp.com\/www.korthajen.se\/wp-content\/uploads\/2025\/01\/5I8A4574_2048px.webp?fit=2048%2C2048&ssl=1","contentUrl":"https:\/\/i0.wp.com\/www.korthajen.se\/wp-content\/uploads\/2025\/01\/5I8A4574_2048px.webp?fit=2048%2C2048&ssl=1","width":2048,"height":2048},{"@type":"BreadcrumbList","@id":"https:\/\/www.korthajen.se\/product\/pokemon-ex-battle-deck-kangaskhan-ex\/#breadcrumb","itemListElement":[{"@type":"ListItem","position":1,"name":"Hem","item":"https:\/\/www.korthajen.se\/"},{"@type":"ListItem","position":2,"name":"Sortiment &#8211; Allt inom samlarkort och tillbeh\u00f6r","item":"https:\/\/www.korthajen.se\/shop\/"},{"@type":"ListItem","position":3,"name":"Pokemon ex Battle Deck: Kangaskhan ex"}]},{"@type":"WebSite","@id":"https:\/\/www.korthajen.se\/#website","url":"https:\/\/www.korthajen.se\/","name":"Korthajen","description":"Hj\u00e4lper samlare, nya som gamla.","publisher":{"@id":"https:\/\/www.korthajen.se\/#organization"},"potentialAction":[{"@type":"SearchAction","target":{"@type":"EntryPoint","urlTemplate":"https:\/\/www.korthajen.se\/?s={search_term_string}"},"query-input":{"@type":"PropertyValueSpecification","valueRequired":true,"valueName":"search_term_string"}}],"inLanguage":"en-GB"},{"@type":"Organization","@id":"https:\/\/www.korthajen.se\/#organization","name":"Korthajen","url":"https:\/\/www.korthajen.se\/","logo":{"@type":"ImageObject","inLanguage":"en-GB","@id":"https:\/\/www.korthajen.se\/#\/schema\/logo\/image\/","url":"https:\/\/www.korthajen.se\/wp-content\/uploads\/2024\/12\/Korthajen-png.avif","contentUrl":"https:\/\/www.korthajen.se\/wp-content\/uploads\/2024\/12\/Korthajen-png.avif","width":2100,"height":2100,"caption":"Korthajen"},"image":{"@id":"https:\/\/www.korthajen.se\/#\/schema\/logo\/image\/"},"sameAs":["https:\/\/facebook.com\/korthajen.se","https:\/\/instagram.com\/korthajen.se"]}]}},"jetpack_publicize_connections":[],"jetpack_sharing_enabled":true,"jetpack-related-posts":[],"_links":{"self":[{"href":"https:\/\/www.korthajen.se\/en\/wp-json\/wp\/v2\/product\/1271","targetHints":{"allow":["GET"]}}],"collection":[{"href":"https:\/\/www.korthajen.se\/en\/wp-json\/wp\/v2\/product"}],"about":[{"href":"https:\/\/www.korthajen.se\/en\/wp-json\/wp\/v2\/types\/product"}],"replies":[{"embeddable":true,"href":"https:\/\/www.korthajen.se\/en\/wp-json\/wp\/v2\/comments?post=1271"}],"wp:featuredmedia":[{"embeddable":true,"href":"https:\/\/www.korthajen.se\/en\/wp-json\/wp\/v2\/media\/1274"}],"wp:attachment":[{"href":"https:\/\/www.korthajen.se\/en\/wp-json\/wp\/v2\/media?parent=1271"}],"wp:term":[{"taxonomy":"product_brand","embeddable":true,"href":"https:\/\/www.korthajen.se\/en\/wp-json\/wp\/v2\/product_brand?post=1271"},{"taxonomy":"product_cat","embeddable":true,"href":"https:\/\/www.korthajen.se\/en\/wp-json\/wp\/v2\/product_cat?post=1271"},{"taxonomy":"product_tag","embeddable":true,"href":"https:\/\/www.korthajen.se\/en\/wp-json\/wp\/v2\/product_tag?post=1271"}],"curies":[{"name":"wp","href":"https:\/\/api.w.org\/{rel}","templated":true}]}}