{"id":1289,"date":"2025-01-19T14:59:11","date_gmt":"2025-01-19T14:59:11","guid":{"rendered":"https:\/\/www.korthajen.se\/product\/build-battle-prerelease-deck-swsh10-sword-shield-astral-radiance-hisuian-basculegion\/"},"modified":"2025-01-26T16:04:45","modified_gmt":"2025-01-26T16:04:45","slug":"build-battle-prerelease-deck-swsh10-sword-shield-astral-radiance-hisuian-basculegion","status":"publish","type":"product","link":"https:\/\/www.korthajen.se\/en\/product\/build-battle-prerelease-deck-swsh10-sword-shield-astral-radiance-hisuian-basculegion\/","title":{"rendered":"Build &#038; Battle Prerelease Deck &#8211; SWSH10 &#8211; Sword &#038; Shield: Astral Radiance: Hisuian Basculegion"},"content":{"rendered":"<p>Pok\u00e9mon Build &amp; Battle Prerelease Deck \u2013 Sword &amp; Shield: Astral Radiance \u2013 Hisuian Basculegion<\/p>\n<p>Bygg och sl\u00e5ss med stil i Pok\u00e9mon TCG med detta sp\u00e4nnande Build &amp; Battle Prerelease Deck fr\u00e5n *Sword &amp; Shield: Astral Radiance*! Med Hisuian Basculegion som huvudkort f\u00e5r du ett starkt och balanserat startpaket f\u00f6r att snabbt komma ig\u00e5ng med spelet, antingen under ett prerelease-evenemang eller hemma med v\u00e4nner.<\/p>\n<p>Inneh\u00e5ll:<\/p>\n<p>&#8211; 1 f\u00e4rdigbyggd lek med 40 kort: Baserad p\u00e5 Hisuian Basculegion och anpassad f\u00f6r att ge dig en konkurrenskraftig start.<\/p>\n<p>F\u00f6rdelar:<\/p>\n<p>&#8211; Perfekt f\u00f6r turneringar: Build &amp; Battle-d\u00e4ck \u00e4r designade f\u00f6r att anv\u00e4ndas i korta och intensiva t\u00e4vlingar d\u00e4r spelarna bygger sina lekar med det medf\u00f6ljande inneh\u00e5llet.<\/p>\n<p>&#8211; Flexibilitet och strategi: Hisuian Basculegion erbjuder unika vattenbaserade attacker som kan \u00f6verraska motst\u00e5ndare.<\/p>\n<p>Passar f\u00f6r:<\/p>\n<p>&#8211; Spelare som vill delta i prerelease-evenemang eller bygga en snabb och smidig kortlek.<\/p>\n<p>&#8211; Nyb\u00f6rjare som beh\u00f6ver ett enkelt och f\u00e4rdigbyggt startpaket.<\/p>\n<p>F\u00e5nga andan av *Astral Radiance* med detta f\u00e4rdiga kortpaket, bygg din strategi och dominera slagf\u00e4ltet med Hisuian Basculegion som din allierade!<\/p>","protected":false},"excerpt":{"rendered":"<p>Bygg och sl\u00e5ss med stil i Pok\u00e9mon TCG med detta sp\u00e4nnande Build &amp; Battle Prerelease Deck fr\u00e5n *Sword &amp; Shield: Astral Radiance*! Med Hisuian Basculegion som huvudkort f\u00e5r du ett starkt och balanserat startpaket f\u00f6r att snabbt komma ig\u00e5ng med spelet, antingen under ett prerelease-evenemang eller hemma med v\u00e4nner.<\/p>","protected":false},"featured_media":1300,"comment_status":"closed","ping_status":"closed","template":"","meta":{"jetpack_publicize_message":"","jetpack_publicize_feature_enabled":true,"jetpack_social_post_already_shared":true,"jetpack_social_options":{"image_generator_settings":{"template":"highway","default_image_id":0,"font":"","enabled":false},"version":2}},"product_brand":[],"product_cat":[61,38],"product_tag":[],"class_list":{"0":"post-1289","1":"product","2":"type-product","3":"status-publish","4":"has-post-thumbnail","6":"product_cat-bundles-etbs","7":"product_cat-pokemon","9":"first","10":"instock","11":"sale","12":"taxable","13":"shipping-taxable","14":"purchasable","15":"product-type-simple"},"yoast_head":"<!-- This site is optimized with the Yoast SEO plugin v26.2 - https:\/\/yoast.com\/wordpress\/plugins\/seo\/ -->\n<title>Build &amp; Battle Prerelease Deck - SWSH10 - Sword &amp; Shield: Astral Radiance: Hisuian Basculegion - Korthajen<\/title>\n<meta name=\"description\" content=\"Bygg och sl\u00e5ss med stil i Pok\u00e9mon TCG med detta sp\u00e4nnande Build &amp; Battle Prerelease Deck fr\u00e5n *Sword &amp; Shield: Astral Radiance*! Med Hisuian Basculegion som huvudkort f\u00e5r du ett starkt och balanserat startpaket f\u00f6r att snabbt komma ig\u00e5ng med spelet, antingen under ett prerelease-evenemang eller hemma med v\u00e4nner.\" \/>\n<meta name=\"robots\" content=\"index, follow, max-snippet:-1, max-image-preview:large, max-video-preview:-1\" \/>\n<link rel=\"canonical\" href=\"https:\/\/www.korthajen.se\/en\/product\/build-battle-prerelease-deck-swsh10-sword-shield-astral-radiance-hisuian-basculegion\/\" \/>\n<meta property=\"og:locale\" content=\"en_GB\" \/>\n<meta property=\"og:type\" content=\"article\" \/>\n<meta property=\"og:title\" content=\"Build &amp; Battle Prerelease Deck - SWSH10 - Sword &amp; Shield: Astral Radiance: Hisuian Basculegion - Korthajen\" \/>\n<meta property=\"og:description\" content=\"Bygg och sl\u00e5ss med stil i Pok\u00e9mon TCG med detta sp\u00e4nnande Build &amp; Battle Prerelease Deck fr\u00e5n *Sword &amp; Shield: Astral Radiance*! Med Hisuian Basculegion som huvudkort f\u00e5r du ett starkt och balanserat startpaket f\u00f6r att snabbt komma ig\u00e5ng med spelet, antingen under ett prerelease-evenemang eller hemma med v\u00e4nner.\" \/>\n<meta property=\"og:url\" content=\"https:\/\/www.korthajen.se\/en\/product\/build-battle-prerelease-deck-swsh10-sword-shield-astral-radiance-hisuian-basculegion\/\" \/>\n<meta property=\"og:site_name\" content=\"Korthajen\" \/>\n<meta property=\"article:publisher\" content=\"https:\/\/facebook.com\/korthajen.se\" \/>\n<meta property=\"article:modified_time\" content=\"2025-01-26T16:04:45+00:00\" \/>\n<meta property=\"og:image\" content=\"https:\/\/www.korthajen.se\/wp-content\/uploads\/2025\/01\/5I8A4576_2048px.webp\" \/>\n\t<meta property=\"og:image:width\" content=\"2048\" \/>\n\t<meta property=\"og:image:height\" content=\"2048\" \/>\n\t<meta property=\"og:image:type\" content=\"image\/jpeg\" \/>\n<meta name=\"twitter:card\" content=\"summary_large_image\" \/>\n<meta name=\"twitter:label1\" content=\"Estimated reading time\" \/>\n\t<meta name=\"twitter:data1\" content=\"2 minutes\" \/>\n<script type=\"application\/ld+json\" class=\"yoast-schema-graph\">{\"@context\":\"https:\/\/schema.org\",\"@graph\":[{\"@type\":\"WebPage\",\"@id\":\"https:\/\/www.korthajen.se\/product\/build-battle-prerelease-deck-swsh10-sword-shield-astral-radiance-hisuian-basculegion\/\",\"url\":\"https:\/\/www.korthajen.se\/product\/build-battle-prerelease-deck-swsh10-sword-shield-astral-radiance-hisuian-basculegion\/\",\"name\":\"Build & Battle Prerelease Deck - SWSH10 - Sword & Shield: Astral Radiance: Hisuian Basculegion - Korthajen\",\"isPartOf\":{\"@id\":\"https:\/\/www.korthajen.se\/#website\"},\"primaryImageOfPage\":{\"@id\":\"https:\/\/www.korthajen.se\/product\/build-battle-prerelease-deck-swsh10-sword-shield-astral-radiance-hisuian-basculegion\/#primaryimage\"},\"image\":{\"@id\":\"https:\/\/www.korthajen.se\/product\/build-battle-prerelease-deck-swsh10-sword-shield-astral-radiance-hisuian-basculegion\/#primaryimage\"},\"thumbnailUrl\":\"https:\/\/i0.wp.com\/www.korthajen.se\/wp-content\/uploads\/2025\/01\/5I8A4576_2048px.webp?fit=2048%2C2048&ssl=1\",\"datePublished\":\"2025-01-19T14:59:11+00:00\",\"dateModified\":\"2025-01-26T16:04:45+00:00\",\"description\":\"Bygg och sl\u00e5ss med stil i Pok\u00e9mon TCG med detta sp\u00e4nnande Build & Battle Prerelease Deck fr\u00e5n *Sword & Shield: Astral Radiance*! Med Hisuian Basculegion som huvudkort f\u00e5r du ett starkt och balanserat startpaket f\u00f6r att snabbt komma ig\u00e5ng med spelet, antingen under ett prerelease-evenemang eller hemma med v\u00e4nner.\",\"breadcrumb\":{\"@id\":\"https:\/\/www.korthajen.se\/product\/build-battle-prerelease-deck-swsh10-sword-shield-astral-radiance-hisuian-basculegion\/#breadcrumb\"},\"inLanguage\":\"en-GB\",\"potentialAction\":[{\"@type\":\"ReadAction\",\"target\":[\"https:\/\/www.korthajen.se\/product\/build-battle-prerelease-deck-swsh10-sword-shield-astral-radiance-hisuian-basculegion\/\"]}]},{\"@type\":\"ImageObject\",\"inLanguage\":\"en-GB\",\"@id\":\"https:\/\/www.korthajen.se\/product\/build-battle-prerelease-deck-swsh10-sword-shield-astral-radiance-hisuian-basculegion\/#primaryimage\",\"url\":\"https:\/\/i0.wp.com\/www.korthajen.se\/wp-content\/uploads\/2025\/01\/5I8A4576_2048px.webp?fit=2048%2C2048&ssl=1\",\"contentUrl\":\"https:\/\/i0.wp.com\/www.korthajen.se\/wp-content\/uploads\/2025\/01\/5I8A4576_2048px.webp?fit=2048%2C2048&ssl=1\",\"width\":2048,\"height\":2048},{\"@type\":\"BreadcrumbList\",\"@id\":\"https:\/\/www.korthajen.se\/product\/build-battle-prerelease-deck-swsh10-sword-shield-astral-radiance-hisuian-basculegion\/#breadcrumb\",\"itemListElement\":[{\"@type\":\"ListItem\",\"position\":1,\"name\":\"Hem\",\"item\":\"https:\/\/www.korthajen.se\/\"},{\"@type\":\"ListItem\",\"position\":2,\"name\":\"Sortiment &#8211; Allt inom samlarkort och tillbeh\u00f6r\",\"item\":\"https:\/\/www.korthajen.se\/shop\/\"},{\"@type\":\"ListItem\",\"position\":3,\"name\":\"Build &#038; Battle Prerelease Deck &#8211; SWSH10 &#8211; Sword &#038; Shield: Astral Radiance: Hisuian Basculegion\"}]},{\"@type\":\"WebSite\",\"@id\":\"https:\/\/www.korthajen.se\/#website\",\"url\":\"https:\/\/www.korthajen.se\/\",\"name\":\"Korthajen\",\"description\":\"Hj\u00e4lper samlare, nya som gamla.\",\"publisher\":{\"@id\":\"https:\/\/www.korthajen.se\/#organization\"},\"potentialAction\":[{\"@type\":\"SearchAction\",\"target\":{\"@type\":\"EntryPoint\",\"urlTemplate\":\"https:\/\/www.korthajen.se\/?s={search_term_string}\"},\"query-input\":{\"@type\":\"PropertyValueSpecification\",\"valueRequired\":true,\"valueName\":\"search_term_string\"}}],\"inLanguage\":\"en-GB\"},{\"@type\":\"Organization\",\"@id\":\"https:\/\/www.korthajen.se\/#organization\",\"name\":\"Korthajen\",\"url\":\"https:\/\/www.korthajen.se\/\",\"logo\":{\"@type\":\"ImageObject\",\"inLanguage\":\"en-GB\",\"@id\":\"https:\/\/www.korthajen.se\/#\/schema\/logo\/image\/\",\"url\":\"https:\/\/www.korthajen.se\/wp-content\/uploads\/2024\/12\/Korthajen-png.avif\",\"contentUrl\":\"https:\/\/www.korthajen.se\/wp-content\/uploads\/2024\/12\/Korthajen-png.avif\",\"width\":2100,\"height\":2100,\"caption\":\"Korthajen\"},\"image\":{\"@id\":\"https:\/\/www.korthajen.se\/#\/schema\/logo\/image\/\"},\"sameAs\":[\"https:\/\/facebook.com\/korthajen.se\",\"https:\/\/instagram.com\/korthajen.se\"]}]}<\/script>\n<!-- \/ Yoast SEO plugin. -->","yoast_head_json":{"title":"Build & Battle Prerelease Deck - SWSH10 - Sword & Shield: Astral Radiance: Hisuian Basculegion - Korthajen","description":"Bygg och sl\u00e5ss med stil i Pok\u00e9mon TCG med detta sp\u00e4nnande Build & Battle Prerelease Deck fr\u00e5n *Sword & Shield: Astral Radiance*! Med Hisuian Basculegion som huvudkort f\u00e5r du ett starkt och balanserat startpaket f\u00f6r att snabbt komma ig\u00e5ng med spelet, antingen under ett prerelease-evenemang eller hemma med v\u00e4nner.","robots":{"index":"index","follow":"follow","max-snippet":"max-snippet:-1","max-image-preview":"max-image-preview:large","max-video-preview":"max-video-preview:-1"},"canonical":"https:\/\/www.korthajen.se\/en\/product\/build-battle-prerelease-deck-swsh10-sword-shield-astral-radiance-hisuian-basculegion\/","og_locale":"en_GB","og_type":"article","og_title":"Build & Battle Prerelease Deck - SWSH10 - Sword & Shield: Astral Radiance: Hisuian Basculegion - Korthajen","og_description":"Bygg och sl\u00e5ss med stil i Pok\u00e9mon TCG med detta sp\u00e4nnande Build & Battle Prerelease Deck fr\u00e5n *Sword & Shield: Astral Radiance*! Med Hisuian Basculegion som huvudkort f\u00e5r du ett starkt och balanserat startpaket f\u00f6r att snabbt komma ig\u00e5ng med spelet, antingen under ett prerelease-evenemang eller hemma med v\u00e4nner.","og_url":"https:\/\/www.korthajen.se\/en\/product\/build-battle-prerelease-deck-swsh10-sword-shield-astral-radiance-hisuian-basculegion\/","og_site_name":"Korthajen","article_publisher":"https:\/\/facebook.com\/korthajen.se","article_modified_time":"2025-01-26T16:04:45+00:00","og_image":[{"width":2048,"height":2048,"url":"https:\/\/www.korthajen.se\/wp-content\/uploads\/2025\/01\/5I8A4576_2048px.webp","type":"image\/jpeg"}],"twitter_card":"summary_large_image","twitter_misc":{"Estimated reading time":"2 minutes"},"schema":{"@context":"https:\/\/schema.org","@graph":[{"@type":"WebPage","@id":"https:\/\/www.korthajen.se\/product\/build-battle-prerelease-deck-swsh10-sword-shield-astral-radiance-hisuian-basculegion\/","url":"https:\/\/www.korthajen.se\/product\/build-battle-prerelease-deck-swsh10-sword-shield-astral-radiance-hisuian-basculegion\/","name":"Build & Battle Prerelease Deck - SWSH10 - Sword & Shield: Astral Radiance: Hisuian Basculegion - Korthajen","isPartOf":{"@id":"https:\/\/www.korthajen.se\/#website"},"primaryImageOfPage":{"@id":"https:\/\/www.korthajen.se\/product\/build-battle-prerelease-deck-swsh10-sword-shield-astral-radiance-hisuian-basculegion\/#primaryimage"},"image":{"@id":"https:\/\/www.korthajen.se\/product\/build-battle-prerelease-deck-swsh10-sword-shield-astral-radiance-hisuian-basculegion\/#primaryimage"},"thumbnailUrl":"https:\/\/i0.wp.com\/www.korthajen.se\/wp-content\/uploads\/2025\/01\/5I8A4576_2048px.webp?fit=2048%2C2048&ssl=1","datePublished":"2025-01-19T14:59:11+00:00","dateModified":"2025-01-26T16:04:45+00:00","description":"Bygg och sl\u00e5ss med stil i Pok\u00e9mon TCG med detta sp\u00e4nnande Build & Battle Prerelease Deck fr\u00e5n *Sword & Shield: Astral Radiance*! Med Hisuian Basculegion som huvudkort f\u00e5r du ett starkt och balanserat startpaket f\u00f6r att snabbt komma ig\u00e5ng med spelet, antingen under ett prerelease-evenemang eller hemma med v\u00e4nner.","breadcrumb":{"@id":"https:\/\/www.korthajen.se\/product\/build-battle-prerelease-deck-swsh10-sword-shield-astral-radiance-hisuian-basculegion\/#breadcrumb"},"inLanguage":"en-GB","potentialAction":[{"@type":"ReadAction","target":["https:\/\/www.korthajen.se\/product\/build-battle-prerelease-deck-swsh10-sword-shield-astral-radiance-hisuian-basculegion\/"]}]},{"@type":"ImageObject","inLanguage":"en-GB","@id":"https:\/\/www.korthajen.se\/product\/build-battle-prerelease-deck-swsh10-sword-shield-astral-radiance-hisuian-basculegion\/#primaryimage","url":"https:\/\/i0.wp.com\/www.korthajen.se\/wp-content\/uploads\/2025\/01\/5I8A4576_2048px.webp?fit=2048%2C2048&ssl=1","contentUrl":"https:\/\/i0.wp.com\/www.korthajen.se\/wp-content\/uploads\/2025\/01\/5I8A4576_2048px.webp?fit=2048%2C2048&ssl=1","width":2048,"height":2048},{"@type":"BreadcrumbList","@id":"https:\/\/www.korthajen.se\/product\/build-battle-prerelease-deck-swsh10-sword-shield-astral-radiance-hisuian-basculegion\/#breadcrumb","itemListElement":[{"@type":"ListItem","position":1,"name":"Hem","item":"https:\/\/www.korthajen.se\/"},{"@type":"ListItem","position":2,"name":"Sortiment &#8211; Allt inom samlarkort och tillbeh\u00f6r","item":"https:\/\/www.korthajen.se\/shop\/"},{"@type":"ListItem","position":3,"name":"Build &#038; Battle Prerelease Deck &#8211; SWSH10 &#8211; Sword &#038; Shield: Astral Radiance: Hisuian Basculegion"}]},{"@type":"WebSite","@id":"https:\/\/www.korthajen.se\/#website","url":"https:\/\/www.korthajen.se\/","name":"Korthajen","description":"Hj\u00e4lper samlare, nya som gamla.","publisher":{"@id":"https:\/\/www.korthajen.se\/#organization"},"potentialAction":[{"@type":"SearchAction","target":{"@type":"EntryPoint","urlTemplate":"https:\/\/www.korthajen.se\/?s={search_term_string}"},"query-input":{"@type":"PropertyValueSpecification","valueRequired":true,"valueName":"search_term_string"}}],"inLanguage":"en-GB"},{"@type":"Organization","@id":"https:\/\/www.korthajen.se\/#organization","name":"Korthajen","url":"https:\/\/www.korthajen.se\/","logo":{"@type":"ImageObject","inLanguage":"en-GB","@id":"https:\/\/www.korthajen.se\/#\/schema\/logo\/image\/","url":"https:\/\/www.korthajen.se\/wp-content\/uploads\/2024\/12\/Korthajen-png.avif","contentUrl":"https:\/\/www.korthajen.se\/wp-content\/uploads\/2024\/12\/Korthajen-png.avif","width":2100,"height":2100,"caption":"Korthajen"},"image":{"@id":"https:\/\/www.korthajen.se\/#\/schema\/logo\/image\/"},"sameAs":["https:\/\/facebook.com\/korthajen.se","https:\/\/instagram.com\/korthajen.se"]}]}},"jetpack_publicize_connections":[],"jetpack_sharing_enabled":true,"jetpack-related-posts":[],"_links":{"self":[{"href":"https:\/\/www.korthajen.se\/en\/wp-json\/wp\/v2\/product\/1289","targetHints":{"allow":["GET"]}}],"collection":[{"href":"https:\/\/www.korthajen.se\/en\/wp-json\/wp\/v2\/product"}],"about":[{"href":"https:\/\/www.korthajen.se\/en\/wp-json\/wp\/v2\/types\/product"}],"replies":[{"embeddable":true,"href":"https:\/\/www.korthajen.se\/en\/wp-json\/wp\/v2\/comments?post=1289"}],"wp:featuredmedia":[{"embeddable":true,"href":"https:\/\/www.korthajen.se\/en\/wp-json\/wp\/v2\/media\/1300"}],"wp:attachment":[{"href":"https:\/\/www.korthajen.se\/en\/wp-json\/wp\/v2\/media?parent=1289"}],"wp:term":[{"taxonomy":"product_brand","embeddable":true,"href":"https:\/\/www.korthajen.se\/en\/wp-json\/wp\/v2\/product_brand?post=1289"},{"taxonomy":"product_cat","embeddable":true,"href":"https:\/\/www.korthajen.se\/en\/wp-json\/wp\/v2\/product_cat?post=1289"},{"taxonomy":"product_tag","embeddable":true,"href":"https:\/\/www.korthajen.se\/en\/wp-json\/wp\/v2\/product_tag?post=1289"}],"curies":[{"name":"wp","href":"https:\/\/api.w.org\/{rel}","templated":true}]}}