{"id":1437,"date":"2025-01-27T17:28:05","date_gmt":"2025-01-27T17:28:05","guid":{"rendered":"https:\/\/www.korthajen.se\/?post_type=product&#038;p=1437"},"modified":"2025-07-18T19:43:21","modified_gmt":"2025-07-18T19:43:21","slug":"booster-bukett","status":"publish","type":"product","link":"https:\/\/www.korthajen.se\/en\/product\/booster-bukett\/","title":{"rendered":"Booster-bukett"},"content":{"rendered":"<h4>***Alla hj\u00e4rtans dag-special! Vill du k\u00f6pa n\u00e5got roligare \u00e4n &#8221;bara&#8221; blommor? Kombinera v\u00e5rt booster-paket med n\u00e5gra grillpinnar och en blomsterkvast s\u00e5 har du en present som kommer f\u00e5 din n\u00f6rd-partners kompisar att drypa av avundsjuka.***<\/h4>\n<h4>Booster-bukett\u2013 Den perfekta presenten f\u00f6r Pok\u00e9mon-fans!<\/h4>\n<p>Letar du efter en present till n\u00e5gon som \u00e4lskar Pok\u00e9mon, men k\u00e4nner dig os\u00e4ker p\u00e5 vad du ska v\u00e4lja? Detta Booster-paket \u00e4r den ultimata l\u00f6sningen! Med en mix av fem olika boosterpaket fr\u00e5n n\u00e5gra av de mest popul\u00e4ra expansionerna i Scarlet &amp; Violet-serien blir det en garanterad succ\u00e9 f\u00f6r alla Pok\u00e9mon-entusiaster.<\/p>\n<p><strong>Inneh\u00e5ll:<\/strong><\/p>\n<ul>\n<li>5 x Blandade booster-paket (engelska och koreanska)<\/li>\n<\/ul>\n<p>&nbsp;<\/p>\n<p><strong>Varf\u00f6r \u00e4r detta en perfekt present?<\/strong><\/p>\n<p>&#8211; Enkel att v\u00e4lja: Passar oavsett om mottagaren \u00e4r samlare, spelare eller bara ett stort Pok\u00e9mon-fan.<\/p>\n<p>&#8211; Mycket variation: Fem olika boosterpaket ger en bred blandning av Pok\u00e9mon och teman.<\/p>\n<p>&#8211; Sp\u00e4nnande \u00f6verraskning: Varje boosterpack inneh\u00e5ller nya kort som garanterat \u00f6verraskar och gl\u00e4der.<\/p>\n<p>&nbsp;<\/p>\n<p><strong>Passar f\u00f6r:<\/strong><\/p>\n<p>&#8211; F\u00f6delsedagar, julklappar och spontana g\u00e5vor: En rolig och uppskattad \u00f6verraskning.<\/p>\n<p>&#8211; F\u00f6r\u00e4ldrar och v\u00e4nner som vill ge n\u00e5got Pok\u00e9mon-relaterat: Inget behov av att kunna detaljer om Pok\u00e9mon \u2013 detta paket passar alla fans.<\/p>\n<p>&#8211; Nyb\u00f6rjare och erfarna fans: Inneh\u00e5llet \u00e4r b\u00e5de sp\u00e4nnande f\u00f6r nya spelare och v\u00e4rdefullt f\u00f6r erfarna samlare.<\/p>\n<p>&nbsp;<\/p>\n<p>Med detta Booster-paket kan du vara s\u00e4ker p\u00e5 att ge en present som mottagaren kommer att \u00e4lska. Best\u00e4ll idag och g\u00f6r n\u00e5gon Pok\u00e9mon-\u00e4lskare riktigt glad!<\/p>\n<p><strong><em>OBS: Pinnar f\u00f6r att f\u00e4sta paketen och blommor medf\u00f6ljer ej.<\/em><\/strong><\/p>","protected":false},"excerpt":{"rendered":"<h4>Booster-paket \u2013 Den perfekta presenten f\u00f6r Pok\u00e9mon-fans!<\/h4>\n<p>Letar du efter en present till n\u00e5gon som \u00e4lskar Pok\u00e9mon, men k\u00e4nner dig os\u00e4ker p\u00e5 vad du ska v\u00e4lja? Detta Booster-paket \u00e4r den ultimata l\u00f6sningen! Med en mix av fem olika boosterpaket fr\u00e5n n\u00e5gra av de mest popul\u00e4ra expansionerna i Scarlet &amp; Violet-serien blir det en garanterad succ\u00e9 f\u00f6r alla Pok\u00e9mon-entusiaster.<\/p>\n<p><strong>Inneh\u00e5ll:<\/strong><\/p>\n<p>&#8211; 1x Super Electric Breaker: Kraftfulla elektriska Pok\u00e9mon som f\u00e5r varje samlare att lysa upp. (KOR)<\/p>\n<p>&#8211; 1x Paldea Evolved: Uppt\u00e4ck Pok\u00e9mon fr\u00e5n Paldea-regionen och deras unika utvecklingar.<\/p>\n<p>&#8211; 1x Pok\u00e9mon Card 151: En nostalgisk hyllning till de ursprungliga 151 Pok\u00e9mon fr\u00e5n Kanto-regionen. (KOR)<\/p>\n<p>&#8211; 1x Paradox Rift: Pok\u00e9mon fr\u00e5n b\u00e5de forntiden och framtiden i en sp\u00e4nnande tidsresa.<\/p>\n<p>&#8211; 1x Base Set (Scarlet &amp; Violet): Starten p\u00e5 Scarlet &amp; Violet-serien, perfekt f\u00f6r alla spelare och samlare.<\/p>","protected":false},"featured_media":1449,"comment_status":"open","ping_status":"closed","template":"","meta":{"jetpack_publicize_message":"","jetpack_publicize_feature_enabled":true,"jetpack_social_post_already_shared":true,"jetpack_social_options":{"image_generator_settings":{"template":"highway","default_image_id":0,"font":"","enabled":false},"version":2}},"product_brand":[],"product_cat":[61,38],"product_tag":[],"class_list":{"0":"post-1437","1":"product","2":"type-product","3":"status-publish","4":"has-post-thumbnail","6":"product_cat-bundles-etbs","7":"product_cat-pokemon","9":"first","10":"instock","11":"sale","12":"taxable","13":"shipping-taxable","14":"purchasable","15":"product-type-simple"},"yoast_head":"<!-- This site is optimized with the Yoast SEO plugin v26.2 - https:\/\/yoast.com\/wordpress\/plugins\/seo\/ -->\n<title>Booster-bukett - Korthajen<\/title>\n<meta name=\"description\" content=\"Letar du efter en present till n\u00e5gon som \u00e4lskar Pok\u00e9mon, men k\u00e4nner dig os\u00e4ker p\u00e5 vad du ska v\u00e4lja? Detta Booster-paket \u00e4r den ultimata l\u00f6sningen! Med en mix av fem olika boosterpaket fr\u00e5n n\u00e5gra av de mest popul\u00e4ra expansionerna i Scarlet &amp; Violet-serien blir det en garanterad succ\u00e9 f\u00f6r alla Pok\u00e9mon-entusiaster.\" \/>\n<meta name=\"robots\" content=\"index, follow, max-snippet:-1, max-image-preview:large, max-video-preview:-1\" \/>\n<link rel=\"canonical\" href=\"https:\/\/www.korthajen.se\/en\/product\/booster-bukett\/\" \/>\n<meta property=\"og:locale\" content=\"en_GB\" \/>\n<meta property=\"og:type\" content=\"article\" \/>\n<meta property=\"og:title\" content=\"Booster-bukett - Korthajen\" \/>\n<meta property=\"og:description\" content=\"Letar du efter en present till n\u00e5gon som \u00e4lskar Pok\u00e9mon, men k\u00e4nner dig os\u00e4ker p\u00e5 vad du ska v\u00e4lja? Detta Booster-paket \u00e4r den ultimata l\u00f6sningen! Med en mix av fem olika boosterpaket fr\u00e5n n\u00e5gra av de mest popul\u00e4ra expansionerna i Scarlet &amp; Violet-serien blir det en garanterad succ\u00e9 f\u00f6r alla Pok\u00e9mon-entusiaster.\" \/>\n<meta property=\"og:url\" content=\"https:\/\/www.korthajen.se\/en\/product\/booster-bukett\/\" \/>\n<meta property=\"og:site_name\" content=\"Korthajen\" \/>\n<meta property=\"article:publisher\" content=\"https:\/\/facebook.com\/korthajen.se\" \/>\n<meta property=\"article:modified_time\" content=\"2025-07-18T19:43:21+00:00\" \/>\n<meta property=\"og:image\" content=\"https:\/\/www.korthajen.se\/wp-content\/uploads\/2025\/01\/5I8A4623_2048px.webp\" \/>\n\t<meta property=\"og:image:width\" content=\"2048\" \/>\n\t<meta property=\"og:image:height\" content=\"2048\" \/>\n\t<meta property=\"og:image:type\" content=\"image\/jpeg\" \/>\n<meta name=\"twitter:card\" content=\"summary_large_image\" \/>\n<meta name=\"twitter:label1\" content=\"Estimated reading time\" \/>\n\t<meta name=\"twitter:data1\" content=\"2 minutes\" \/>\n<script type=\"application\/ld+json\" class=\"yoast-schema-graph\">{\"@context\":\"https:\/\/schema.org\",\"@graph\":[{\"@type\":\"WebPage\",\"@id\":\"https:\/\/www.korthajen.se\/product\/booster-bukett\/\",\"url\":\"https:\/\/www.korthajen.se\/product\/booster-bukett\/\",\"name\":\"Booster-bukett - Korthajen\",\"isPartOf\":{\"@id\":\"https:\/\/www.korthajen.se\/#website\"},\"primaryImageOfPage\":{\"@id\":\"https:\/\/www.korthajen.se\/product\/booster-bukett\/#primaryimage\"},\"image\":{\"@id\":\"https:\/\/www.korthajen.se\/product\/booster-bukett\/#primaryimage\"},\"thumbnailUrl\":\"https:\/\/i0.wp.com\/www.korthajen.se\/wp-content\/uploads\/2025\/01\/5I8A4623_2048px.webp?fit=2048%2C2048&ssl=1\",\"datePublished\":\"2025-01-27T17:28:05+00:00\",\"dateModified\":\"2025-07-18T19:43:21+00:00\",\"description\":\"Letar du efter en present till n\u00e5gon som \u00e4lskar Pok\u00e9mon, men k\u00e4nner dig os\u00e4ker p\u00e5 vad du ska v\u00e4lja? Detta Booster-paket \u00e4r den ultimata l\u00f6sningen! Med en mix av fem olika boosterpaket fr\u00e5n n\u00e5gra av de mest popul\u00e4ra expansionerna i Scarlet & Violet-serien blir det en garanterad succ\u00e9 f\u00f6r alla Pok\u00e9mon-entusiaster.\",\"breadcrumb\":{\"@id\":\"https:\/\/www.korthajen.se\/product\/booster-bukett\/#breadcrumb\"},\"inLanguage\":\"en-GB\",\"potentialAction\":[{\"@type\":\"ReadAction\",\"target\":[\"https:\/\/www.korthajen.se\/product\/booster-bukett\/\"]}]},{\"@type\":\"ImageObject\",\"inLanguage\":\"en-GB\",\"@id\":\"https:\/\/www.korthajen.se\/product\/booster-bukett\/#primaryimage\",\"url\":\"https:\/\/i0.wp.com\/www.korthajen.se\/wp-content\/uploads\/2025\/01\/5I8A4623_2048px.webp?fit=2048%2C2048&ssl=1\",\"contentUrl\":\"https:\/\/i0.wp.com\/www.korthajen.se\/wp-content\/uploads\/2025\/01\/5I8A4623_2048px.webp?fit=2048%2C2048&ssl=1\",\"width\":2048,\"height\":2048},{\"@type\":\"BreadcrumbList\",\"@id\":\"https:\/\/www.korthajen.se\/product\/booster-bukett\/#breadcrumb\",\"itemListElement\":[{\"@type\":\"ListItem\",\"position\":1,\"name\":\"Hem\",\"item\":\"https:\/\/www.korthajen.se\/\"},{\"@type\":\"ListItem\",\"position\":2,\"name\":\"Sortiment &#8211; Allt inom samlarkort och tillbeh\u00f6r\",\"item\":\"https:\/\/www.korthajen.se\/shop\/\"},{\"@type\":\"ListItem\",\"position\":3,\"name\":\"Booster-bukett\"}]},{\"@type\":\"WebSite\",\"@id\":\"https:\/\/www.korthajen.se\/#website\",\"url\":\"https:\/\/www.korthajen.se\/\",\"name\":\"Korthajen\",\"description\":\"Hj\u00e4lper samlare, nya som gamla.\",\"publisher\":{\"@id\":\"https:\/\/www.korthajen.se\/#organization\"},\"potentialAction\":[{\"@type\":\"SearchAction\",\"target\":{\"@type\":\"EntryPoint\",\"urlTemplate\":\"https:\/\/www.korthajen.se\/?s={search_term_string}\"},\"query-input\":{\"@type\":\"PropertyValueSpecification\",\"valueRequired\":true,\"valueName\":\"search_term_string\"}}],\"inLanguage\":\"en-GB\"},{\"@type\":\"Organization\",\"@id\":\"https:\/\/www.korthajen.se\/#organization\",\"name\":\"Korthajen\",\"url\":\"https:\/\/www.korthajen.se\/\",\"logo\":{\"@type\":\"ImageObject\",\"inLanguage\":\"en-GB\",\"@id\":\"https:\/\/www.korthajen.se\/#\/schema\/logo\/image\/\",\"url\":\"https:\/\/www.korthajen.se\/wp-content\/uploads\/2024\/12\/Korthajen-png.avif\",\"contentUrl\":\"https:\/\/www.korthajen.se\/wp-content\/uploads\/2024\/12\/Korthajen-png.avif\",\"width\":2100,\"height\":2100,\"caption\":\"Korthajen\"},\"image\":{\"@id\":\"https:\/\/www.korthajen.se\/#\/schema\/logo\/image\/\"},\"sameAs\":[\"https:\/\/facebook.com\/korthajen.se\",\"https:\/\/instagram.com\/korthajen.se\"]}]}<\/script>\n<!-- \/ Yoast SEO plugin. -->","yoast_head_json":{"title":"Booster-bukett - Korthajen","description":"Letar du efter en present till n\u00e5gon som \u00e4lskar Pok\u00e9mon, men k\u00e4nner dig os\u00e4ker p\u00e5 vad du ska v\u00e4lja? Detta Booster-paket \u00e4r den ultimata l\u00f6sningen! Med en mix av fem olika boosterpaket fr\u00e5n n\u00e5gra av de mest popul\u00e4ra expansionerna i Scarlet & Violet-serien blir det en garanterad succ\u00e9 f\u00f6r alla Pok\u00e9mon-entusiaster.","robots":{"index":"index","follow":"follow","max-snippet":"max-snippet:-1","max-image-preview":"max-image-preview:large","max-video-preview":"max-video-preview:-1"},"canonical":"https:\/\/www.korthajen.se\/en\/product\/booster-bukett\/","og_locale":"en_GB","og_type":"article","og_title":"Booster-bukett - Korthajen","og_description":"Letar du efter en present till n\u00e5gon som \u00e4lskar Pok\u00e9mon, men k\u00e4nner dig os\u00e4ker p\u00e5 vad du ska v\u00e4lja? Detta Booster-paket \u00e4r den ultimata l\u00f6sningen! Med en mix av fem olika boosterpaket fr\u00e5n n\u00e5gra av de mest popul\u00e4ra expansionerna i Scarlet & Violet-serien blir det en garanterad succ\u00e9 f\u00f6r alla Pok\u00e9mon-entusiaster.","og_url":"https:\/\/www.korthajen.se\/en\/product\/booster-bukett\/","og_site_name":"Korthajen","article_publisher":"https:\/\/facebook.com\/korthajen.se","article_modified_time":"2025-07-18T19:43:21+00:00","og_image":[{"width":2048,"height":2048,"url":"https:\/\/www.korthajen.se\/wp-content\/uploads\/2025\/01\/5I8A4623_2048px.webp","type":"image\/jpeg"}],"twitter_card":"summary_large_image","twitter_misc":{"Estimated reading time":"2 minutes"},"schema":{"@context":"https:\/\/schema.org","@graph":[{"@type":"WebPage","@id":"https:\/\/www.korthajen.se\/product\/booster-bukett\/","url":"https:\/\/www.korthajen.se\/product\/booster-bukett\/","name":"Booster-bukett - Korthajen","isPartOf":{"@id":"https:\/\/www.korthajen.se\/#website"},"primaryImageOfPage":{"@id":"https:\/\/www.korthajen.se\/product\/booster-bukett\/#primaryimage"},"image":{"@id":"https:\/\/www.korthajen.se\/product\/booster-bukett\/#primaryimage"},"thumbnailUrl":"https:\/\/i0.wp.com\/www.korthajen.se\/wp-content\/uploads\/2025\/01\/5I8A4623_2048px.webp?fit=2048%2C2048&ssl=1","datePublished":"2025-01-27T17:28:05+00:00","dateModified":"2025-07-18T19:43:21+00:00","description":"Letar du efter en present till n\u00e5gon som \u00e4lskar Pok\u00e9mon, men k\u00e4nner dig os\u00e4ker p\u00e5 vad du ska v\u00e4lja? Detta Booster-paket \u00e4r den ultimata l\u00f6sningen! Med en mix av fem olika boosterpaket fr\u00e5n n\u00e5gra av de mest popul\u00e4ra expansionerna i Scarlet & Violet-serien blir det en garanterad succ\u00e9 f\u00f6r alla Pok\u00e9mon-entusiaster.","breadcrumb":{"@id":"https:\/\/www.korthajen.se\/product\/booster-bukett\/#breadcrumb"},"inLanguage":"en-GB","potentialAction":[{"@type":"ReadAction","target":["https:\/\/www.korthajen.se\/product\/booster-bukett\/"]}]},{"@type":"ImageObject","inLanguage":"en-GB","@id":"https:\/\/www.korthajen.se\/product\/booster-bukett\/#primaryimage","url":"https:\/\/i0.wp.com\/www.korthajen.se\/wp-content\/uploads\/2025\/01\/5I8A4623_2048px.webp?fit=2048%2C2048&ssl=1","contentUrl":"https:\/\/i0.wp.com\/www.korthajen.se\/wp-content\/uploads\/2025\/01\/5I8A4623_2048px.webp?fit=2048%2C2048&ssl=1","width":2048,"height":2048},{"@type":"BreadcrumbList","@id":"https:\/\/www.korthajen.se\/product\/booster-bukett\/#breadcrumb","itemListElement":[{"@type":"ListItem","position":1,"name":"Hem","item":"https:\/\/www.korthajen.se\/"},{"@type":"ListItem","position":2,"name":"Sortiment &#8211; Allt inom samlarkort och tillbeh\u00f6r","item":"https:\/\/www.korthajen.se\/shop\/"},{"@type":"ListItem","position":3,"name":"Booster-bukett"}]},{"@type":"WebSite","@id":"https:\/\/www.korthajen.se\/#website","url":"https:\/\/www.korthajen.se\/","name":"Korthajen","description":"Hj\u00e4lper samlare, nya som gamla.","publisher":{"@id":"https:\/\/www.korthajen.se\/#organization"},"potentialAction":[{"@type":"SearchAction","target":{"@type":"EntryPoint","urlTemplate":"https:\/\/www.korthajen.se\/?s={search_term_string}"},"query-input":{"@type":"PropertyValueSpecification","valueRequired":true,"valueName":"search_term_string"}}],"inLanguage":"en-GB"},{"@type":"Organization","@id":"https:\/\/www.korthajen.se\/#organization","name":"Korthajen","url":"https:\/\/www.korthajen.se\/","logo":{"@type":"ImageObject","inLanguage":"en-GB","@id":"https:\/\/www.korthajen.se\/#\/schema\/logo\/image\/","url":"https:\/\/www.korthajen.se\/wp-content\/uploads\/2024\/12\/Korthajen-png.avif","contentUrl":"https:\/\/www.korthajen.se\/wp-content\/uploads\/2024\/12\/Korthajen-png.avif","width":2100,"height":2100,"caption":"Korthajen"},"image":{"@id":"https:\/\/www.korthajen.se\/#\/schema\/logo\/image\/"},"sameAs":["https:\/\/facebook.com\/korthajen.se","https:\/\/instagram.com\/korthajen.se"]}]}},"jetpack_publicize_connections":[],"jetpack_sharing_enabled":true,"jetpack-related-posts":[],"_links":{"self":[{"href":"https:\/\/www.korthajen.se\/en\/wp-json\/wp\/v2\/product\/1437","targetHints":{"allow":["GET"]}}],"collection":[{"href":"https:\/\/www.korthajen.se\/en\/wp-json\/wp\/v2\/product"}],"about":[{"href":"https:\/\/www.korthajen.se\/en\/wp-json\/wp\/v2\/types\/product"}],"replies":[{"embeddable":true,"href":"https:\/\/www.korthajen.se\/en\/wp-json\/wp\/v2\/comments?post=1437"}],"wp:featuredmedia":[{"embeddable":true,"href":"https:\/\/www.korthajen.se\/en\/wp-json\/wp\/v2\/media\/1449"}],"wp:attachment":[{"href":"https:\/\/www.korthajen.se\/en\/wp-json\/wp\/v2\/media?parent=1437"}],"wp:term":[{"taxonomy":"product_brand","embeddable":true,"href":"https:\/\/www.korthajen.se\/en\/wp-json\/wp\/v2\/product_brand?post=1437"},{"taxonomy":"product_cat","embeddable":true,"href":"https:\/\/www.korthajen.se\/en\/wp-json\/wp\/v2\/product_cat?post=1437"},{"taxonomy":"product_tag","embeddable":true,"href":"https:\/\/www.korthajen.se\/en\/wp-json\/wp\/v2\/product_tag?post=1437"}],"curies":[{"name":"wp","href":"https:\/\/api.w.org\/{rel}","templated":true}]}}