{"id":1592,"date":"2025-02-06T19:15:43","date_gmt":"2025-02-06T19:15:43","guid":{"rendered":"https:\/\/www.korthajen.se\/product\/pokemon-go-pin-collection\/"},"modified":"2025-04-21T08:48:22","modified_gmt":"2025-04-21T08:48:22","slug":"pokemon-go-pin-collection","status":"publish","type":"product","link":"https:\/\/www.korthajen.se\/en\/product\/pokemon-go-pin-collection\/","title":{"rendered":"Pokemon GO &#8211; Pin Collection"},"content":{"rendered":"<p>Pok\u00e9mon GO \u2013 Pin Collection<\/p>\n<p>En perfekt present till Pok\u00e9mon GO-fans! Pok\u00e9mon GO Pin Collection \u00e4r ett samlarv\u00e4nligt paket som kombinerar ett unikt promokort, en officiell Pok\u00e9mon-pin och flera boosterpaket fr\u00e5n Pok\u00e9mon GO-expansionen.<\/p>\n<p>Inneh\u00e5ll:<br \/>\n&#8211; 1 holografiskt promokort med en \u00e4lskad Pok\u00e9mon fr\u00e5n Pok\u00e9mon GO.<br \/>\n&#8211; 1 exklusiv Pok\u00e9mon-pin i h\u00f6g kvalitet \u2013 perfekt att f\u00e4sta p\u00e5 v\u00e4skan eller jackan.<br \/>\n&#8211; 3 Pok\u00e9mon GO-boosterpaket, fyllda med kort inspirerade av spelet.<br \/>\n&#8211; 1 kodkort f\u00f6r Pok\u00e9mon TCG Live. Notera att kodkort fr\u00e5n TCG-serien &#8221;Pokemon GO&#8221; inte l\u00e4ngre kan brukas i Pokemon GO-appen d\u00e5 de l\u00f6pt ut.<\/p>\n<p>Varf\u00f6r v\u00e4lja denna box?<br \/>\n&#8211; Perfekt f\u00f6r samlare: Den medf\u00f6ljande pinnen och promokortet g\u00f6r denna box extra speciell.<br \/>\n&#8211; Rolig Pok\u00e9mon GO-koppling: Korten \u00e4r inspirerade av Pok\u00e9mon fr\u00e5n mobilappen.<br \/>\n&#8211; En utm\u00e4rkt present: Passar b\u00e5de nyb\u00f6rjare och erfarna spelare.<\/p>\n<p>G\u00f6r din Pok\u00e9mon GO-samling \u00e4nnu b\u00e4ttre med denna Pin Collection! Best\u00e4ll idag och f\u00e5nga fler minnen!<\/p>","protected":false},"excerpt":{"rendered":"<p>Pok\u00e9mon GO \u2013 Pin Collection En perfekt present till Pok\u00e9mon GO-fans! Pok\u00e9mon GO Pin Collection \u00e4r ett samlarv\u00e4nligt paket som kombinerar ett unikt promokort, en officiell Pok\u00e9mon-pin och flera boosterpaket fr\u00e5n Pok\u00e9mon GO-expansionen. Inneh\u00e5ll: &#8211; 1 holografiskt promokort med en \u00e4lskad Pok\u00e9mon fr\u00e5n Pok\u00e9mon GO. &#8211; 1 exklusiv Pok\u00e9mon-pin i h\u00f6g kvalitet \u2013 perfekt att [&hellip;]<\/p>","protected":false},"featured_media":1605,"comment_status":"closed","ping_status":"closed","template":"","meta":{"jetpack_publicize_message":"","jetpack_publicize_feature_enabled":true,"jetpack_social_post_already_shared":false,"jetpack_social_options":{"image_generator_settings":{"template":"highway","default_image_id":0,"font":"","enabled":false},"version":2}},"product_brand":[],"product_cat":[61,38],"product_tag":[],"class_list":{"0":"post-1592","1":"product","2":"type-product","3":"status-publish","4":"has-post-thumbnail","6":"product_cat-bundles-etbs","7":"product_cat-pokemon","9":"first","10":"outofstock","11":"sale","12":"taxable","13":"shipping-taxable","14":"purchasable","15":"product-type-simple"},"yoast_head":"<!-- This site is optimized with the Yoast SEO plugin v26.2 - https:\/\/yoast.com\/wordpress\/plugins\/seo\/ -->\n<title>Pokemon GO - Pin Collection - Korthajen<\/title>\n<meta name=\"robots\" content=\"index, follow, max-snippet:-1, max-image-preview:large, max-video-preview:-1\" \/>\n<link rel=\"canonical\" href=\"https:\/\/www.korthajen.se\/en\/product\/pokemon-go-pin-collection\/\" \/>\n<meta property=\"og:locale\" content=\"en_GB\" \/>\n<meta property=\"og:type\" content=\"article\" \/>\n<meta property=\"og:title\" content=\"Pokemon GO - Pin Collection - Korthajen\" \/>\n<meta property=\"og:description\" content=\"Pok\u00e9mon GO \u2013 Pin Collection En perfekt present till Pok\u00e9mon GO-fans! Pok\u00e9mon GO Pin Collection \u00e4r ett samlarv\u00e4nligt paket som kombinerar ett unikt promokort, en officiell Pok\u00e9mon-pin och flera boosterpaket fr\u00e5n Pok\u00e9mon GO-expansionen. Inneh\u00e5ll: &#8211; 1 holografiskt promokort med en \u00e4lskad Pok\u00e9mon fr\u00e5n Pok\u00e9mon GO. &#8211; 1 exklusiv Pok\u00e9mon-pin i h\u00f6g kvalitet \u2013 perfekt att [&hellip;]\" \/>\n<meta property=\"og:url\" content=\"https:\/\/www.korthajen.se\/en\/product\/pokemon-go-pin-collection\/\" \/>\n<meta property=\"og:site_name\" content=\"Korthajen\" \/>\n<meta property=\"article:publisher\" content=\"https:\/\/facebook.com\/korthajen.se\" \/>\n<meta property=\"article:modified_time\" content=\"2025-04-21T08:48:22+00:00\" \/>\n<meta property=\"og:image\" content=\"https:\/\/www.korthajen.se\/wp-content\/uploads\/2025\/02\/5I8A4648_2048px.webp\" \/>\n\t<meta property=\"og:image:width\" content=\"2048\" \/>\n\t<meta property=\"og:image:height\" content=\"2048\" \/>\n\t<meta property=\"og:image:type\" content=\"image\/jpeg\" \/>\n<meta name=\"twitter:card\" content=\"summary_large_image\" \/>\n<meta name=\"twitter:label1\" content=\"Estimated reading time\" \/>\n\t<meta name=\"twitter:data1\" content=\"1 minute\" \/>\n<script type=\"application\/ld+json\" class=\"yoast-schema-graph\">{\"@context\":\"https:\/\/schema.org\",\"@graph\":[{\"@type\":\"WebPage\",\"@id\":\"https:\/\/www.korthajen.se\/product\/pokemon-go-pin-collection\/\",\"url\":\"https:\/\/www.korthajen.se\/product\/pokemon-go-pin-collection\/\",\"name\":\"Pokemon GO - Pin Collection - Korthajen\",\"isPartOf\":{\"@id\":\"https:\/\/www.korthajen.se\/#website\"},\"primaryImageOfPage\":{\"@id\":\"https:\/\/www.korthajen.se\/product\/pokemon-go-pin-collection\/#primaryimage\"},\"image\":{\"@id\":\"https:\/\/www.korthajen.se\/product\/pokemon-go-pin-collection\/#primaryimage\"},\"thumbnailUrl\":\"https:\/\/i0.wp.com\/www.korthajen.se\/wp-content\/uploads\/2025\/02\/5I8A4648_2048px.webp?fit=2048%2C2048&ssl=1\",\"datePublished\":\"2025-02-06T19:15:43+00:00\",\"dateModified\":\"2025-04-21T08:48:22+00:00\",\"breadcrumb\":{\"@id\":\"https:\/\/www.korthajen.se\/product\/pokemon-go-pin-collection\/#breadcrumb\"},\"inLanguage\":\"en-GB\",\"potentialAction\":[{\"@type\":\"ReadAction\",\"target\":[\"https:\/\/www.korthajen.se\/product\/pokemon-go-pin-collection\/\"]}]},{\"@type\":\"ImageObject\",\"inLanguage\":\"en-GB\",\"@id\":\"https:\/\/www.korthajen.se\/product\/pokemon-go-pin-collection\/#primaryimage\",\"url\":\"https:\/\/i0.wp.com\/www.korthajen.se\/wp-content\/uploads\/2025\/02\/5I8A4648_2048px.webp?fit=2048%2C2048&ssl=1\",\"contentUrl\":\"https:\/\/i0.wp.com\/www.korthajen.se\/wp-content\/uploads\/2025\/02\/5I8A4648_2048px.webp?fit=2048%2C2048&ssl=1\",\"width\":2048,\"height\":2048},{\"@type\":\"BreadcrumbList\",\"@id\":\"https:\/\/www.korthajen.se\/product\/pokemon-go-pin-collection\/#breadcrumb\",\"itemListElement\":[{\"@type\":\"ListItem\",\"position\":1,\"name\":\"Hem\",\"item\":\"https:\/\/www.korthajen.se\/\"},{\"@type\":\"ListItem\",\"position\":2,\"name\":\"Sortiment &#8211; Allt inom samlarkort och tillbeh\u00f6r\",\"item\":\"https:\/\/www.korthajen.se\/shop\/\"},{\"@type\":\"ListItem\",\"position\":3,\"name\":\"Pokemon GO &#8211; Pin Collection\"}]},{\"@type\":\"WebSite\",\"@id\":\"https:\/\/www.korthajen.se\/#website\",\"url\":\"https:\/\/www.korthajen.se\/\",\"name\":\"Korthajen\",\"description\":\"Hj\u00e4lper samlare, nya som gamla.\",\"publisher\":{\"@id\":\"https:\/\/www.korthajen.se\/#organization\"},\"potentialAction\":[{\"@type\":\"SearchAction\",\"target\":{\"@type\":\"EntryPoint\",\"urlTemplate\":\"https:\/\/www.korthajen.se\/?s={search_term_string}\"},\"query-input\":{\"@type\":\"PropertyValueSpecification\",\"valueRequired\":true,\"valueName\":\"search_term_string\"}}],\"inLanguage\":\"en-GB\"},{\"@type\":\"Organization\",\"@id\":\"https:\/\/www.korthajen.se\/#organization\",\"name\":\"Korthajen\",\"url\":\"https:\/\/www.korthajen.se\/\",\"logo\":{\"@type\":\"ImageObject\",\"inLanguage\":\"en-GB\",\"@id\":\"https:\/\/www.korthajen.se\/#\/schema\/logo\/image\/\",\"url\":\"https:\/\/www.korthajen.se\/wp-content\/uploads\/2024\/12\/Korthajen-png.avif\",\"contentUrl\":\"https:\/\/www.korthajen.se\/wp-content\/uploads\/2024\/12\/Korthajen-png.avif\",\"width\":2100,\"height\":2100,\"caption\":\"Korthajen\"},\"image\":{\"@id\":\"https:\/\/www.korthajen.se\/#\/schema\/logo\/image\/\"},\"sameAs\":[\"https:\/\/facebook.com\/korthajen.se\",\"https:\/\/instagram.com\/korthajen.se\"]}]}<\/script>\n<!-- \/ Yoast SEO plugin. -->","yoast_head_json":{"title":"Pokemon GO - Pin Collection - Korthajen","robots":{"index":"index","follow":"follow","max-snippet":"max-snippet:-1","max-image-preview":"max-image-preview:large","max-video-preview":"max-video-preview:-1"},"canonical":"https:\/\/www.korthajen.se\/en\/product\/pokemon-go-pin-collection\/","og_locale":"en_GB","og_type":"article","og_title":"Pokemon GO - Pin Collection - Korthajen","og_description":"Pok\u00e9mon GO \u2013 Pin Collection En perfekt present till Pok\u00e9mon GO-fans! Pok\u00e9mon GO Pin Collection \u00e4r ett samlarv\u00e4nligt paket som kombinerar ett unikt promokort, en officiell Pok\u00e9mon-pin och flera boosterpaket fr\u00e5n Pok\u00e9mon GO-expansionen. Inneh\u00e5ll: &#8211; 1 holografiskt promokort med en \u00e4lskad Pok\u00e9mon fr\u00e5n Pok\u00e9mon GO. &#8211; 1 exklusiv Pok\u00e9mon-pin i h\u00f6g kvalitet \u2013 perfekt att [&hellip;]","og_url":"https:\/\/www.korthajen.se\/en\/product\/pokemon-go-pin-collection\/","og_site_name":"Korthajen","article_publisher":"https:\/\/facebook.com\/korthajen.se","article_modified_time":"2025-04-21T08:48:22+00:00","og_image":[{"width":2048,"height":2048,"url":"https:\/\/www.korthajen.se\/wp-content\/uploads\/2025\/02\/5I8A4648_2048px.webp","type":"image\/jpeg"}],"twitter_card":"summary_large_image","twitter_misc":{"Estimated reading time":"1 minute"},"schema":{"@context":"https:\/\/schema.org","@graph":[{"@type":"WebPage","@id":"https:\/\/www.korthajen.se\/product\/pokemon-go-pin-collection\/","url":"https:\/\/www.korthajen.se\/product\/pokemon-go-pin-collection\/","name":"Pokemon GO - Pin Collection - Korthajen","isPartOf":{"@id":"https:\/\/www.korthajen.se\/#website"},"primaryImageOfPage":{"@id":"https:\/\/www.korthajen.se\/product\/pokemon-go-pin-collection\/#primaryimage"},"image":{"@id":"https:\/\/www.korthajen.se\/product\/pokemon-go-pin-collection\/#primaryimage"},"thumbnailUrl":"https:\/\/i0.wp.com\/www.korthajen.se\/wp-content\/uploads\/2025\/02\/5I8A4648_2048px.webp?fit=2048%2C2048&ssl=1","datePublished":"2025-02-06T19:15:43+00:00","dateModified":"2025-04-21T08:48:22+00:00","breadcrumb":{"@id":"https:\/\/www.korthajen.se\/product\/pokemon-go-pin-collection\/#breadcrumb"},"inLanguage":"en-GB","potentialAction":[{"@type":"ReadAction","target":["https:\/\/www.korthajen.se\/product\/pokemon-go-pin-collection\/"]}]},{"@type":"ImageObject","inLanguage":"en-GB","@id":"https:\/\/www.korthajen.se\/product\/pokemon-go-pin-collection\/#primaryimage","url":"https:\/\/i0.wp.com\/www.korthajen.se\/wp-content\/uploads\/2025\/02\/5I8A4648_2048px.webp?fit=2048%2C2048&ssl=1","contentUrl":"https:\/\/i0.wp.com\/www.korthajen.se\/wp-content\/uploads\/2025\/02\/5I8A4648_2048px.webp?fit=2048%2C2048&ssl=1","width":2048,"height":2048},{"@type":"BreadcrumbList","@id":"https:\/\/www.korthajen.se\/product\/pokemon-go-pin-collection\/#breadcrumb","itemListElement":[{"@type":"ListItem","position":1,"name":"Hem","item":"https:\/\/www.korthajen.se\/"},{"@type":"ListItem","position":2,"name":"Sortiment &#8211; Allt inom samlarkort och tillbeh\u00f6r","item":"https:\/\/www.korthajen.se\/shop\/"},{"@type":"ListItem","position":3,"name":"Pokemon GO &#8211; Pin Collection"}]},{"@type":"WebSite","@id":"https:\/\/www.korthajen.se\/#website","url":"https:\/\/www.korthajen.se\/","name":"Korthajen","description":"Hj\u00e4lper samlare, nya som gamla.","publisher":{"@id":"https:\/\/www.korthajen.se\/#organization"},"potentialAction":[{"@type":"SearchAction","target":{"@type":"EntryPoint","urlTemplate":"https:\/\/www.korthajen.se\/?s={search_term_string}"},"query-input":{"@type":"PropertyValueSpecification","valueRequired":true,"valueName":"search_term_string"}}],"inLanguage":"en-GB"},{"@type":"Organization","@id":"https:\/\/www.korthajen.se\/#organization","name":"Korthajen","url":"https:\/\/www.korthajen.se\/","logo":{"@type":"ImageObject","inLanguage":"en-GB","@id":"https:\/\/www.korthajen.se\/#\/schema\/logo\/image\/","url":"https:\/\/www.korthajen.se\/wp-content\/uploads\/2024\/12\/Korthajen-png.avif","contentUrl":"https:\/\/www.korthajen.se\/wp-content\/uploads\/2024\/12\/Korthajen-png.avif","width":2100,"height":2100,"caption":"Korthajen"},"image":{"@id":"https:\/\/www.korthajen.se\/#\/schema\/logo\/image\/"},"sameAs":["https:\/\/facebook.com\/korthajen.se","https:\/\/instagram.com\/korthajen.se"]}]}},"jetpack_publicize_connections":[],"jetpack_sharing_enabled":true,"jetpack-related-posts":[],"_links":{"self":[{"href":"https:\/\/www.korthajen.se\/en\/wp-json\/wp\/v2\/product\/1592","targetHints":{"allow":["GET"]}}],"collection":[{"href":"https:\/\/www.korthajen.se\/en\/wp-json\/wp\/v2\/product"}],"about":[{"href":"https:\/\/www.korthajen.se\/en\/wp-json\/wp\/v2\/types\/product"}],"replies":[{"embeddable":true,"href":"https:\/\/www.korthajen.se\/en\/wp-json\/wp\/v2\/comments?post=1592"}],"wp:featuredmedia":[{"embeddable":true,"href":"https:\/\/www.korthajen.se\/en\/wp-json\/wp\/v2\/media\/1605"}],"wp:attachment":[{"href":"https:\/\/www.korthajen.se\/en\/wp-json\/wp\/v2\/media?parent=1592"}],"wp:term":[{"taxonomy":"product_brand","embeddable":true,"href":"https:\/\/www.korthajen.se\/en\/wp-json\/wp\/v2\/product_brand?post=1592"},{"taxonomy":"product_cat","embeddable":true,"href":"https:\/\/www.korthajen.se\/en\/wp-json\/wp\/v2\/product_cat?post=1592"},{"taxonomy":"product_tag","embeddable":true,"href":"https:\/\/www.korthajen.se\/en\/wp-json\/wp\/v2\/product_tag?post=1592"}],"curies":[{"name":"wp","href":"https:\/\/api.w.org\/{rel}","templated":true}]}}