{"id":1631,"date":"2025-02-07T07:39:25","date_gmt":"2025-02-07T07:39:25","guid":{"rendered":"https:\/\/www.korthajen.se\/?post_type=product&#038;p=1631"},"modified":"2025-06-04T09:47:08","modified_gmt":"2025-06-04T09:47:08","slug":"pokemon-mega-paket-vaska-20-boosters-tillbehor-och-mer","status":"publish","type":"product","link":"https:\/\/www.korthajen.se\/en\/product\/pokemon-mega-paket-vaska-20-boosters-tillbehor-och-mer\/","title":{"rendered":"Pok\u00e9mon Mega-paket (v\u00e4ska, 20 boosters, tillbeh\u00f6r och mer)"},"content":{"rendered":"<p>Vill du b\u00f6rja din samlarresa med ett brak-k\u00f6p, d\u00e5 \u00e4r v\u00e5rt &#8221;Mega-paket&#8221; n\u00e5got f\u00f6r dig. H\u00e4r sparar vi inte p\u00e5 krutet och du f\u00e5r v\u00e4ldigt mycket f\u00f6r pengarna!<\/p>\n<p>Inneh\u00e5ller:<\/p>\n<ul>\n<li><a href=\"https:\/\/www.korthajen.se\/en\/product\/deluxe-gaming-trove-pikachu-ultra-pro-15761\/\">Deluxe Gaming Trove: Pikachu \u2013 Ultra Pro #15761<\/a><\/li>\n<li><a href=\"https:\/\/www.korthajen.se\/en\/product\/pokemon-league-battle-deck-ice-rider-calyrex-vmax\/\">Pokemon League Battle Deck: Ice Rider Calyrex VMAX<\/a> (Ice Rider eller Shadow Rider)<\/li>\n<li><a href=\"https:\/\/www.korthajen.se\/en\/product\/pokemon-ex-battle-deck-greninja-ex\/\">Pokemon ex Battle Deck: Greninja ex<\/a><\/li>\n<li><a href=\"https:\/\/www.korthajen.se\/en\/product\/pokemon-ex-battle-deck-kangaskhan-ex\/\">Pokemon ex Battle Deck: Kangaskhan ex<\/a><\/li>\n<li>10 st Koreanska booster packs<\/li>\n<li>10 st Engelska booster packs<\/li>\n<li>100 st Ultra Pro Basic Soft Sleeves<\/li>\n<li>25 st Ultra Pro Toploaders<\/li>\n<\/ul>","protected":false},"excerpt":{"rendered":"<p>Vill du b\u00f6rja din samlarresa med ett brak-k\u00f6p, d\u00e5 \u00e4r v\u00e5rt &#8221;Mega-paket&#8221; n\u00e5got f\u00f6r dig. H\u00e4r sparar vi inte p\u00e5 krutet och du f\u00e5r v\u00e4ldigt mycket f\u00f6r pengarna!<\/p>","protected":false},"featured_media":1633,"comment_status":"closed","ping_status":"closed","template":"","meta":{"jetpack_publicize_message":"","jetpack_publicize_feature_enabled":true,"jetpack_social_post_already_shared":true,"jetpack_social_options":{"image_generator_settings":{"template":"highway","default_image_id":0,"font":"","enabled":false},"version":2}},"product_brand":[],"product_cat":[61,38],"product_tag":[],"class_list":{"0":"post-1631","1":"product","2":"type-product","3":"status-publish","4":"has-post-thumbnail","6":"product_cat-bundles-etbs","7":"product_cat-pokemon","9":"first","10":"onbackorder","11":"sale","12":"taxable","13":"shipping-taxable","14":"purchasable","15":"product-type-simple"},"yoast_head":"<!-- This site is optimized with the Yoast SEO plugin v26.2 - https:\/\/yoast.com\/wordpress\/plugins\/seo\/ -->\n<title>Pok\u00e9mon Mega-paket (v\u00e4ska, 20 boosters, tillbeh\u00f6r och mer) - Korthajen<\/title>\n<meta name=\"description\" content=\"Vill du b\u00f6rja din samlarresa med ett brak-k\u00f6p, d\u00e5 \u00e4r v\u00e5rt &quot;Mega-paket&quot; n\u00e5got f\u00f6r dig. H\u00e4r sparar vi inte p\u00e5 krutet och du f\u00e5r v\u00e4ldigt mycket f\u00f6r pengarna!\" \/>\n<meta name=\"robots\" content=\"index, follow, max-snippet:-1, max-image-preview:large, max-video-preview:-1\" \/>\n<link rel=\"canonical\" href=\"https:\/\/www.korthajen.se\/en\/product\/pokemon-mega-paket-vaska-20-boosters-tillbehor-och-mer\/\" \/>\n<meta property=\"og:locale\" content=\"en_GB\" \/>\n<meta property=\"og:type\" content=\"article\" \/>\n<meta property=\"og:title\" content=\"Pok\u00e9mon Mega-paket (v\u00e4ska, 20 boosters, tillbeh\u00f6r och mer) - Korthajen\" \/>\n<meta property=\"og:description\" content=\"Vill du b\u00f6rja din samlarresa med ett brak-k\u00f6p, d\u00e5 \u00e4r v\u00e5rt &quot;Mega-paket&quot; n\u00e5got f\u00f6r dig. H\u00e4r sparar vi inte p\u00e5 krutet och du f\u00e5r v\u00e4ldigt mycket f\u00f6r pengarna!\" \/>\n<meta property=\"og:url\" content=\"https:\/\/www.korthajen.se\/en\/product\/pokemon-mega-paket-vaska-20-boosters-tillbehor-och-mer\/\" \/>\n<meta property=\"og:site_name\" content=\"Korthajen\" \/>\n<meta property=\"article:publisher\" content=\"https:\/\/facebook.com\/korthajen.se\" \/>\n<meta property=\"article:modified_time\" content=\"2025-06-04T09:47:08+00:00\" \/>\n<meta property=\"og:image\" content=\"https:\/\/www.korthajen.se\/wp-content\/uploads\/2025\/02\/Untitled-design-1-png.webp\" \/>\n\t<meta property=\"og:image:width\" content=\"1080\" \/>\n\t<meta property=\"og:image:height\" content=\"1080\" \/>\n\t<meta property=\"og:image:type\" content=\"image\/png\" \/>\n<meta name=\"twitter:card\" content=\"summary_large_image\" \/>\n<meta name=\"twitter:label1\" content=\"Estimated reading time\" \/>\n\t<meta name=\"twitter:data1\" content=\"1 minute\" \/>\n<script type=\"application\/ld+json\" class=\"yoast-schema-graph\">{\"@context\":\"https:\/\/schema.org\",\"@graph\":[{\"@type\":\"WebPage\",\"@id\":\"https:\/\/www.korthajen.se\/product\/pokemon-mega-paket-vaska-20-boosters-tillbehor-och-mer\/\",\"url\":\"https:\/\/www.korthajen.se\/product\/pokemon-mega-paket-vaska-20-boosters-tillbehor-och-mer\/\",\"name\":\"Pok\u00e9mon Mega-paket (v\u00e4ska, 20 boosters, tillbeh\u00f6r och mer) - Korthajen\",\"isPartOf\":{\"@id\":\"https:\/\/www.korthajen.se\/#website\"},\"primaryImageOfPage\":{\"@id\":\"https:\/\/www.korthajen.se\/product\/pokemon-mega-paket-vaska-20-boosters-tillbehor-och-mer\/#primaryimage\"},\"image\":{\"@id\":\"https:\/\/www.korthajen.se\/product\/pokemon-mega-paket-vaska-20-boosters-tillbehor-och-mer\/#primaryimage\"},\"thumbnailUrl\":\"https:\/\/i0.wp.com\/www.korthajen.se\/wp-content\/uploads\/2025\/02\/Untitled-design-1-png.webp?fit=1080%2C1080&ssl=1\",\"datePublished\":\"2025-02-07T07:39:25+00:00\",\"dateModified\":\"2025-06-04T09:47:08+00:00\",\"description\":\"Vill du b\u00f6rja din samlarresa med ett brak-k\u00f6p, d\u00e5 \u00e4r v\u00e5rt \\\"Mega-paket\\\" n\u00e5got f\u00f6r dig. H\u00e4r sparar vi inte p\u00e5 krutet och du f\u00e5r v\u00e4ldigt mycket f\u00f6r pengarna!\",\"breadcrumb\":{\"@id\":\"https:\/\/www.korthajen.se\/product\/pokemon-mega-paket-vaska-20-boosters-tillbehor-och-mer\/#breadcrumb\"},\"inLanguage\":\"en-GB\",\"potentialAction\":[{\"@type\":\"ReadAction\",\"target\":[\"https:\/\/www.korthajen.se\/product\/pokemon-mega-paket-vaska-20-boosters-tillbehor-och-mer\/\"]}]},{\"@type\":\"ImageObject\",\"inLanguage\":\"en-GB\",\"@id\":\"https:\/\/www.korthajen.se\/product\/pokemon-mega-paket-vaska-20-boosters-tillbehor-och-mer\/#primaryimage\",\"url\":\"https:\/\/i0.wp.com\/www.korthajen.se\/wp-content\/uploads\/2025\/02\/Untitled-design-1-png.webp?fit=1080%2C1080&ssl=1\",\"contentUrl\":\"https:\/\/i0.wp.com\/www.korthajen.se\/wp-content\/uploads\/2025\/02\/Untitled-design-1-png.webp?fit=1080%2C1080&ssl=1\",\"width\":1080,\"height\":1080},{\"@type\":\"BreadcrumbList\",\"@id\":\"https:\/\/www.korthajen.se\/product\/pokemon-mega-paket-vaska-20-boosters-tillbehor-och-mer\/#breadcrumb\",\"itemListElement\":[{\"@type\":\"ListItem\",\"position\":1,\"name\":\"Hem\",\"item\":\"https:\/\/www.korthajen.se\/\"},{\"@type\":\"ListItem\",\"position\":2,\"name\":\"Sortiment &#8211; Allt inom samlarkort och tillbeh\u00f6r\",\"item\":\"https:\/\/www.korthajen.se\/shop\/\"},{\"@type\":\"ListItem\",\"position\":3,\"name\":\"Pok\u00e9mon Mega-paket (v\u00e4ska, 20 boosters, tillbeh\u00f6r och mer)\"}]},{\"@type\":\"WebSite\",\"@id\":\"https:\/\/www.korthajen.se\/#website\",\"url\":\"https:\/\/www.korthajen.se\/\",\"name\":\"Korthajen\",\"description\":\"Hj\u00e4lper samlare, nya som gamla.\",\"publisher\":{\"@id\":\"https:\/\/www.korthajen.se\/#organization\"},\"potentialAction\":[{\"@type\":\"SearchAction\",\"target\":{\"@type\":\"EntryPoint\",\"urlTemplate\":\"https:\/\/www.korthajen.se\/?s={search_term_string}\"},\"query-input\":{\"@type\":\"PropertyValueSpecification\",\"valueRequired\":true,\"valueName\":\"search_term_string\"}}],\"inLanguage\":\"en-GB\"},{\"@type\":\"Organization\",\"@id\":\"https:\/\/www.korthajen.se\/#organization\",\"name\":\"Korthajen\",\"url\":\"https:\/\/www.korthajen.se\/\",\"logo\":{\"@type\":\"ImageObject\",\"inLanguage\":\"en-GB\",\"@id\":\"https:\/\/www.korthajen.se\/#\/schema\/logo\/image\/\",\"url\":\"https:\/\/www.korthajen.se\/wp-content\/uploads\/2024\/12\/Korthajen-png.avif\",\"contentUrl\":\"https:\/\/www.korthajen.se\/wp-content\/uploads\/2024\/12\/Korthajen-png.avif\",\"width\":2100,\"height\":2100,\"caption\":\"Korthajen\"},\"image\":{\"@id\":\"https:\/\/www.korthajen.se\/#\/schema\/logo\/image\/\"},\"sameAs\":[\"https:\/\/facebook.com\/korthajen.se\",\"https:\/\/instagram.com\/korthajen.se\"]}]}<\/script>\n<!-- \/ Yoast SEO plugin. -->","yoast_head_json":{"title":"Pok\u00e9mon Mega-paket (v\u00e4ska, 20 boosters, tillbeh\u00f6r och mer) - Korthajen","description":"Vill du b\u00f6rja din samlarresa med ett brak-k\u00f6p, d\u00e5 \u00e4r v\u00e5rt \"Mega-paket\" n\u00e5got f\u00f6r dig. H\u00e4r sparar vi inte p\u00e5 krutet och du f\u00e5r v\u00e4ldigt mycket f\u00f6r pengarna!","robots":{"index":"index","follow":"follow","max-snippet":"max-snippet:-1","max-image-preview":"max-image-preview:large","max-video-preview":"max-video-preview:-1"},"canonical":"https:\/\/www.korthajen.se\/en\/product\/pokemon-mega-paket-vaska-20-boosters-tillbehor-och-mer\/","og_locale":"en_GB","og_type":"article","og_title":"Pok\u00e9mon Mega-paket (v\u00e4ska, 20 boosters, tillbeh\u00f6r och mer) - Korthajen","og_description":"Vill du b\u00f6rja din samlarresa med ett brak-k\u00f6p, d\u00e5 \u00e4r v\u00e5rt \"Mega-paket\" n\u00e5got f\u00f6r dig. H\u00e4r sparar vi inte p\u00e5 krutet och du f\u00e5r v\u00e4ldigt mycket f\u00f6r pengarna!","og_url":"https:\/\/www.korthajen.se\/en\/product\/pokemon-mega-paket-vaska-20-boosters-tillbehor-och-mer\/","og_site_name":"Korthajen","article_publisher":"https:\/\/facebook.com\/korthajen.se","article_modified_time":"2025-06-04T09:47:08+00:00","og_image":[{"width":1080,"height":1080,"url":"https:\/\/www.korthajen.se\/wp-content\/uploads\/2025\/02\/Untitled-design-1-png.webp","type":"image\/png"}],"twitter_card":"summary_large_image","twitter_misc":{"Estimated reading time":"1 minute"},"schema":{"@context":"https:\/\/schema.org","@graph":[{"@type":"WebPage","@id":"https:\/\/www.korthajen.se\/product\/pokemon-mega-paket-vaska-20-boosters-tillbehor-och-mer\/","url":"https:\/\/www.korthajen.se\/product\/pokemon-mega-paket-vaska-20-boosters-tillbehor-och-mer\/","name":"Pok\u00e9mon Mega-paket (v\u00e4ska, 20 boosters, tillbeh\u00f6r och mer) - Korthajen","isPartOf":{"@id":"https:\/\/www.korthajen.se\/#website"},"primaryImageOfPage":{"@id":"https:\/\/www.korthajen.se\/product\/pokemon-mega-paket-vaska-20-boosters-tillbehor-och-mer\/#primaryimage"},"image":{"@id":"https:\/\/www.korthajen.se\/product\/pokemon-mega-paket-vaska-20-boosters-tillbehor-och-mer\/#primaryimage"},"thumbnailUrl":"https:\/\/i0.wp.com\/www.korthajen.se\/wp-content\/uploads\/2025\/02\/Untitled-design-1-png.webp?fit=1080%2C1080&ssl=1","datePublished":"2025-02-07T07:39:25+00:00","dateModified":"2025-06-04T09:47:08+00:00","description":"Vill du b\u00f6rja din samlarresa med ett brak-k\u00f6p, d\u00e5 \u00e4r v\u00e5rt \"Mega-paket\" n\u00e5got f\u00f6r dig. H\u00e4r sparar vi inte p\u00e5 krutet och du f\u00e5r v\u00e4ldigt mycket f\u00f6r pengarna!","breadcrumb":{"@id":"https:\/\/www.korthajen.se\/product\/pokemon-mega-paket-vaska-20-boosters-tillbehor-och-mer\/#breadcrumb"},"inLanguage":"en-GB","potentialAction":[{"@type":"ReadAction","target":["https:\/\/www.korthajen.se\/product\/pokemon-mega-paket-vaska-20-boosters-tillbehor-och-mer\/"]}]},{"@type":"ImageObject","inLanguage":"en-GB","@id":"https:\/\/www.korthajen.se\/product\/pokemon-mega-paket-vaska-20-boosters-tillbehor-och-mer\/#primaryimage","url":"https:\/\/i0.wp.com\/www.korthajen.se\/wp-content\/uploads\/2025\/02\/Untitled-design-1-png.webp?fit=1080%2C1080&ssl=1","contentUrl":"https:\/\/i0.wp.com\/www.korthajen.se\/wp-content\/uploads\/2025\/02\/Untitled-design-1-png.webp?fit=1080%2C1080&ssl=1","width":1080,"height":1080},{"@type":"BreadcrumbList","@id":"https:\/\/www.korthajen.se\/product\/pokemon-mega-paket-vaska-20-boosters-tillbehor-och-mer\/#breadcrumb","itemListElement":[{"@type":"ListItem","position":1,"name":"Hem","item":"https:\/\/www.korthajen.se\/"},{"@type":"ListItem","position":2,"name":"Sortiment &#8211; Allt inom samlarkort och tillbeh\u00f6r","item":"https:\/\/www.korthajen.se\/shop\/"},{"@type":"ListItem","position":3,"name":"Pok\u00e9mon Mega-paket (v\u00e4ska, 20 boosters, tillbeh\u00f6r och mer)"}]},{"@type":"WebSite","@id":"https:\/\/www.korthajen.se\/#website","url":"https:\/\/www.korthajen.se\/","name":"Korthajen","description":"Hj\u00e4lper samlare, nya som gamla.","publisher":{"@id":"https:\/\/www.korthajen.se\/#organization"},"potentialAction":[{"@type":"SearchAction","target":{"@type":"EntryPoint","urlTemplate":"https:\/\/www.korthajen.se\/?s={search_term_string}"},"query-input":{"@type":"PropertyValueSpecification","valueRequired":true,"valueName":"search_term_string"}}],"inLanguage":"en-GB"},{"@type":"Organization","@id":"https:\/\/www.korthajen.se\/#organization","name":"Korthajen","url":"https:\/\/www.korthajen.se\/","logo":{"@type":"ImageObject","inLanguage":"en-GB","@id":"https:\/\/www.korthajen.se\/#\/schema\/logo\/image\/","url":"https:\/\/www.korthajen.se\/wp-content\/uploads\/2024\/12\/Korthajen-png.avif","contentUrl":"https:\/\/www.korthajen.se\/wp-content\/uploads\/2024\/12\/Korthajen-png.avif","width":2100,"height":2100,"caption":"Korthajen"},"image":{"@id":"https:\/\/www.korthajen.se\/#\/schema\/logo\/image\/"},"sameAs":["https:\/\/facebook.com\/korthajen.se","https:\/\/instagram.com\/korthajen.se"]}]}},"jetpack_publicize_connections":[],"jetpack_sharing_enabled":true,"jetpack-related-posts":[],"_links":{"self":[{"href":"https:\/\/www.korthajen.se\/en\/wp-json\/wp\/v2\/product\/1631","targetHints":{"allow":["GET"]}}],"collection":[{"href":"https:\/\/www.korthajen.se\/en\/wp-json\/wp\/v2\/product"}],"about":[{"href":"https:\/\/www.korthajen.se\/en\/wp-json\/wp\/v2\/types\/product"}],"replies":[{"embeddable":true,"href":"https:\/\/www.korthajen.se\/en\/wp-json\/wp\/v2\/comments?post=1631"}],"wp:featuredmedia":[{"embeddable":true,"href":"https:\/\/www.korthajen.se\/en\/wp-json\/wp\/v2\/media\/1633"}],"wp:attachment":[{"href":"https:\/\/www.korthajen.se\/en\/wp-json\/wp\/v2\/media?parent=1631"}],"wp:term":[{"taxonomy":"product_brand","embeddable":true,"href":"https:\/\/www.korthajen.se\/en\/wp-json\/wp\/v2\/product_brand?post=1631"},{"taxonomy":"product_cat","embeddable":true,"href":"https:\/\/www.korthajen.se\/en\/wp-json\/wp\/v2\/product_cat?post=1631"},{"taxonomy":"product_tag","embeddable":true,"href":"https:\/\/www.korthajen.se\/en\/wp-json\/wp\/v2\/product_tag?post=1631"}],"curies":[{"name":"wp","href":"https:\/\/api.w.org\/{rel}","templated":true}]}}