{"id":2108,"date":"2025-07-06T17:23:46","date_gmt":"2025-07-06T17:23:46","guid":{"rendered":"https:\/\/www.korthajen.se\/product\/prismatic-evolutions-album-4-pocket-ultrapro-16549\/"},"modified":"2025-07-29T08:58:30","modified_gmt":"2025-07-29T08:58:30","slug":"prismatic-evolutions-album-4-pocket-ultrapro-16549","status":"publish","type":"product","link":"https:\/\/www.korthajen.se\/en\/product\/prismatic-evolutions-album-4-pocket-ultrapro-16549\/","title":{"rendered":"Prismatic Evolutions &#8211; Album &#8211; 4-Pocket UltraPro #16549"},"content":{"rendered":"<p data-start=\"135\" data-end=\"172\" style=\"font-style: normal;font-weight: 400;letter-spacing: normal;text-align: start;text-indent: 0px;text-transform: none;text-decoration: none\"><span class=\"relative -mx-px my-[-0.2rem] rounded px-px py-[0.2rem] transition-colors duration-100 ease-in-out\">Organisera och skydda dina favoritkort med denna officiella&nbsp;Ultra\u202fPro 4\u2011Pocket Portfolio&nbsp;fr\u00e5n&nbsp;Prismatic Evolutions-utg\u00e5van \u2013 perfekt f\u00f6r Pok\u00e9mon-samlare!<\/span><\/p>\n<h3 data-start=\"174\" data-end=\"187\" style=\"font-style: normal;letter-spacing: normal;text-align: start;text-indent: 0px;text-transform: none;text-decoration: none\">Inneh\u00e5ll:<\/h3>\n<ul data-start=\"188\" data-end=\"307\" style=\"font-style: normal;font-weight: 400;letter-spacing: normal;text-align: start;text-indent: 0px;text-transform: none;text-decoration: none\">\n<li data-start=\"188\" data-end=\"227\">\n<p data-start=\"190\" data-end=\"227\"><span class=\"relative -mx-px my-[-0.2rem] rounded px-px py-[0.2rem] transition-colors duration-100 ease-in-out\">1 portfoliop\u00e4rm med 12 sidor (4 fickor per sida)<\/span><\/p>\n<\/li>\n<li data-start=\"228\" data-end=\"267\">\n<p data-start=\"230\" data-end=\"267\"><span class=\"relative -mx-px my-[-0.2rem] rounded px-px py-[0.2rem] transition-colors duration-100 ease-in-out\">Rymmer upp till 40 kort om de \u00e4r enkelladdade, eller 80 kort dubbeltsidigt<\/span><\/p>\n<\/li>\n<li data-start=\"268\" data-end=\"307\">\n<p data-start=\"270\" data-end=\"307\"><span class=\"relative -mx-px my-[-0.2rem] rounded px-px py-[0.2rem] transition-colors duration-100 ease-in-out\">Mittenblad med fickor f\u00f6r upp till 4 jumbokort<\/span><\/p>\n<\/li>\n<\/ul>\n<h3 data-start=\"309\" data-end=\"324\" style=\"font-style: normal;letter-spacing: normal;text-align: start;text-indent: 0px;text-transform: none;text-decoration: none\">Funktioner:<\/h3>\n<ul data-start=\"325\" data-end=\"484\" style=\"font-style: normal;font-weight: 400;letter-spacing: normal;text-align: start;text-indent: 0px;text-transform: none;text-decoration: none\">\n<li data-start=\"325\" data-end=\"364\">\n<p data-start=\"327\" data-end=\"364\"><span class=\"relative -mx-px my-[-0.2rem] rounded px-px py-[0.2rem] transition-colors duration-100 ease-in-out\"><strong data-start=\"0\" data-end=\"17\" data-is-only-node=\"\">Vibrant motiv<\/strong><\/span><span class=\"relative -mx-px my-[-0.2rem] rounded px-px py-[0.2rem] transition-colors duration-100 ease-in-out\"><span class=\"Apple-converted-space\">&nbsp;<\/span><\/span><span class=\"relative -mx-px my-[-0.2rem] rounded px-px py-[0.2rem] transition-colors duration-100 ease-in-out\">\u2013 fullf\u00e4rgade illustrationer av Terastalliserade Espeon, Umbreon, Glaceon och Leafeon<\/span><\/p>\n<\/li>\n<li data-start=\"365\" data-end=\"404\">\n<p data-start=\"367\" data-end=\"404\"><span class=\"relative -mx-px my-[-0.2rem] rounded px-px py-[0.2rem] transition-colors duration-100 ease-in-out\"><strong data-start=\"0\" data-end=\"27\" data-is-only-node=\"\">Arkivs\u00e4ker konstruktion<\/strong><\/span><span class=\"relative -mx-px my-[-0.2rem] rounded px-px py-[0.2rem] transition-colors duration-100 ease-in-out\"><span class=\"Apple-converted-space\">&nbsp;<\/span><\/span><span class=\"relative -mx-px my-[-0.2rem] rounded px-px py-[0.2rem] transition-colors duration-100 ease-in-out\">\u2013 tillverkad av syrafritt, PVC-fritt och l\u00e5ngsiktigt skyddande polypropylenmaterial<\/span><\/p>\n<\/li>\n<li data-start=\"405\" data-end=\"444\">\n<p data-start=\"407\" data-end=\"444\"><span class=\"relative -mx-px my-[-0.2rem] rounded px-px py-[0.2rem] transition-colors duration-100 ease-in-out\"><strong data-start=\"0\" data-end=\"24\" data-is-only-node=\"\">Licensierad kvalitet<\/strong><\/span><span class=\"relative -mx-px my-[-0.2rem] rounded px-px py-[0.2rem] transition-colors duration-100 ease-in-out\"><span class=\"Apple-converted-space\">&nbsp;<\/span><\/span><span class=\"relative -mx-px my-[-0.2rem] rounded px-px py-[0.2rem] transition-colors duration-100 ease-in-out\">\u2013 officiell Pok\u00e9mon-TCG-produkt tillverkad i USA (Kalifornien)<\/span><\/p>\n<\/li>\n<li data-start=\"445\" data-end=\"484\">\n<p data-start=\"447\" data-end=\"484\"><span class=\"relative -mx-px my-[-0.2rem] rounded px-px py-[0.2rem] transition-colors duration-100 ease-in-out\"><strong data-start=\"0\" data-end=\"23\" data-is-only-node=\"\">Kompakt och elegant<\/strong><\/span><span class=\"relative -mx-px my-[-0.2rem] rounded px-px py-[0.2rem] transition-colors duration-100 ease-in-out\"><span class=\"Apple-converted-space\">&nbsp;<\/span><\/span><span class=\"relative -mx-px my-[-0.2rem] rounded px-px py-[0.2rem] transition-colors duration-100 ease-in-out\">\u2013 snygg och l\u00e4tt att ta med, f\u00f6r b\u00e5de f\u00f6rvaring och visning<\/span><\/p>\n<\/li>\n<\/ul>\n<h3 data-start=\"486\" data-end=\"501\" style=\"font-style: normal;letter-spacing: normal;text-align: start;text-indent: 0px;text-transform: none;text-decoration: none\">Passar f\u00f6r:<\/h3>\n<ul data-start=\"502\" data-end=\"625\" style=\"font-style: normal;font-weight: 400;letter-spacing: normal;text-align: start;text-indent: 0px;text-transform: none;text-decoration: none\">\n<li data-start=\"502\" data-end=\"541\">\n<p data-start=\"504\" data-end=\"541\"><span class=\"relative -mx-px my-[-0.2rem] rounded px-px py-[0.2rem] transition-colors duration-100 ease-in-out\"><strong data-start=\"0\" data-end=\"11\" data-is-only-node=\"\">Samlare<\/strong><\/span><span class=\"relative -mx-px my-[-0.2rem] rounded px-px py-[0.2rem] transition-colors duration-100 ease-in-out\"><span class=\"Apple-converted-space\">&nbsp;<\/span><\/span><span class=\"relative -mx-px my-[-0.2rem] rounded px-px py-[0.2rem] transition-colors duration-100 ease-in-out\">\u2013 ett stilfullt och s\u00e4kert s\u00e4tt att visa upp displaykort och jumbokort<\/span><\/p>\n<\/li>\n<li data-start=\"542\" data-end=\"583\">\n<p data-start=\"544\" data-end=\"583\"><span class=\"relative -mx-px my-[-0.2rem] rounded px-px py-[0.2rem] transition-colors duration-100 ease-in-out\"><strong data-start=\"0\" data-end=\"11\" data-is-only-node=\"\">Spelare<\/strong><\/span><span class=\"relative -mx-px my-[-0.2rem] rounded px-px py-[0.2rem] transition-colors duration-100 ease-in-out\"><span class=\"Apple-converted-space\">&nbsp;<\/span><\/span><span class=\"relative -mx-px my-[-0.2rem] rounded px-px py-[0.2rem] transition-colors duration-100 ease-in-out\">\u2013 snabbt komma \u00e5t och sortera kort inf\u00f6r matcher<\/span><\/p>\n<\/li>\n<li data-start=\"584\" data-end=\"625\">\n<p data-start=\"586\" data-end=\"625\"><span class=\"relative -mx-px my-[-0.2rem] rounded px-px py-[0.2rem] transition-colors duration-100 ease-in-out\"><strong data-start=\"0\" data-end=\"23\" data-is-only-node=\"\">Pok\u00e9mon-entusiaster<\/strong><\/span><span class=\"relative -mx-px my-[-0.2rem] rounded px-px py-[0.2rem] transition-colors duration-100 ease-in-out\"><span class=\"Apple-converted-space\">&nbsp;<\/span><\/span><span class=\"relative -mx-px my-[-0.2rem] rounded px-px py-[0.2rem] transition-colors duration-100 ease-in-out\">\u2013 uppskattad present till alla som \u00e4lskar kort och design<\/span><\/p>\n<\/li>\n<\/ul>","protected":false},"excerpt":{"rendered":"<p>Organisera och skydda dina favoritkort med denna officiella&nbsp;Ultra\u202fPro 4\u2011Pocket Portfolio&nbsp;fr\u00e5n&nbsp;Prismatic Evolutions-utg\u00e5van \u2013 perfekt f\u00f6r Pok\u00e9mon-samlare! Inneh\u00e5ll: 1 portfoliop\u00e4rm med 12 sidor (4 fickor per sida) Rymmer upp till 40 kort om de \u00e4r enkelladdade, eller 80 kort dubbeltsidigt Mittenblad med fickor f\u00f6r upp till 4 jumbokort Funktioner: Vibrant motiv&nbsp;\u2013 fullf\u00e4rgade illustrationer av Terastalliserade Espeon, Umbreon, [&hellip;]<\/p>","protected":false},"featured_media":2107,"comment_status":"open","ping_status":"closed","template":"","meta":{"jetpack_publicize_message":"","jetpack_publicize_feature_enabled":true,"jetpack_social_post_already_shared":true,"jetpack_social_options":{"image_generator_settings":{"template":"highway","default_image_id":0,"font":"","enabled":false},"version":2}},"product_brand":[],"product_cat":[38,43],"product_tag":[],"class_list":{"0":"post-2108","1":"product","2":"type-product","3":"status-publish","4":"has-post-thumbnail","6":"product_cat-pokemon","7":"product_cat-tillbehor","9":"first","10":"instock","11":"taxable","12":"shipping-taxable","13":"purchasable","14":"product-type-simple"},"yoast_head":"<!-- This site is optimized with the Yoast SEO plugin v26.2 - https:\/\/yoast.com\/wordpress\/plugins\/seo\/ -->\n<title>Prismatic Evolutions - Album - 4-Pocket UltraPro #16549 - Korthajen<\/title>\n<meta name=\"robots\" content=\"index, follow, max-snippet:-1, max-image-preview:large, max-video-preview:-1\" \/>\n<link rel=\"canonical\" href=\"https:\/\/www.korthajen.se\/en\/product\/prismatic-evolutions-album-4-pocket-ultrapro-16549\/\" \/>\n<meta property=\"og:locale\" content=\"en_GB\" \/>\n<meta property=\"og:type\" content=\"article\" \/>\n<meta property=\"og:title\" content=\"Prismatic Evolutions - Album - 4-Pocket UltraPro #16549 - Korthajen\" \/>\n<meta property=\"og:description\" content=\"Organisera och skydda dina favoritkort med denna officiella&nbsp;Ultra\u202fPro 4\u2011Pocket Portfolio&nbsp;fr\u00e5n&nbsp;Prismatic Evolutions-utg\u00e5van \u2013 perfekt f\u00f6r Pok\u00e9mon-samlare! Inneh\u00e5ll: 1 portfoliop\u00e4rm med 12 sidor (4 fickor per sida) Rymmer upp till 40 kort om de \u00e4r enkelladdade, eller 80 kort dubbeltsidigt Mittenblad med fickor f\u00f6r upp till 4 jumbokort Funktioner: Vibrant motiv&nbsp;\u2013 fullf\u00e4rgade illustrationer av Terastalliserade Espeon, Umbreon, [&hellip;]\" \/>\n<meta property=\"og:url\" content=\"https:\/\/www.korthajen.se\/en\/product\/prismatic-evolutions-album-4-pocket-ultrapro-16549\/\" \/>\n<meta property=\"og:site_name\" content=\"Korthajen\" \/>\n<meta property=\"article:publisher\" content=\"https:\/\/facebook.com\/korthajen.se\" \/>\n<meta property=\"article:modified_time\" content=\"2025-07-29T08:58:30+00:00\" \/>\n<meta property=\"og:image\" content=\"https:\/\/www.korthajen.se\/wp-content\/uploads\/2025\/07\/img_2926-1-scaled.jpeg\" \/>\n\t<meta property=\"og:image:width\" content=\"1920\" \/>\n\t<meta property=\"og:image:height\" content=\"2560\" \/>\n\t<meta property=\"og:image:type\" content=\"image\/jpeg\" \/>\n<meta name=\"twitter:card\" content=\"summary_large_image\" \/>\n<meta name=\"twitter:label1\" content=\"Estimated reading time\" \/>\n\t<meta name=\"twitter:data1\" content=\"1 minute\" \/>\n<script type=\"application\/ld+json\" class=\"yoast-schema-graph\">{\"@context\":\"https:\/\/schema.org\",\"@graph\":[{\"@type\":\"WebPage\",\"@id\":\"https:\/\/www.korthajen.se\/product\/prismatic-evolutions-album-4-pocket-ultrapro-16549\/\",\"url\":\"https:\/\/www.korthajen.se\/product\/prismatic-evolutions-album-4-pocket-ultrapro-16549\/\",\"name\":\"Prismatic Evolutions - Album - 4-Pocket UltraPro #16549 - Korthajen\",\"isPartOf\":{\"@id\":\"https:\/\/www.korthajen.se\/#website\"},\"primaryImageOfPage\":{\"@id\":\"https:\/\/www.korthajen.se\/product\/prismatic-evolutions-album-4-pocket-ultrapro-16549\/#primaryimage\"},\"image\":{\"@id\":\"https:\/\/www.korthajen.se\/product\/prismatic-evolutions-album-4-pocket-ultrapro-16549\/#primaryimage\"},\"thumbnailUrl\":\"https:\/\/i0.wp.com\/www.korthajen.se\/wp-content\/uploads\/2025\/07\/img_2926-1-scaled.jpeg?fit=1920%2C2560&ssl=1\",\"datePublished\":\"2025-07-06T17:23:46+00:00\",\"dateModified\":\"2025-07-29T08:58:30+00:00\",\"breadcrumb\":{\"@id\":\"https:\/\/www.korthajen.se\/product\/prismatic-evolutions-album-4-pocket-ultrapro-16549\/#breadcrumb\"},\"inLanguage\":\"en-GB\",\"potentialAction\":[{\"@type\":\"ReadAction\",\"target\":[\"https:\/\/www.korthajen.se\/product\/prismatic-evolutions-album-4-pocket-ultrapro-16549\/\"]}]},{\"@type\":\"ImageObject\",\"inLanguage\":\"en-GB\",\"@id\":\"https:\/\/www.korthajen.se\/product\/prismatic-evolutions-album-4-pocket-ultrapro-16549\/#primaryimage\",\"url\":\"https:\/\/i0.wp.com\/www.korthajen.se\/wp-content\/uploads\/2025\/07\/img_2926-1-scaled.jpeg?fit=1920%2C2560&ssl=1\",\"contentUrl\":\"https:\/\/i0.wp.com\/www.korthajen.se\/wp-content\/uploads\/2025\/07\/img_2926-1-scaled.jpeg?fit=1920%2C2560&ssl=1\",\"width\":1920,\"height\":2560},{\"@type\":\"BreadcrumbList\",\"@id\":\"https:\/\/www.korthajen.se\/product\/prismatic-evolutions-album-4-pocket-ultrapro-16549\/#breadcrumb\",\"itemListElement\":[{\"@type\":\"ListItem\",\"position\":1,\"name\":\"Hem\",\"item\":\"https:\/\/www.korthajen.se\/\"},{\"@type\":\"ListItem\",\"position\":2,\"name\":\"Sortiment &#8211; Allt inom samlarkort och tillbeh\u00f6r\",\"item\":\"https:\/\/www.korthajen.se\/shop\/\"},{\"@type\":\"ListItem\",\"position\":3,\"name\":\"Prismatic Evolutions &#8211; Album &#8211; 4-Pocket UltraPro #16549\"}]},{\"@type\":\"WebSite\",\"@id\":\"https:\/\/www.korthajen.se\/#website\",\"url\":\"https:\/\/www.korthajen.se\/\",\"name\":\"Korthajen\",\"description\":\"Hj\u00e4lper samlare, nya som gamla.\",\"publisher\":{\"@id\":\"https:\/\/www.korthajen.se\/#organization\"},\"potentialAction\":[{\"@type\":\"SearchAction\",\"target\":{\"@type\":\"EntryPoint\",\"urlTemplate\":\"https:\/\/www.korthajen.se\/?s={search_term_string}\"},\"query-input\":{\"@type\":\"PropertyValueSpecification\",\"valueRequired\":true,\"valueName\":\"search_term_string\"}}],\"inLanguage\":\"en-GB\"},{\"@type\":\"Organization\",\"@id\":\"https:\/\/www.korthajen.se\/#organization\",\"name\":\"Korthajen\",\"url\":\"https:\/\/www.korthajen.se\/\",\"logo\":{\"@type\":\"ImageObject\",\"inLanguage\":\"en-GB\",\"@id\":\"https:\/\/www.korthajen.se\/#\/schema\/logo\/image\/\",\"url\":\"https:\/\/www.korthajen.se\/wp-content\/uploads\/2024\/12\/Korthajen-png.avif\",\"contentUrl\":\"https:\/\/www.korthajen.se\/wp-content\/uploads\/2024\/12\/Korthajen-png.avif\",\"width\":2100,\"height\":2100,\"caption\":\"Korthajen\"},\"image\":{\"@id\":\"https:\/\/www.korthajen.se\/#\/schema\/logo\/image\/\"},\"sameAs\":[\"https:\/\/facebook.com\/korthajen.se\",\"https:\/\/instagram.com\/korthajen.se\"]}]}<\/script>\n<!-- \/ Yoast SEO plugin. -->","yoast_head_json":{"title":"Prismatic Evolutions - Album - 4-Pocket UltraPro #16549 - Korthajen","robots":{"index":"index","follow":"follow","max-snippet":"max-snippet:-1","max-image-preview":"max-image-preview:large","max-video-preview":"max-video-preview:-1"},"canonical":"https:\/\/www.korthajen.se\/en\/product\/prismatic-evolutions-album-4-pocket-ultrapro-16549\/","og_locale":"en_GB","og_type":"article","og_title":"Prismatic Evolutions - Album - 4-Pocket UltraPro #16549 - Korthajen","og_description":"Organisera och skydda dina favoritkort med denna officiella&nbsp;Ultra\u202fPro 4\u2011Pocket Portfolio&nbsp;fr\u00e5n&nbsp;Prismatic Evolutions-utg\u00e5van \u2013 perfekt f\u00f6r Pok\u00e9mon-samlare! Inneh\u00e5ll: 1 portfoliop\u00e4rm med 12 sidor (4 fickor per sida) Rymmer upp till 40 kort om de \u00e4r enkelladdade, eller 80 kort dubbeltsidigt Mittenblad med fickor f\u00f6r upp till 4 jumbokort Funktioner: Vibrant motiv&nbsp;\u2013 fullf\u00e4rgade illustrationer av Terastalliserade Espeon, Umbreon, [&hellip;]","og_url":"https:\/\/www.korthajen.se\/en\/product\/prismatic-evolutions-album-4-pocket-ultrapro-16549\/","og_site_name":"Korthajen","article_publisher":"https:\/\/facebook.com\/korthajen.se","article_modified_time":"2025-07-29T08:58:30+00:00","og_image":[{"width":1920,"height":2560,"url":"https:\/\/www.korthajen.se\/wp-content\/uploads\/2025\/07\/img_2926-1-scaled.jpeg","type":"image\/jpeg"}],"twitter_card":"summary_large_image","twitter_misc":{"Estimated reading time":"1 minute"},"schema":{"@context":"https:\/\/schema.org","@graph":[{"@type":"WebPage","@id":"https:\/\/www.korthajen.se\/product\/prismatic-evolutions-album-4-pocket-ultrapro-16549\/","url":"https:\/\/www.korthajen.se\/product\/prismatic-evolutions-album-4-pocket-ultrapro-16549\/","name":"Prismatic Evolutions - Album - 4-Pocket UltraPro #16549 - Korthajen","isPartOf":{"@id":"https:\/\/www.korthajen.se\/#website"},"primaryImageOfPage":{"@id":"https:\/\/www.korthajen.se\/product\/prismatic-evolutions-album-4-pocket-ultrapro-16549\/#primaryimage"},"image":{"@id":"https:\/\/www.korthajen.se\/product\/prismatic-evolutions-album-4-pocket-ultrapro-16549\/#primaryimage"},"thumbnailUrl":"https:\/\/i0.wp.com\/www.korthajen.se\/wp-content\/uploads\/2025\/07\/img_2926-1-scaled.jpeg?fit=1920%2C2560&ssl=1","datePublished":"2025-07-06T17:23:46+00:00","dateModified":"2025-07-29T08:58:30+00:00","breadcrumb":{"@id":"https:\/\/www.korthajen.se\/product\/prismatic-evolutions-album-4-pocket-ultrapro-16549\/#breadcrumb"},"inLanguage":"en-GB","potentialAction":[{"@type":"ReadAction","target":["https:\/\/www.korthajen.se\/product\/prismatic-evolutions-album-4-pocket-ultrapro-16549\/"]}]},{"@type":"ImageObject","inLanguage":"en-GB","@id":"https:\/\/www.korthajen.se\/product\/prismatic-evolutions-album-4-pocket-ultrapro-16549\/#primaryimage","url":"https:\/\/i0.wp.com\/www.korthajen.se\/wp-content\/uploads\/2025\/07\/img_2926-1-scaled.jpeg?fit=1920%2C2560&ssl=1","contentUrl":"https:\/\/i0.wp.com\/www.korthajen.se\/wp-content\/uploads\/2025\/07\/img_2926-1-scaled.jpeg?fit=1920%2C2560&ssl=1","width":1920,"height":2560},{"@type":"BreadcrumbList","@id":"https:\/\/www.korthajen.se\/product\/prismatic-evolutions-album-4-pocket-ultrapro-16549\/#breadcrumb","itemListElement":[{"@type":"ListItem","position":1,"name":"Hem","item":"https:\/\/www.korthajen.se\/"},{"@type":"ListItem","position":2,"name":"Sortiment &#8211; Allt inom samlarkort och tillbeh\u00f6r","item":"https:\/\/www.korthajen.se\/shop\/"},{"@type":"ListItem","position":3,"name":"Prismatic Evolutions &#8211; Album &#8211; 4-Pocket UltraPro #16549"}]},{"@type":"WebSite","@id":"https:\/\/www.korthajen.se\/#website","url":"https:\/\/www.korthajen.se\/","name":"Korthajen","description":"Hj\u00e4lper samlare, nya som gamla.","publisher":{"@id":"https:\/\/www.korthajen.se\/#organization"},"potentialAction":[{"@type":"SearchAction","target":{"@type":"EntryPoint","urlTemplate":"https:\/\/www.korthajen.se\/?s={search_term_string}"},"query-input":{"@type":"PropertyValueSpecification","valueRequired":true,"valueName":"search_term_string"}}],"inLanguage":"en-GB"},{"@type":"Organization","@id":"https:\/\/www.korthajen.se\/#organization","name":"Korthajen","url":"https:\/\/www.korthajen.se\/","logo":{"@type":"ImageObject","inLanguage":"en-GB","@id":"https:\/\/www.korthajen.se\/#\/schema\/logo\/image\/","url":"https:\/\/www.korthajen.se\/wp-content\/uploads\/2024\/12\/Korthajen-png.avif","contentUrl":"https:\/\/www.korthajen.se\/wp-content\/uploads\/2024\/12\/Korthajen-png.avif","width":2100,"height":2100,"caption":"Korthajen"},"image":{"@id":"https:\/\/www.korthajen.se\/#\/schema\/logo\/image\/"},"sameAs":["https:\/\/facebook.com\/korthajen.se","https:\/\/instagram.com\/korthajen.se"]}]}},"jetpack_publicize_connections":[],"jetpack_sharing_enabled":true,"jetpack-related-posts":[],"_links":{"self":[{"href":"https:\/\/www.korthajen.se\/en\/wp-json\/wp\/v2\/product\/2108","targetHints":{"allow":["GET"]}}],"collection":[{"href":"https:\/\/www.korthajen.se\/en\/wp-json\/wp\/v2\/product"}],"about":[{"href":"https:\/\/www.korthajen.se\/en\/wp-json\/wp\/v2\/types\/product"}],"replies":[{"embeddable":true,"href":"https:\/\/www.korthajen.se\/en\/wp-json\/wp\/v2\/comments?post=2108"}],"wp:featuredmedia":[{"embeddable":true,"href":"https:\/\/www.korthajen.se\/en\/wp-json\/wp\/v2\/media\/2107"}],"wp:attachment":[{"href":"https:\/\/www.korthajen.se\/en\/wp-json\/wp\/v2\/media?parent=2108"}],"wp:term":[{"taxonomy":"product_brand","embeddable":true,"href":"https:\/\/www.korthajen.se\/en\/wp-json\/wp\/v2\/product_brand?post=2108"},{"taxonomy":"product_cat","embeddable":true,"href":"https:\/\/www.korthajen.se\/en\/wp-json\/wp\/v2\/product_cat?post=2108"},{"taxonomy":"product_tag","embeddable":true,"href":"https:\/\/www.korthajen.se\/en\/wp-json\/wp\/v2\/product_tag?post=2108"}],"curies":[{"name":"wp","href":"https:\/\/api.w.org\/{rel}","templated":true}]}}