{"id":2188,"date":"2025-07-27T11:58:44","date_gmt":"2025-07-27T11:58:44","guid":{"rendered":"https:\/\/www.korthajen.se\/?post_type=product&#038;p=2188"},"modified":"2025-07-27T12:00:03","modified_gmt":"2025-07-27T12:00:03","slug":"booster-prenumeration-pokemon-asien-mellan","status":"publish","type":"product","link":"https:\/\/www.korthajen.se\/en\/product\/booster-prenumeration-pokemon-asien-mellan\/","title":{"rendered":"Booster-prenumeration Pok\u00e9mon Asien Mellan"},"content":{"rendered":"<p><strong>PRENUMERATION ASIEN<\/strong><\/p>\n<p>Vet du med dig att du brukar k\u00f6pa booster packs f\u00f6r Pok\u00e9mon lite d\u00e5 och d\u00e5? Vill du ha en \u00f6veraskning varje m\u00e5nad? <strong>Bryr du dig inte om spr\u00e5ket utan vill hellre ha fler paket att \u00f6ppna?<\/strong> D\u00e5 \u00e4r det h\u00e4r r\u00e4tt produkt f\u00f6r dig.<br \/>\nEftersom asiatiska booster packs kostar mindre f\u00f6r oss att k\u00f6pa in f\u00e5r man fler i denna prenumeration j\u00e4mf\u00f6rt med de engelska.<\/p>\n<p>Vad du f\u00e5r:<\/p>\n<ul>\n<li>Ett antal koreanska\/japanska\/kinesiska boosters skickat hem till dig varje m\u00e5nad, beroende p\u00e5 storlek p\u00e5 paket.<\/li>\n<li>En liten present, beroende p\u00e5 vad som \u00e4r hett just nu.<\/li>\n<\/ul>\n<p>Perfekt f\u00f6r alla som samlar regelbundet.<\/p>\n<p>&nbsp;<\/p>\n<p><em>Detta \u00e4r en prenumeration som kostar 249 kr m\u00e5nad inklusive frakt. Prenumerationen g\u00e5r n\u00e4r som helst att avsluta och du betalar bara f\u00f6r de boosters vi skickar till dig.<\/em><\/p>","protected":false},"excerpt":{"rendered":"<p>Vet du med dig att du brukar k\u00f6pa booster packs f\u00f6r Pok\u00e9mon lite d\u00e5 och d\u00e5? Vill du ha en \u00f6veraskning varje m\u00e5nad? <strong>Bryr du dig inte om spr\u00e5ket utan vill hellre ha fler paket att \u00f6ppna?<\/strong> D\u00e5 \u00e4r det h\u00e4r r\u00e4tt produkt f\u00f6r dig.<\/p>","protected":false},"featured_media":2187,"comment_status":"open","ping_status":"closed","template":"","meta":{"jetpack_publicize_message":"Booster-prenumeration Pok\u00e9mon Asien Mellan","jetpack_publicize_feature_enabled":true,"jetpack_social_post_already_shared":true,"jetpack_social_options":{"image_generator_settings":{"template":"highway","default_image_id":0,"font":"","enabled":false},"version":2}},"product_brand":[],"product_cat":[48,61,38],"product_tag":[80],"class_list":{"0":"post-2188","1":"product","2":"type-product","3":"status-publish","4":"has-post-thumbnail","6":"product_cat-booster-pack-pokemon","7":"product_cat-bundles-etbs","8":"product_cat-pokemon","9":"product_tag-80","11":"first","12":"instock","13":"virtual","14":"taxable","15":"purchasable","16":"product-type-simple"},"yoast_head":"<!-- This site is optimized with the Yoast SEO plugin v26.2 - https:\/\/yoast.com\/wordpress\/plugins\/seo\/ -->\n<title>Booster-prenumeration Pok\u00e9mon Asien Mellan - Korthajen<\/title>\n<meta name=\"description\" content=\"Vet du med dig att du brukar k\u00f6pa booster packs f\u00f6r Pok\u00e9mon lite d\u00e5 och d\u00e5? Vill du ha en \u00f6veraskning varje m\u00e5nad? D\u00e5 \u00e4r det h\u00e4r r\u00e4tt produkt f\u00f6r dig. Vad du f\u00e5r: 6-9 boosters skickat hem till dig varje m\u00e5nad.\" \/>\n<meta name=\"robots\" content=\"index, follow, max-snippet:-1, max-image-preview:large, max-video-preview:-1\" \/>\n<link rel=\"canonical\" href=\"https:\/\/www.korthajen.se\/en\/product\/booster-prenumeration-pokemon-asien-mellan\/\" \/>\n<meta property=\"og:locale\" content=\"en_GB\" \/>\n<meta property=\"og:type\" content=\"article\" \/>\n<meta property=\"og:title\" content=\"Booster-prenumeration Pok\u00e9mon Asien Mellan - Korthajen\" \/>\n<meta property=\"og:description\" content=\"Vet du med dig att du brukar k\u00f6pa booster packs f\u00f6r Pok\u00e9mon lite d\u00e5 och d\u00e5? Vill du ha en \u00f6veraskning varje m\u00e5nad? D\u00e5 \u00e4r det h\u00e4r r\u00e4tt produkt f\u00f6r dig. Vad du f\u00e5r: 6-9 boosters skickat hem till dig varje m\u00e5nad.\" \/>\n<meta property=\"og:url\" content=\"https:\/\/www.korthajen.se\/en\/product\/booster-prenumeration-pokemon-asien-mellan\/\" \/>\n<meta property=\"og:site_name\" content=\"Korthajen\" \/>\n<meta property=\"article:publisher\" content=\"https:\/\/facebook.com\/korthajen.se\" \/>\n<meta property=\"article:modified_time\" content=\"2025-07-27T12:00:03+00:00\" \/>\n<meta property=\"og:image\" content=\"https:\/\/www.korthajen.se\/wp-content\/uploads\/2025\/07\/IMG_3023-scaled.jpg\" \/>\n\t<meta property=\"og:image:width\" content=\"2546\" \/>\n\t<meta property=\"og:image:height\" content=\"2560\" \/>\n\t<meta property=\"og:image:type\" content=\"image\/jpeg\" \/>\n<meta name=\"twitter:card\" content=\"summary_large_image\" \/>\n<meta name=\"twitter:label1\" content=\"Estimated reading time\" \/>\n\t<meta name=\"twitter:data1\" content=\"1 minute\" \/>\n<script type=\"application\/ld+json\" class=\"yoast-schema-graph\">{\"@context\":\"https:\/\/schema.org\",\"@graph\":[{\"@type\":\"WebPage\",\"@id\":\"https:\/\/www.korthajen.se\/product\/booster-prenumeration-pokemon-asien-mellan\/\",\"url\":\"https:\/\/www.korthajen.se\/product\/booster-prenumeration-pokemon-asien-mellan\/\",\"name\":\"Booster-prenumeration Pok\u00e9mon Asien Mellan - Korthajen\",\"isPartOf\":{\"@id\":\"https:\/\/www.korthajen.se\/#website\"},\"primaryImageOfPage\":{\"@id\":\"https:\/\/www.korthajen.se\/product\/booster-prenumeration-pokemon-asien-mellan\/#primaryimage\"},\"image\":{\"@id\":\"https:\/\/www.korthajen.se\/product\/booster-prenumeration-pokemon-asien-mellan\/#primaryimage\"},\"thumbnailUrl\":\"https:\/\/i0.wp.com\/www.korthajen.se\/wp-content\/uploads\/2025\/07\/IMG_3023-scaled.jpg?fit=2546%2C2560&ssl=1\",\"datePublished\":\"2025-07-27T11:58:44+00:00\",\"dateModified\":\"2025-07-27T12:00:03+00:00\",\"description\":\"Vet du med dig att du brukar k\u00f6pa booster packs f\u00f6r Pok\u00e9mon lite d\u00e5 och d\u00e5? Vill du ha en \u00f6veraskning varje m\u00e5nad? D\u00e5 \u00e4r det h\u00e4r r\u00e4tt produkt f\u00f6r dig. Vad du f\u00e5r: 6-9 boosters skickat hem till dig varje m\u00e5nad.\",\"breadcrumb\":{\"@id\":\"https:\/\/www.korthajen.se\/product\/booster-prenumeration-pokemon-asien-mellan\/#breadcrumb\"},\"inLanguage\":\"en-GB\",\"potentialAction\":[{\"@type\":\"ReadAction\",\"target\":[\"https:\/\/www.korthajen.se\/product\/booster-prenumeration-pokemon-asien-mellan\/\"]}]},{\"@type\":\"ImageObject\",\"inLanguage\":\"en-GB\",\"@id\":\"https:\/\/www.korthajen.se\/product\/booster-prenumeration-pokemon-asien-mellan\/#primaryimage\",\"url\":\"https:\/\/i0.wp.com\/www.korthajen.se\/wp-content\/uploads\/2025\/07\/IMG_3023-scaled.jpg?fit=2546%2C2560&ssl=1\",\"contentUrl\":\"https:\/\/i0.wp.com\/www.korthajen.se\/wp-content\/uploads\/2025\/07\/IMG_3023-scaled.jpg?fit=2546%2C2560&ssl=1\",\"width\":2546,\"height\":2560},{\"@type\":\"BreadcrumbList\",\"@id\":\"https:\/\/www.korthajen.se\/product\/booster-prenumeration-pokemon-asien-mellan\/#breadcrumb\",\"itemListElement\":[{\"@type\":\"ListItem\",\"position\":1,\"name\":\"Hem\",\"item\":\"https:\/\/www.korthajen.se\/\"},{\"@type\":\"ListItem\",\"position\":2,\"name\":\"Sortiment &#8211; Allt inom samlarkort och tillbeh\u00f6r\",\"item\":\"https:\/\/www.korthajen.se\/shop\/\"},{\"@type\":\"ListItem\",\"position\":3,\"name\":\"Booster-prenumeration Pok\u00e9mon Asien Mellan\"}]},{\"@type\":\"WebSite\",\"@id\":\"https:\/\/www.korthajen.se\/#website\",\"url\":\"https:\/\/www.korthajen.se\/\",\"name\":\"Korthajen\",\"description\":\"Hj\u00e4lper samlare, nya som gamla.\",\"publisher\":{\"@id\":\"https:\/\/www.korthajen.se\/#organization\"},\"potentialAction\":[{\"@type\":\"SearchAction\",\"target\":{\"@type\":\"EntryPoint\",\"urlTemplate\":\"https:\/\/www.korthajen.se\/?s={search_term_string}\"},\"query-input\":{\"@type\":\"PropertyValueSpecification\",\"valueRequired\":true,\"valueName\":\"search_term_string\"}}],\"inLanguage\":\"en-GB\"},{\"@type\":\"Organization\",\"@id\":\"https:\/\/www.korthajen.se\/#organization\",\"name\":\"Korthajen\",\"url\":\"https:\/\/www.korthajen.se\/\",\"logo\":{\"@type\":\"ImageObject\",\"inLanguage\":\"en-GB\",\"@id\":\"https:\/\/www.korthajen.se\/#\/schema\/logo\/image\/\",\"url\":\"https:\/\/www.korthajen.se\/wp-content\/uploads\/2024\/12\/Korthajen-png.avif\",\"contentUrl\":\"https:\/\/www.korthajen.se\/wp-content\/uploads\/2024\/12\/Korthajen-png.avif\",\"width\":2100,\"height\":2100,\"caption\":\"Korthajen\"},\"image\":{\"@id\":\"https:\/\/www.korthajen.se\/#\/schema\/logo\/image\/\"},\"sameAs\":[\"https:\/\/facebook.com\/korthajen.se\",\"https:\/\/instagram.com\/korthajen.se\"]}]}<\/script>\n<!-- \/ Yoast SEO plugin. -->","yoast_head_json":{"title":"Booster-prenumeration Pok\u00e9mon Asien Mellan - Korthajen","description":"Vet du med dig att du brukar k\u00f6pa booster packs f\u00f6r Pok\u00e9mon lite d\u00e5 och d\u00e5? Vill du ha en \u00f6veraskning varje m\u00e5nad? D\u00e5 \u00e4r det h\u00e4r r\u00e4tt produkt f\u00f6r dig. Vad du f\u00e5r: 6-9 boosters skickat hem till dig varje m\u00e5nad.","robots":{"index":"index","follow":"follow","max-snippet":"max-snippet:-1","max-image-preview":"max-image-preview:large","max-video-preview":"max-video-preview:-1"},"canonical":"https:\/\/www.korthajen.se\/en\/product\/booster-prenumeration-pokemon-asien-mellan\/","og_locale":"en_GB","og_type":"article","og_title":"Booster-prenumeration Pok\u00e9mon Asien Mellan - Korthajen","og_description":"Vet du med dig att du brukar k\u00f6pa booster packs f\u00f6r Pok\u00e9mon lite d\u00e5 och d\u00e5? Vill du ha en \u00f6veraskning varje m\u00e5nad? D\u00e5 \u00e4r det h\u00e4r r\u00e4tt produkt f\u00f6r dig. Vad du f\u00e5r: 6-9 boosters skickat hem till dig varje m\u00e5nad.","og_url":"https:\/\/www.korthajen.se\/en\/product\/booster-prenumeration-pokemon-asien-mellan\/","og_site_name":"Korthajen","article_publisher":"https:\/\/facebook.com\/korthajen.se","article_modified_time":"2025-07-27T12:00:03+00:00","og_image":[{"width":2546,"height":2560,"url":"https:\/\/www.korthajen.se\/wp-content\/uploads\/2025\/07\/IMG_3023-scaled.jpg","type":"image\/jpeg"}],"twitter_card":"summary_large_image","twitter_misc":{"Estimated reading time":"1 minute"},"schema":{"@context":"https:\/\/schema.org","@graph":[{"@type":"WebPage","@id":"https:\/\/www.korthajen.se\/product\/booster-prenumeration-pokemon-asien-mellan\/","url":"https:\/\/www.korthajen.se\/product\/booster-prenumeration-pokemon-asien-mellan\/","name":"Booster-prenumeration Pok\u00e9mon Asien Mellan - Korthajen","isPartOf":{"@id":"https:\/\/www.korthajen.se\/#website"},"primaryImageOfPage":{"@id":"https:\/\/www.korthajen.se\/product\/booster-prenumeration-pokemon-asien-mellan\/#primaryimage"},"image":{"@id":"https:\/\/www.korthajen.se\/product\/booster-prenumeration-pokemon-asien-mellan\/#primaryimage"},"thumbnailUrl":"https:\/\/i0.wp.com\/www.korthajen.se\/wp-content\/uploads\/2025\/07\/IMG_3023-scaled.jpg?fit=2546%2C2560&ssl=1","datePublished":"2025-07-27T11:58:44+00:00","dateModified":"2025-07-27T12:00:03+00:00","description":"Vet du med dig att du brukar k\u00f6pa booster packs f\u00f6r Pok\u00e9mon lite d\u00e5 och d\u00e5? Vill du ha en \u00f6veraskning varje m\u00e5nad? D\u00e5 \u00e4r det h\u00e4r r\u00e4tt produkt f\u00f6r dig. Vad du f\u00e5r: 6-9 boosters skickat hem till dig varje m\u00e5nad.","breadcrumb":{"@id":"https:\/\/www.korthajen.se\/product\/booster-prenumeration-pokemon-asien-mellan\/#breadcrumb"},"inLanguage":"en-GB","potentialAction":[{"@type":"ReadAction","target":["https:\/\/www.korthajen.se\/product\/booster-prenumeration-pokemon-asien-mellan\/"]}]},{"@type":"ImageObject","inLanguage":"en-GB","@id":"https:\/\/www.korthajen.se\/product\/booster-prenumeration-pokemon-asien-mellan\/#primaryimage","url":"https:\/\/i0.wp.com\/www.korthajen.se\/wp-content\/uploads\/2025\/07\/IMG_3023-scaled.jpg?fit=2546%2C2560&ssl=1","contentUrl":"https:\/\/i0.wp.com\/www.korthajen.se\/wp-content\/uploads\/2025\/07\/IMG_3023-scaled.jpg?fit=2546%2C2560&ssl=1","width":2546,"height":2560},{"@type":"BreadcrumbList","@id":"https:\/\/www.korthajen.se\/product\/booster-prenumeration-pokemon-asien-mellan\/#breadcrumb","itemListElement":[{"@type":"ListItem","position":1,"name":"Hem","item":"https:\/\/www.korthajen.se\/"},{"@type":"ListItem","position":2,"name":"Sortiment &#8211; Allt inom samlarkort och tillbeh\u00f6r","item":"https:\/\/www.korthajen.se\/shop\/"},{"@type":"ListItem","position":3,"name":"Booster-prenumeration Pok\u00e9mon Asien Mellan"}]},{"@type":"WebSite","@id":"https:\/\/www.korthajen.se\/#website","url":"https:\/\/www.korthajen.se\/","name":"Korthajen","description":"Hj\u00e4lper samlare, nya som gamla.","publisher":{"@id":"https:\/\/www.korthajen.se\/#organization"},"potentialAction":[{"@type":"SearchAction","target":{"@type":"EntryPoint","urlTemplate":"https:\/\/www.korthajen.se\/?s={search_term_string}"},"query-input":{"@type":"PropertyValueSpecification","valueRequired":true,"valueName":"search_term_string"}}],"inLanguage":"en-GB"},{"@type":"Organization","@id":"https:\/\/www.korthajen.se\/#organization","name":"Korthajen","url":"https:\/\/www.korthajen.se\/","logo":{"@type":"ImageObject","inLanguage":"en-GB","@id":"https:\/\/www.korthajen.se\/#\/schema\/logo\/image\/","url":"https:\/\/www.korthajen.se\/wp-content\/uploads\/2024\/12\/Korthajen-png.avif","contentUrl":"https:\/\/www.korthajen.se\/wp-content\/uploads\/2024\/12\/Korthajen-png.avif","width":2100,"height":2100,"caption":"Korthajen"},"image":{"@id":"https:\/\/www.korthajen.se\/#\/schema\/logo\/image\/"},"sameAs":["https:\/\/facebook.com\/korthajen.se","https:\/\/instagram.com\/korthajen.se"]}]}},"jetpack_publicize_connections":[],"jetpack_sharing_enabled":true,"jetpack-related-posts":[],"_links":{"self":[{"href":"https:\/\/www.korthajen.se\/en\/wp-json\/wp\/v2\/product\/2188","targetHints":{"allow":["GET"]}}],"collection":[{"href":"https:\/\/www.korthajen.se\/en\/wp-json\/wp\/v2\/product"}],"about":[{"href":"https:\/\/www.korthajen.se\/en\/wp-json\/wp\/v2\/types\/product"}],"replies":[{"embeddable":true,"href":"https:\/\/www.korthajen.se\/en\/wp-json\/wp\/v2\/comments?post=2188"}],"wp:featuredmedia":[{"embeddable":true,"href":"https:\/\/www.korthajen.se\/en\/wp-json\/wp\/v2\/media\/2187"}],"wp:attachment":[{"href":"https:\/\/www.korthajen.se\/en\/wp-json\/wp\/v2\/media?parent=2188"}],"wp:term":[{"taxonomy":"product_brand","embeddable":true,"href":"https:\/\/www.korthajen.se\/en\/wp-json\/wp\/v2\/product_brand?post=2188"},{"taxonomy":"product_cat","embeddable":true,"href":"https:\/\/www.korthajen.se\/en\/wp-json\/wp\/v2\/product_cat?post=2188"},{"taxonomy":"product_tag","embeddable":true,"href":"https:\/\/www.korthajen.se\/en\/wp-json\/wp\/v2\/product_tag?post=2188"}],"curies":[{"name":"wp","href":"https:\/\/api.w.org\/{rel}","templated":true}]}}