{"id":519,"date":"2024-11-15T20:00:41","date_gmt":"2024-11-15T20:00:41","guid":{"rendered":"https:\/\/www.korthajen.se\/product\/pokemon-mini-album-plats-for-60-kors\/"},"modified":"2025-06-04T09:50:55","modified_gmt":"2025-06-04T09:50:55","slug":"pokemon-mini-album-plats-for-60-kort","status":"publish","type":"product","link":"https:\/\/www.korthajen.se\/en\/product\/pokemon-mini-album-plats-for-60-kort\/","title":{"rendered":"Pok\u00e9mon mini-album (exklusive booster)"},"content":{"rendered":"<p>Produktbeskrivning: Pok\u00e9mon Mini-Album (plats f\u00f6r 60 kort)<\/p>\n<p>H\u00e5ll ordning p\u00e5 dina Pok\u00e9mon-kort med detta praktiska mini-album! Perfekt f\u00f6r yngre samlare eller den som vill skydda sina favoritkort. Albumet rymmer upp till 60 kort, vilket g\u00f6r det l\u00e4tt att ta med sig till skolan, v\u00e4nner eller turneringar. Med sin kompakta storlek och t\u00e5liga design \u00e4r det b\u00e5de enkelt och smidigt att anv\u00e4nda.<\/p>\n<p>Specifikationer:<\/p>\n<p>&#8211; Kapacitet: Upp till 60 kort.<\/p>\n<p>&#8211; Material: H\u00f6gkvalitativ plast f\u00f6r skydd mot slitage.<\/p>\n<p>&#8211; Storlek: Ungef\u00e4r 8x10x3 cm.<\/p>\n<p>&#8211; Rekommenderad \u00e5lder: Fr\u00e5n 6 \u00e5r.<\/p>\n<p>Ge ditt samlarkort en s\u00e4ker och stilfull f\u00f6rvaring med detta album, ett m\u00e5ste f\u00f6r alla Pok\u00e9mon-fans!<\/p>\n<p>F\u00f6r fler liknande produkter eller fr\u00e5gor, bes\u00f6k g\u00e4rna v\u00e5r butik!<\/p>","protected":false},"excerpt":{"rendered":"<p>Produktbeskrivning: Pok\u00e9mon Mini-Album (plats f\u00f6r 60 kort) H\u00e5ll ordning p\u00e5 dina Pok\u00e9mon-kort med detta praktiska mini-album! Perfekt f\u00f6r yngre samlare eller den som vill skydda sina favoritkort. Albumet rymmer upp till 60 kort, vilket g\u00f6r det l\u00e4tt att ta med sig till skolan, v\u00e4nner eller turneringar. Med sin kompakta storlek och t\u00e5liga design \u00e4r det [&hellip;]<\/p>","protected":false},"featured_media":723,"comment_status":"open","ping_status":"closed","template":"","meta":{"jetpack_publicize_message":"","jetpack_publicize_feature_enabled":true,"jetpack_social_post_already_shared":false,"jetpack_social_options":{"image_generator_settings":{"template":"highway","default_image_id":0,"font":"","enabled":false},"version":2}},"product_brand":[],"product_cat":[41,43],"product_tag":[67],"class_list":{"0":"post-519","1":"product","2":"type-product","3":"status-publish","4":"has-post-thumbnail","6":"product_cat-ovrigt","7":"product_cat-tillbehor","8":"product_tag-album","10":"first","11":"instock","12":"sale","13":"taxable","14":"shipping-taxable","15":"purchasable","16":"product-type-simple"},"yoast_head":"<!-- This site is optimized with the Yoast SEO plugin v26.2 - https:\/\/yoast.com\/wordpress\/plugins\/seo\/ -->\n<title>Pok\u00e9mon mini-album (exklusive booster) - Korthajen<\/title>\n<meta name=\"description\" content=\"H\u00e5ll ordning p\u00e5 dina Pok\u00e9mon-kort med detta praktiska mini-album! Perfekt f\u00f6r yngre samlare eller den som vill skydda sina favoritkort.\" \/>\n<meta name=\"robots\" content=\"index, follow, max-snippet:-1, max-image-preview:large, max-video-preview:-1\" \/>\n<link rel=\"canonical\" href=\"https:\/\/www.korthajen.se\/en\/product\/pokemon-mini-album-plats-for-60-kort\/\" \/>\n<meta property=\"og:locale\" content=\"en_GB\" \/>\n<meta property=\"og:type\" content=\"article\" \/>\n<meta property=\"og:title\" content=\"Pok\u00e9mon mini-album (exklusive booster) - Korthajen\" \/>\n<meta property=\"og:description\" content=\"H\u00e5ll ordning p\u00e5 dina Pok\u00e9mon-kort med detta praktiska mini-album! Perfekt f\u00f6r yngre samlare eller den som vill skydda sina favoritkort.\" \/>\n<meta property=\"og:url\" content=\"https:\/\/www.korthajen.se\/en\/product\/pokemon-mini-album-plats-for-60-kort\/\" \/>\n<meta property=\"og:site_name\" content=\"Korthajen\" \/>\n<meta property=\"article:publisher\" content=\"https:\/\/facebook.com\/korthajen.se\" \/>\n<meta property=\"article:modified_time\" content=\"2025-06-04T09:50:55+00:00\" \/>\n<meta property=\"og:image\" content=\"https:\/\/www.korthajen.se\/wp-content\/uploads\/2024\/11\/5I8A4270_2048px.avif\" \/>\n\t<meta property=\"og:image:width\" content=\"2048\" \/>\n\t<meta property=\"og:image:height\" content=\"2048\" \/>\n\t<meta property=\"og:image:type\" content=\"image\/jpeg\" \/>\n<meta name=\"twitter:card\" content=\"summary_large_image\" \/>\n<meta name=\"twitter:label1\" content=\"Estimated reading time\" \/>\n\t<meta name=\"twitter:data1\" content=\"1 minute\" \/>\n<script type=\"application\/ld+json\" class=\"yoast-schema-graph\">{\"@context\":\"https:\/\/schema.org\",\"@graph\":[{\"@type\":\"WebPage\",\"@id\":\"https:\/\/www.korthajen.se\/product\/pokemon-mini-album-plats-for-60-kort\/\",\"url\":\"https:\/\/www.korthajen.se\/product\/pokemon-mini-album-plats-for-60-kort\/\",\"name\":\"Pok\u00e9mon mini-album (exklusive booster) - Korthajen\",\"isPartOf\":{\"@id\":\"https:\/\/www.korthajen.se\/#website\"},\"primaryImageOfPage\":{\"@id\":\"https:\/\/www.korthajen.se\/product\/pokemon-mini-album-plats-for-60-kort\/#primaryimage\"},\"image\":{\"@id\":\"https:\/\/www.korthajen.se\/product\/pokemon-mini-album-plats-for-60-kort\/#primaryimage\"},\"thumbnailUrl\":\"https:\/\/www.korthajen.se\/wp-content\/uploads\/2024\/11\/5I8A4270_2048px.avif\",\"datePublished\":\"2024-11-15T20:00:41+00:00\",\"dateModified\":\"2025-06-04T09:50:55+00:00\",\"description\":\"H\u00e5ll ordning p\u00e5 dina Pok\u00e9mon-kort med detta praktiska mini-album! Perfekt f\u00f6r yngre samlare eller den som vill skydda sina favoritkort.\",\"breadcrumb\":{\"@id\":\"https:\/\/www.korthajen.se\/product\/pokemon-mini-album-plats-for-60-kort\/#breadcrumb\"},\"inLanguage\":\"en-GB\",\"potentialAction\":[{\"@type\":\"ReadAction\",\"target\":[\"https:\/\/www.korthajen.se\/product\/pokemon-mini-album-plats-for-60-kort\/\"]}]},{\"@type\":\"ImageObject\",\"inLanguage\":\"en-GB\",\"@id\":\"https:\/\/www.korthajen.se\/product\/pokemon-mini-album-plats-for-60-kort\/#primaryimage\",\"url\":\"https:\/\/www.korthajen.se\/wp-content\/uploads\/2024\/11\/5I8A4270_2048px.avif\",\"contentUrl\":\"https:\/\/www.korthajen.se\/wp-content\/uploads\/2024\/11\/5I8A4270_2048px.avif\",\"width\":2048,\"height\":2048},{\"@type\":\"BreadcrumbList\",\"@id\":\"https:\/\/www.korthajen.se\/product\/pokemon-mini-album-plats-for-60-kort\/#breadcrumb\",\"itemListElement\":[{\"@type\":\"ListItem\",\"position\":1,\"name\":\"Hem\",\"item\":\"https:\/\/www.korthajen.se\/\"},{\"@type\":\"ListItem\",\"position\":2,\"name\":\"Sortiment &#8211; Allt inom samlarkort och tillbeh\u00f6r\",\"item\":\"https:\/\/www.korthajen.se\/shop\/\"},{\"@type\":\"ListItem\",\"position\":3,\"name\":\"Pok\u00e9mon mini-album (exklusive booster)\"}]},{\"@type\":\"WebSite\",\"@id\":\"https:\/\/www.korthajen.se\/#website\",\"url\":\"https:\/\/www.korthajen.se\/\",\"name\":\"Korthajen\",\"description\":\"Hj\u00e4lper samlare, nya som gamla.\",\"publisher\":{\"@id\":\"https:\/\/www.korthajen.se\/#organization\"},\"potentialAction\":[{\"@type\":\"SearchAction\",\"target\":{\"@type\":\"EntryPoint\",\"urlTemplate\":\"https:\/\/www.korthajen.se\/?s={search_term_string}\"},\"query-input\":{\"@type\":\"PropertyValueSpecification\",\"valueRequired\":true,\"valueName\":\"search_term_string\"}}],\"inLanguage\":\"en-GB\"},{\"@type\":\"Organization\",\"@id\":\"https:\/\/www.korthajen.se\/#organization\",\"name\":\"Korthajen\",\"url\":\"https:\/\/www.korthajen.se\/\",\"logo\":{\"@type\":\"ImageObject\",\"inLanguage\":\"en-GB\",\"@id\":\"https:\/\/www.korthajen.se\/#\/schema\/logo\/image\/\",\"url\":\"https:\/\/www.korthajen.se\/wp-content\/uploads\/2024\/12\/Korthajen-png.avif\",\"contentUrl\":\"https:\/\/www.korthajen.se\/wp-content\/uploads\/2024\/12\/Korthajen-png.avif\",\"width\":2100,\"height\":2100,\"caption\":\"Korthajen\"},\"image\":{\"@id\":\"https:\/\/www.korthajen.se\/#\/schema\/logo\/image\/\"},\"sameAs\":[\"https:\/\/facebook.com\/korthajen.se\",\"https:\/\/instagram.com\/korthajen.se\"]}]}<\/script>\n<!-- \/ Yoast SEO plugin. -->","yoast_head_json":{"title":"Pok\u00e9mon mini-album (exklusive booster) - Korthajen","description":"H\u00e5ll ordning p\u00e5 dina Pok\u00e9mon-kort med detta praktiska mini-album! Perfekt f\u00f6r yngre samlare eller den som vill skydda sina favoritkort.","robots":{"index":"index","follow":"follow","max-snippet":"max-snippet:-1","max-image-preview":"max-image-preview:large","max-video-preview":"max-video-preview:-1"},"canonical":"https:\/\/www.korthajen.se\/en\/product\/pokemon-mini-album-plats-for-60-kort\/","og_locale":"en_GB","og_type":"article","og_title":"Pok\u00e9mon mini-album (exklusive booster) - Korthajen","og_description":"H\u00e5ll ordning p\u00e5 dina Pok\u00e9mon-kort med detta praktiska mini-album! Perfekt f\u00f6r yngre samlare eller den som vill skydda sina favoritkort.","og_url":"https:\/\/www.korthajen.se\/en\/product\/pokemon-mini-album-plats-for-60-kort\/","og_site_name":"Korthajen","article_publisher":"https:\/\/facebook.com\/korthajen.se","article_modified_time":"2025-06-04T09:50:55+00:00","og_image":[{"width":2048,"height":2048,"url":"https:\/\/www.korthajen.se\/wp-content\/uploads\/2024\/11\/5I8A4270_2048px.avif","type":"image\/jpeg"}],"twitter_card":"summary_large_image","twitter_misc":{"Estimated reading time":"1 minute"},"schema":{"@context":"https:\/\/schema.org","@graph":[{"@type":"WebPage","@id":"https:\/\/www.korthajen.se\/product\/pokemon-mini-album-plats-for-60-kort\/","url":"https:\/\/www.korthajen.se\/product\/pokemon-mini-album-plats-for-60-kort\/","name":"Pok\u00e9mon mini-album (exklusive booster) - Korthajen","isPartOf":{"@id":"https:\/\/www.korthajen.se\/#website"},"primaryImageOfPage":{"@id":"https:\/\/www.korthajen.se\/product\/pokemon-mini-album-plats-for-60-kort\/#primaryimage"},"image":{"@id":"https:\/\/www.korthajen.se\/product\/pokemon-mini-album-plats-for-60-kort\/#primaryimage"},"thumbnailUrl":"https:\/\/www.korthajen.se\/wp-content\/uploads\/2024\/11\/5I8A4270_2048px.avif","datePublished":"2024-11-15T20:00:41+00:00","dateModified":"2025-06-04T09:50:55+00:00","description":"H\u00e5ll ordning p\u00e5 dina Pok\u00e9mon-kort med detta praktiska mini-album! Perfekt f\u00f6r yngre samlare eller den som vill skydda sina favoritkort.","breadcrumb":{"@id":"https:\/\/www.korthajen.se\/product\/pokemon-mini-album-plats-for-60-kort\/#breadcrumb"},"inLanguage":"en-GB","potentialAction":[{"@type":"ReadAction","target":["https:\/\/www.korthajen.se\/product\/pokemon-mini-album-plats-for-60-kort\/"]}]},{"@type":"ImageObject","inLanguage":"en-GB","@id":"https:\/\/www.korthajen.se\/product\/pokemon-mini-album-plats-for-60-kort\/#primaryimage","url":"https:\/\/www.korthajen.se\/wp-content\/uploads\/2024\/11\/5I8A4270_2048px.avif","contentUrl":"https:\/\/www.korthajen.se\/wp-content\/uploads\/2024\/11\/5I8A4270_2048px.avif","width":2048,"height":2048},{"@type":"BreadcrumbList","@id":"https:\/\/www.korthajen.se\/product\/pokemon-mini-album-plats-for-60-kort\/#breadcrumb","itemListElement":[{"@type":"ListItem","position":1,"name":"Hem","item":"https:\/\/www.korthajen.se\/"},{"@type":"ListItem","position":2,"name":"Sortiment &#8211; Allt inom samlarkort och tillbeh\u00f6r","item":"https:\/\/www.korthajen.se\/shop\/"},{"@type":"ListItem","position":3,"name":"Pok\u00e9mon mini-album (exklusive booster)"}]},{"@type":"WebSite","@id":"https:\/\/www.korthajen.se\/#website","url":"https:\/\/www.korthajen.se\/","name":"Korthajen","description":"Hj\u00e4lper samlare, nya som gamla.","publisher":{"@id":"https:\/\/www.korthajen.se\/#organization"},"potentialAction":[{"@type":"SearchAction","target":{"@type":"EntryPoint","urlTemplate":"https:\/\/www.korthajen.se\/?s={search_term_string}"},"query-input":{"@type":"PropertyValueSpecification","valueRequired":true,"valueName":"search_term_string"}}],"inLanguage":"en-GB"},{"@type":"Organization","@id":"https:\/\/www.korthajen.se\/#organization","name":"Korthajen","url":"https:\/\/www.korthajen.se\/","logo":{"@type":"ImageObject","inLanguage":"en-GB","@id":"https:\/\/www.korthajen.se\/#\/schema\/logo\/image\/","url":"https:\/\/www.korthajen.se\/wp-content\/uploads\/2024\/12\/Korthajen-png.avif","contentUrl":"https:\/\/www.korthajen.se\/wp-content\/uploads\/2024\/12\/Korthajen-png.avif","width":2100,"height":2100,"caption":"Korthajen"},"image":{"@id":"https:\/\/www.korthajen.se\/#\/schema\/logo\/image\/"},"sameAs":["https:\/\/facebook.com\/korthajen.se","https:\/\/instagram.com\/korthajen.se"]}]}},"jetpack_publicize_connections":[],"jetpack_sharing_enabled":true,"jetpack-related-posts":[],"_links":{"self":[{"href":"https:\/\/www.korthajen.se\/en\/wp-json\/wp\/v2\/product\/519","targetHints":{"allow":["GET"]}}],"collection":[{"href":"https:\/\/www.korthajen.se\/en\/wp-json\/wp\/v2\/product"}],"about":[{"href":"https:\/\/www.korthajen.se\/en\/wp-json\/wp\/v2\/types\/product"}],"replies":[{"embeddable":true,"href":"https:\/\/www.korthajen.se\/en\/wp-json\/wp\/v2\/comments?post=519"}],"wp:featuredmedia":[{"embeddable":true,"href":"https:\/\/www.korthajen.se\/en\/wp-json\/wp\/v2\/media\/723"}],"wp:attachment":[{"href":"https:\/\/www.korthajen.se\/en\/wp-json\/wp\/v2\/media?parent=519"}],"wp:term":[{"taxonomy":"product_brand","embeddable":true,"href":"https:\/\/www.korthajen.se\/en\/wp-json\/wp\/v2\/product_brand?post=519"},{"taxonomy":"product_cat","embeddable":true,"href":"https:\/\/www.korthajen.se\/en\/wp-json\/wp\/v2\/product_cat?post=519"},{"taxonomy":"product_tag","embeddable":true,"href":"https:\/\/www.korthajen.se\/en\/wp-json\/wp\/v2\/product_tag?post=519"}],"curies":[{"name":"wp","href":"https:\/\/api.w.org\/{rel}","templated":true}]}}