{"id":520,"date":"2024-11-15T20:00:43","date_gmt":"2024-11-15T20:00:43","guid":{"rendered":"https:\/\/www.korthajen.se\/product\/spelmatta-crown-zenith-marnie-morpeko\/"},"modified":"2025-07-14T14:51:33","modified_gmt":"2025-07-14T14:51:33","slug":"spelmatta-crown-zenith-marnie-morpeko","status":"publish","type":"product","link":"https:\/\/www.korthajen.se\/en\/product\/spelmatta-crown-zenith-marnie-morpeko\/","title":{"rendered":"Spelmatta &#8211; Crown Zenith Marnie &amp; Morpeko"},"content":{"rendered":"<p>Spelmatta &#8211; Crown Zenith Marnie &amp; Morpeko<\/p>\n<p>Denna spelmatta fr\u00e5n <strong>Crown Zenith Premium Collection<\/strong>\u00a0kombinerar funktionalitet och stil med en design som hyllar Marnie och hennes partner-Pok\u00e9mon, Morpeko. Perfekt f\u00f6r Pok\u00e9mon TCG-matcher eller som skrivbordsunderl\u00e4gg.<\/p>\n<p>Egenskaper:<\/p>\n<p>&#8211; Design: Marnie och Morpeko i h\u00f6gkvalitativt tryck.<\/p>\n<p>&#8211; Material: Tillverkad av neopren med halkfri undersida f\u00f6r stabilitet.<\/p>\n<p>&#8211; M\u00e5tt: Standardstorlek f\u00f6r spelmattor, idealisk f\u00f6r TCG-spel.<\/p>\n<p>&#8211; Vikt: L\u00e4tt och portabel, v\u00e4ger endast cirka 219 gram.<\/p>\n<p>En spelmatta som \u00e4r b\u00e5de praktisk och ett samlarobjekt f\u00f6r Pok\u00e9mon-fans! Finns som en del av Crown Zenith-serien.<\/p>","protected":false},"excerpt":{"rendered":"<p>Spelmatta &#8211; Crown Zenith Marnie &amp; Morpeko Denna spelmatta fr\u00e5n Crown Zenith Premium Collection\u00a0kombinerar funktionalitet och stil med en design som hyllar Marnie och hennes partner-Pok\u00e9mon, Morpeko. Perfekt f\u00f6r Pok\u00e9mon TCG-matcher eller som skrivbordsunderl\u00e4gg. Egenskaper: &#8211; Design: Marnie och Morpeko i h\u00f6gkvalitativt tryck. &#8211; Material: Tillverkad av neopren med halkfri undersida f\u00f6r stabilitet. &#8211; M\u00e5tt: [&hellip;]<\/p>","protected":false},"featured_media":698,"comment_status":"open","ping_status":"closed","template":"","meta":{"jetpack_publicize_message":"","jetpack_publicize_feature_enabled":true,"jetpack_social_post_already_shared":false,"jetpack_social_options":{"image_generator_settings":{"template":"highway","default_image_id":0,"font":"","enabled":false},"version":2}},"product_brand":[],"product_cat":[41,43],"product_tag":[69,68],"class_list":{"0":"post-520","1":"product","2":"type-product","3":"status-publish","4":"has-post-thumbnail","6":"product_cat-ovrigt","7":"product_cat-tillbehor","8":"product_tag-morpeka","9":"product_tag-zenith-marnie","11":"first","12":"instock","13":"sale","14":"taxable","15":"shipping-taxable","16":"purchasable","17":"product-type-simple"},"yoast_head":"<!-- This site is optimized with the Yoast SEO plugin v26.2 - https:\/\/yoast.com\/wordpress\/plugins\/seo\/ -->\n<title>Spelmatta - Crown Zenith Marnie &amp; Morpeko - Korthajen<\/title>\n<meta name=\"description\" content=\"Denna spelmatta fr\u00e5n Crown Zenith Premium Collection kombinerar funktionalitet och stil med en design som hyllar Marnie och hennes partner-Pok\u00e9mon, Morpeko.\" \/>\n<meta name=\"robots\" content=\"index, follow, max-snippet:-1, max-image-preview:large, max-video-preview:-1\" \/>\n<link rel=\"canonical\" href=\"https:\/\/www.korthajen.se\/en\/product\/spelmatta-crown-zenith-marnie-morpeko\/\" \/>\n<meta property=\"og:locale\" content=\"en_GB\" \/>\n<meta property=\"og:type\" content=\"article\" \/>\n<meta property=\"og:title\" content=\"Spelmatta - Crown Zenith Marnie &amp; Morpeko - Korthajen\" \/>\n<meta property=\"og:description\" content=\"Denna spelmatta fr\u00e5n Crown Zenith Premium Collection kombinerar funktionalitet och stil med en design som hyllar Marnie och hennes partner-Pok\u00e9mon, Morpeko.\" \/>\n<meta property=\"og:url\" content=\"https:\/\/www.korthajen.se\/en\/product\/spelmatta-crown-zenith-marnie-morpeko\/\" \/>\n<meta property=\"og:site_name\" content=\"Korthajen\" \/>\n<meta property=\"article:publisher\" content=\"https:\/\/facebook.com\/korthajen.se\" \/>\n<meta property=\"article:modified_time\" content=\"2025-07-14T14:51:33+00:00\" \/>\n<meta property=\"og:image\" content=\"https:\/\/www.korthajen.se\/wp-content\/uploads\/2024\/11\/5I8A4244_1_2048px.avif\" \/>\n\t<meta property=\"og:image:width\" content=\"2048\" \/>\n\t<meta property=\"og:image:height\" content=\"1367\" \/>\n\t<meta property=\"og:image:type\" content=\"image\/jpeg\" \/>\n<meta name=\"twitter:card\" content=\"summary_large_image\" \/>\n<meta name=\"twitter:label1\" content=\"Estimated reading time\" \/>\n\t<meta name=\"twitter:data1\" content=\"1 minute\" \/>\n<script type=\"application\/ld+json\" class=\"yoast-schema-graph\">{\"@context\":\"https:\/\/schema.org\",\"@graph\":[{\"@type\":\"WebPage\",\"@id\":\"https:\/\/www.korthajen.se\/product\/spelmatta-crown-zenith-marnie-morpeko\/\",\"url\":\"https:\/\/www.korthajen.se\/product\/spelmatta-crown-zenith-marnie-morpeko\/\",\"name\":\"Spelmatta - Crown Zenith Marnie &amp; Morpeko - Korthajen\",\"isPartOf\":{\"@id\":\"https:\/\/www.korthajen.se\/#website\"},\"primaryImageOfPage\":{\"@id\":\"https:\/\/www.korthajen.se\/product\/spelmatta-crown-zenith-marnie-morpeko\/#primaryimage\"},\"image\":{\"@id\":\"https:\/\/www.korthajen.se\/product\/spelmatta-crown-zenith-marnie-morpeko\/#primaryimage\"},\"thumbnailUrl\":\"https:\/\/www.korthajen.se\/wp-content\/uploads\/2024\/11\/5I8A4244_1_2048px.avif\",\"datePublished\":\"2024-11-15T20:00:43+00:00\",\"dateModified\":\"2025-07-14T14:51:33+00:00\",\"description\":\"Denna spelmatta fr\u00e5n Crown Zenith Premium Collection kombinerar funktionalitet och stil med en design som hyllar Marnie och hennes partner-Pok\u00e9mon, Morpeko.\",\"breadcrumb\":{\"@id\":\"https:\/\/www.korthajen.se\/product\/spelmatta-crown-zenith-marnie-morpeko\/#breadcrumb\"},\"inLanguage\":\"en-GB\",\"potentialAction\":[{\"@type\":\"ReadAction\",\"target\":[\"https:\/\/www.korthajen.se\/product\/spelmatta-crown-zenith-marnie-morpeko\/\"]}]},{\"@type\":\"ImageObject\",\"inLanguage\":\"en-GB\",\"@id\":\"https:\/\/www.korthajen.se\/product\/spelmatta-crown-zenith-marnie-morpeko\/#primaryimage\",\"url\":\"https:\/\/www.korthajen.se\/wp-content\/uploads\/2024\/11\/5I8A4244_1_2048px.avif\",\"contentUrl\":\"https:\/\/www.korthajen.se\/wp-content\/uploads\/2024\/11\/5I8A4244_1_2048px.avif\",\"width\":2048,\"height\":1367},{\"@type\":\"BreadcrumbList\",\"@id\":\"https:\/\/www.korthajen.se\/product\/spelmatta-crown-zenith-marnie-morpeko\/#breadcrumb\",\"itemListElement\":[{\"@type\":\"ListItem\",\"position\":1,\"name\":\"Hem\",\"item\":\"https:\/\/www.korthajen.se\/\"},{\"@type\":\"ListItem\",\"position\":2,\"name\":\"Sortiment &#8211; Allt inom samlarkort och tillbeh\u00f6r\",\"item\":\"https:\/\/www.korthajen.se\/shop\/\"},{\"@type\":\"ListItem\",\"position\":3,\"name\":\"Spelmatta &#8211; Crown Zenith Marnie &amp; Morpeko\"}]},{\"@type\":\"WebSite\",\"@id\":\"https:\/\/www.korthajen.se\/#website\",\"url\":\"https:\/\/www.korthajen.se\/\",\"name\":\"Korthajen\",\"description\":\"Hj\u00e4lper samlare, nya som gamla.\",\"publisher\":{\"@id\":\"https:\/\/www.korthajen.se\/#organization\"},\"potentialAction\":[{\"@type\":\"SearchAction\",\"target\":{\"@type\":\"EntryPoint\",\"urlTemplate\":\"https:\/\/www.korthajen.se\/?s={search_term_string}\"},\"query-input\":{\"@type\":\"PropertyValueSpecification\",\"valueRequired\":true,\"valueName\":\"search_term_string\"}}],\"inLanguage\":\"en-GB\"},{\"@type\":\"Organization\",\"@id\":\"https:\/\/www.korthajen.se\/#organization\",\"name\":\"Korthajen\",\"url\":\"https:\/\/www.korthajen.se\/\",\"logo\":{\"@type\":\"ImageObject\",\"inLanguage\":\"en-GB\",\"@id\":\"https:\/\/www.korthajen.se\/#\/schema\/logo\/image\/\",\"url\":\"https:\/\/www.korthajen.se\/wp-content\/uploads\/2024\/12\/Korthajen-png.avif\",\"contentUrl\":\"https:\/\/www.korthajen.se\/wp-content\/uploads\/2024\/12\/Korthajen-png.avif\",\"width\":2100,\"height\":2100,\"caption\":\"Korthajen\"},\"image\":{\"@id\":\"https:\/\/www.korthajen.se\/#\/schema\/logo\/image\/\"},\"sameAs\":[\"https:\/\/facebook.com\/korthajen.se\",\"https:\/\/instagram.com\/korthajen.se\"]}]}<\/script>\n<!-- \/ Yoast SEO plugin. -->","yoast_head_json":{"title":"Spelmatta - Crown Zenith Marnie &amp; Morpeko - Korthajen","description":"Denna spelmatta fr\u00e5n Crown Zenith Premium Collection kombinerar funktionalitet och stil med en design som hyllar Marnie och hennes partner-Pok\u00e9mon, Morpeko.","robots":{"index":"index","follow":"follow","max-snippet":"max-snippet:-1","max-image-preview":"max-image-preview:large","max-video-preview":"max-video-preview:-1"},"canonical":"https:\/\/www.korthajen.se\/en\/product\/spelmatta-crown-zenith-marnie-morpeko\/","og_locale":"en_GB","og_type":"article","og_title":"Spelmatta - Crown Zenith Marnie &amp; Morpeko - Korthajen","og_description":"Denna spelmatta fr\u00e5n Crown Zenith Premium Collection kombinerar funktionalitet och stil med en design som hyllar Marnie och hennes partner-Pok\u00e9mon, Morpeko.","og_url":"https:\/\/www.korthajen.se\/en\/product\/spelmatta-crown-zenith-marnie-morpeko\/","og_site_name":"Korthajen","article_publisher":"https:\/\/facebook.com\/korthajen.se","article_modified_time":"2025-07-14T14:51:33+00:00","og_image":[{"width":2048,"height":1367,"url":"https:\/\/www.korthajen.se\/wp-content\/uploads\/2024\/11\/5I8A4244_1_2048px.avif","type":"image\/jpeg"}],"twitter_card":"summary_large_image","twitter_misc":{"Estimated reading time":"1 minute"},"schema":{"@context":"https:\/\/schema.org","@graph":[{"@type":"WebPage","@id":"https:\/\/www.korthajen.se\/product\/spelmatta-crown-zenith-marnie-morpeko\/","url":"https:\/\/www.korthajen.se\/product\/spelmatta-crown-zenith-marnie-morpeko\/","name":"Spelmatta - Crown Zenith Marnie &amp; Morpeko - Korthajen","isPartOf":{"@id":"https:\/\/www.korthajen.se\/#website"},"primaryImageOfPage":{"@id":"https:\/\/www.korthajen.se\/product\/spelmatta-crown-zenith-marnie-morpeko\/#primaryimage"},"image":{"@id":"https:\/\/www.korthajen.se\/product\/spelmatta-crown-zenith-marnie-morpeko\/#primaryimage"},"thumbnailUrl":"https:\/\/www.korthajen.se\/wp-content\/uploads\/2024\/11\/5I8A4244_1_2048px.avif","datePublished":"2024-11-15T20:00:43+00:00","dateModified":"2025-07-14T14:51:33+00:00","description":"Denna spelmatta fr\u00e5n Crown Zenith Premium Collection kombinerar funktionalitet och stil med en design som hyllar Marnie och hennes partner-Pok\u00e9mon, Morpeko.","breadcrumb":{"@id":"https:\/\/www.korthajen.se\/product\/spelmatta-crown-zenith-marnie-morpeko\/#breadcrumb"},"inLanguage":"en-GB","potentialAction":[{"@type":"ReadAction","target":["https:\/\/www.korthajen.se\/product\/spelmatta-crown-zenith-marnie-morpeko\/"]}]},{"@type":"ImageObject","inLanguage":"en-GB","@id":"https:\/\/www.korthajen.se\/product\/spelmatta-crown-zenith-marnie-morpeko\/#primaryimage","url":"https:\/\/www.korthajen.se\/wp-content\/uploads\/2024\/11\/5I8A4244_1_2048px.avif","contentUrl":"https:\/\/www.korthajen.se\/wp-content\/uploads\/2024\/11\/5I8A4244_1_2048px.avif","width":2048,"height":1367},{"@type":"BreadcrumbList","@id":"https:\/\/www.korthajen.se\/product\/spelmatta-crown-zenith-marnie-morpeko\/#breadcrumb","itemListElement":[{"@type":"ListItem","position":1,"name":"Hem","item":"https:\/\/www.korthajen.se\/"},{"@type":"ListItem","position":2,"name":"Sortiment &#8211; Allt inom samlarkort och tillbeh\u00f6r","item":"https:\/\/www.korthajen.se\/shop\/"},{"@type":"ListItem","position":3,"name":"Spelmatta &#8211; Crown Zenith Marnie &amp; Morpeko"}]},{"@type":"WebSite","@id":"https:\/\/www.korthajen.se\/#website","url":"https:\/\/www.korthajen.se\/","name":"Korthajen","description":"Hj\u00e4lper samlare, nya som gamla.","publisher":{"@id":"https:\/\/www.korthajen.se\/#organization"},"potentialAction":[{"@type":"SearchAction","target":{"@type":"EntryPoint","urlTemplate":"https:\/\/www.korthajen.se\/?s={search_term_string}"},"query-input":{"@type":"PropertyValueSpecification","valueRequired":true,"valueName":"search_term_string"}}],"inLanguage":"en-GB"},{"@type":"Organization","@id":"https:\/\/www.korthajen.se\/#organization","name":"Korthajen","url":"https:\/\/www.korthajen.se\/","logo":{"@type":"ImageObject","inLanguage":"en-GB","@id":"https:\/\/www.korthajen.se\/#\/schema\/logo\/image\/","url":"https:\/\/www.korthajen.se\/wp-content\/uploads\/2024\/12\/Korthajen-png.avif","contentUrl":"https:\/\/www.korthajen.se\/wp-content\/uploads\/2024\/12\/Korthajen-png.avif","width":2100,"height":2100,"caption":"Korthajen"},"image":{"@id":"https:\/\/www.korthajen.se\/#\/schema\/logo\/image\/"},"sameAs":["https:\/\/facebook.com\/korthajen.se","https:\/\/instagram.com\/korthajen.se"]}]}},"jetpack_publicize_connections":[],"jetpack_sharing_enabled":true,"jetpack-related-posts":[],"_links":{"self":[{"href":"https:\/\/www.korthajen.se\/en\/wp-json\/wp\/v2\/product\/520","targetHints":{"allow":["GET"]}}],"collection":[{"href":"https:\/\/www.korthajen.se\/en\/wp-json\/wp\/v2\/product"}],"about":[{"href":"https:\/\/www.korthajen.se\/en\/wp-json\/wp\/v2\/types\/product"}],"replies":[{"embeddable":true,"href":"https:\/\/www.korthajen.se\/en\/wp-json\/wp\/v2\/comments?post=520"}],"wp:featuredmedia":[{"embeddable":true,"href":"https:\/\/www.korthajen.se\/en\/wp-json\/wp\/v2\/media\/698"}],"wp:attachment":[{"href":"https:\/\/www.korthajen.se\/en\/wp-json\/wp\/v2\/media?parent=520"}],"wp:term":[{"taxonomy":"product_brand","embeddable":true,"href":"https:\/\/www.korthajen.se\/en\/wp-json\/wp\/v2\/product_brand?post=520"},{"taxonomy":"product_cat","embeddable":true,"href":"https:\/\/www.korthajen.se\/en\/wp-json\/wp\/v2\/product_cat?post=520"},{"taxonomy":"product_tag","embeddable":true,"href":"https:\/\/www.korthajen.se\/en\/wp-json\/wp\/v2\/product_tag?post=520"}],"curies":[{"name":"wp","href":"https:\/\/api.w.org\/{rel}","templated":true}]}}