{"id":531,"date":"2024-11-15T20:01:07","date_gmt":"2024-11-15T20:01:07","guid":{"rendered":"https:\/\/www.korthajen.se\/product\/panini-adrenalyn-xl-premier-league-2024-2025-booster-pack\/"},"modified":"2025-06-04T09:47:31","modified_gmt":"2025-06-04T09:47:31","slug":"panini-adrenalyn-xl-premier-league-2024-2025-booster-pack","status":"publish","type":"product","link":"https:\/\/www.korthajen.se\/en\/product\/panini-adrenalyn-xl-premier-league-2024-2025-booster-pack\/","title":{"rendered":"Panini Adrenalyn XL: Premier League 2024\/2025 &#8211; Booster Pack"},"content":{"rendered":"<p>Panini Adrenalyn XL Premier League 2024\/2025 Booster Pack \u00e4r h\u00e4r f\u00f6r att ge dig en perfekt start p\u00e5 din samling av fotbollskort. Den nya s\u00e4songen av Adrenalyn XL\u2122 erbjuder ett sp\u00e4nnande urval av kort med Premier League-spelare, och denna booster pack \u00e4r full av m\u00f6jligheter att hitta s\u00e4llsynta och exklusiva kort.<\/p>\n<p>I varje booster pack f\u00e5r du 6 samlarkort med en blandning av spelare, specialkort och potentiellt Limited Edition-kort. Samla och jaga de eftertraktade korten som Golden Ballers och Invincible Cards f\u00f6r att f\u00f6rst\u00e4rka din samling och skapa nya vinnande strategier i spelet.<\/p>\n<p>Vad du f\u00e5r:<\/p>\n<p>&#8211; 6 trading cards per booster pack<\/p>\n<p>&#8211; Chans att hitta s\u00e4llsynta och specialkort<\/p>\n<p>&#8211; Inkluderar stj\u00e4rnspelare fr\u00e5n Premier League<\/p>\n<p>Adrenalyn XL\u2122 2024\/2025 s\u00e4songen \u00e4r st\u00f6rre, b\u00e4ttre och mer sp\u00e4nnande \u00e4n n\u00e5gonsin, s\u00e5 missa inte chansen att f\u00e5 tag p\u00e5 de b\u00e4sta korten fr\u00e5n Premier League. Upplev actionen och samlarkraften med Paninis officiella tradingkort!<\/p>","protected":false},"excerpt":{"rendered":"<p>Panini Adrenalyn XL Premier League 2024\/2025 Booster Pack \u00e4r h\u00e4r f\u00f6r att ge dig en perfekt start p\u00e5 din samling av fotbollskort. Den nya s\u00e4songen av Adrenalyn XL\u2122 erbjuder ett sp\u00e4nnande urval av kort med Premier League-spelare, och denna booster pack \u00e4r full av m\u00f6jligheter att hitta s\u00e4llsynta och exklusiva kort. I varje booster pack [&hellip;]<\/p>","protected":false},"featured_media":870,"comment_status":"open","ping_status":"closed","template":"","meta":{"jetpack_publicize_message":"","jetpack_publicize_feature_enabled":true,"jetpack_social_post_already_shared":false,"jetpack_social_options":{"image_generator_settings":{"template":"highway","default_image_id":0,"font":"","enabled":false},"version":2}},"product_brand":[],"product_cat":[81,39,37],"product_tag":[84,82,83],"class_list":{"0":"post-531","1":"product","2":"type-product","3":"status-publish","4":"has-post-thumbnail","6":"product_cat-booster-pack","7":"product_cat-fotboll","8":"product_cat-sport","9":"product_tag-panini","10":"product_tag-pl","11":"product_tag-premier-league","13":"first","14":"outofstock","15":"sale","16":"taxable","17":"shipping-taxable","18":"purchasable","19":"product-type-simple"},"yoast_head":"<!-- This site is optimized with the Yoast SEO plugin v26.2 - https:\/\/yoast.com\/wordpress\/plugins\/seo\/ -->\n<title>Panini Adrenalyn XL: Premier League 2024\/2025 - Booster Pack - Korthajen<\/title>\n<meta name=\"description\" content=\"Panini Adrenalyn XL Premier League 2024\/2025 Booster Pack \u00e4r h\u00e4r f\u00f6r att ge dig en perfekt start p\u00e5 din samling av fotbollskort. Den nya s\u00e4songen av Adrenalyn XL\u2122 erbjuder ett sp\u00e4nnande urval av kort med Premier League-spelare, och denna booster pack \u00e4r full av m\u00f6jligheter att hitta s\u00e4llsynta och exklusiva kort.\" \/>\n<meta name=\"robots\" content=\"index, follow, max-snippet:-1, max-image-preview:large, max-video-preview:-1\" \/>\n<link rel=\"canonical\" href=\"https:\/\/www.korthajen.se\/en\/product\/panini-adrenalyn-xl-premier-league-2024-2025-booster-pack\/\" \/>\n<meta property=\"og:locale\" content=\"en_GB\" \/>\n<meta property=\"og:type\" content=\"article\" \/>\n<meta property=\"og:title\" content=\"Panini Adrenalyn XL: Premier League 2024\/2025 - Booster Pack - Korthajen\" \/>\n<meta property=\"og:description\" content=\"Panini Adrenalyn XL Premier League 2024\/2025 Booster Pack \u00e4r h\u00e4r f\u00f6r att ge dig en perfekt start p\u00e5 din samling av fotbollskort. Den nya s\u00e4songen av Adrenalyn XL\u2122 erbjuder ett sp\u00e4nnande urval av kort med Premier League-spelare, och denna booster pack \u00e4r full av m\u00f6jligheter att hitta s\u00e4llsynta och exklusiva kort.\" \/>\n<meta property=\"og:url\" content=\"https:\/\/www.korthajen.se\/en\/product\/panini-adrenalyn-xl-premier-league-2024-2025-booster-pack\/\" \/>\n<meta property=\"og:site_name\" content=\"Korthajen\" \/>\n<meta property=\"article:publisher\" content=\"https:\/\/facebook.com\/korthajen.se\" \/>\n<meta property=\"article:modified_time\" content=\"2025-06-04T09:47:31+00:00\" \/>\n<meta property=\"og:image\" content=\"https:\/\/www.korthajen.se\/wp-content\/uploads\/2024\/12\/5i8a4252_2048px.webp\" \/>\n\t<meta property=\"og:image:width\" content=\"2048\" \/>\n\t<meta property=\"og:image:height\" content=\"2048\" \/>\n\t<meta property=\"og:image:type\" content=\"image\/jpeg\" \/>\n<meta name=\"twitter:card\" content=\"summary_large_image\" \/>\n<meta name=\"twitter:label1\" content=\"Estimated reading time\" \/>\n\t<meta name=\"twitter:data1\" content=\"1 minute\" \/>\n<script type=\"application\/ld+json\" class=\"yoast-schema-graph\">{\"@context\":\"https:\/\/schema.org\",\"@graph\":[{\"@type\":\"WebPage\",\"@id\":\"https:\/\/www.korthajen.se\/product\/panini-adrenalyn-xl-premier-league-2024-2025-booster-pack\/\",\"url\":\"https:\/\/www.korthajen.se\/product\/panini-adrenalyn-xl-premier-league-2024-2025-booster-pack\/\",\"name\":\"Panini Adrenalyn XL: Premier League 2024\/2025 - Booster Pack - Korthajen\",\"isPartOf\":{\"@id\":\"https:\/\/www.korthajen.se\/#website\"},\"primaryImageOfPage\":{\"@id\":\"https:\/\/www.korthajen.se\/product\/panini-adrenalyn-xl-premier-league-2024-2025-booster-pack\/#primaryimage\"},\"image\":{\"@id\":\"https:\/\/www.korthajen.se\/product\/panini-adrenalyn-xl-premier-league-2024-2025-booster-pack\/#primaryimage\"},\"thumbnailUrl\":\"https:\/\/i0.wp.com\/www.korthajen.se\/wp-content\/uploads\/2024\/12\/5i8a4252_2048px.webp?fit=2048%2C2048&ssl=1\",\"datePublished\":\"2024-11-15T20:01:07+00:00\",\"dateModified\":\"2025-06-04T09:47:31+00:00\",\"description\":\"Panini Adrenalyn XL Premier League 2024\/2025 Booster Pack \u00e4r h\u00e4r f\u00f6r att ge dig en perfekt start p\u00e5 din samling av fotbollskort. Den nya s\u00e4songen av Adrenalyn XL\u2122 erbjuder ett sp\u00e4nnande urval av kort med Premier League-spelare, och denna booster pack \u00e4r full av m\u00f6jligheter att hitta s\u00e4llsynta och exklusiva kort.\",\"breadcrumb\":{\"@id\":\"https:\/\/www.korthajen.se\/product\/panini-adrenalyn-xl-premier-league-2024-2025-booster-pack\/#breadcrumb\"},\"inLanguage\":\"en-GB\",\"potentialAction\":[{\"@type\":\"ReadAction\",\"target\":[\"https:\/\/www.korthajen.se\/product\/panini-adrenalyn-xl-premier-league-2024-2025-booster-pack\/\"]}]},{\"@type\":\"ImageObject\",\"inLanguage\":\"en-GB\",\"@id\":\"https:\/\/www.korthajen.se\/product\/panini-adrenalyn-xl-premier-league-2024-2025-booster-pack\/#primaryimage\",\"url\":\"https:\/\/i0.wp.com\/www.korthajen.se\/wp-content\/uploads\/2024\/12\/5i8a4252_2048px.webp?fit=2048%2C2048&ssl=1\",\"contentUrl\":\"https:\/\/i0.wp.com\/www.korthajen.se\/wp-content\/uploads\/2024\/12\/5i8a4252_2048px.webp?fit=2048%2C2048&ssl=1\",\"width\":2048,\"height\":2048},{\"@type\":\"BreadcrumbList\",\"@id\":\"https:\/\/www.korthajen.se\/product\/panini-adrenalyn-xl-premier-league-2024-2025-booster-pack\/#breadcrumb\",\"itemListElement\":[{\"@type\":\"ListItem\",\"position\":1,\"name\":\"Hem\",\"item\":\"https:\/\/www.korthajen.se\/\"},{\"@type\":\"ListItem\",\"position\":2,\"name\":\"Sortiment &#8211; Allt inom samlarkort och tillbeh\u00f6r\",\"item\":\"https:\/\/www.korthajen.se\/shop\/\"},{\"@type\":\"ListItem\",\"position\":3,\"name\":\"Panini Adrenalyn XL: Premier League 2024\/2025 &#8211; Booster Pack\"}]},{\"@type\":\"WebSite\",\"@id\":\"https:\/\/www.korthajen.se\/#website\",\"url\":\"https:\/\/www.korthajen.se\/\",\"name\":\"Korthajen\",\"description\":\"Hj\u00e4lper samlare, nya som gamla.\",\"publisher\":{\"@id\":\"https:\/\/www.korthajen.se\/#organization\"},\"potentialAction\":[{\"@type\":\"SearchAction\",\"target\":{\"@type\":\"EntryPoint\",\"urlTemplate\":\"https:\/\/www.korthajen.se\/?s={search_term_string}\"},\"query-input\":{\"@type\":\"PropertyValueSpecification\",\"valueRequired\":true,\"valueName\":\"search_term_string\"}}],\"inLanguage\":\"en-GB\"},{\"@type\":\"Organization\",\"@id\":\"https:\/\/www.korthajen.se\/#organization\",\"name\":\"Korthajen\",\"url\":\"https:\/\/www.korthajen.se\/\",\"logo\":{\"@type\":\"ImageObject\",\"inLanguage\":\"en-GB\",\"@id\":\"https:\/\/www.korthajen.se\/#\/schema\/logo\/image\/\",\"url\":\"https:\/\/www.korthajen.se\/wp-content\/uploads\/2024\/12\/Korthajen-png.avif\",\"contentUrl\":\"https:\/\/www.korthajen.se\/wp-content\/uploads\/2024\/12\/Korthajen-png.avif\",\"width\":2100,\"height\":2100,\"caption\":\"Korthajen\"},\"image\":{\"@id\":\"https:\/\/www.korthajen.se\/#\/schema\/logo\/image\/\"},\"sameAs\":[\"https:\/\/facebook.com\/korthajen.se\",\"https:\/\/instagram.com\/korthajen.se\"]}]}<\/script>\n<!-- \/ Yoast SEO plugin. -->","yoast_head_json":{"title":"Panini Adrenalyn XL: Premier League 2024\/2025 - Booster Pack - Korthajen","description":"Panini Adrenalyn XL Premier League 2024\/2025 Booster Pack \u00e4r h\u00e4r f\u00f6r att ge dig en perfekt start p\u00e5 din samling av fotbollskort. Den nya s\u00e4songen av Adrenalyn XL\u2122 erbjuder ett sp\u00e4nnande urval av kort med Premier League-spelare, och denna booster pack \u00e4r full av m\u00f6jligheter att hitta s\u00e4llsynta och exklusiva kort.","robots":{"index":"index","follow":"follow","max-snippet":"max-snippet:-1","max-image-preview":"max-image-preview:large","max-video-preview":"max-video-preview:-1"},"canonical":"https:\/\/www.korthajen.se\/en\/product\/panini-adrenalyn-xl-premier-league-2024-2025-booster-pack\/","og_locale":"en_GB","og_type":"article","og_title":"Panini Adrenalyn XL: Premier League 2024\/2025 - Booster Pack - Korthajen","og_description":"Panini Adrenalyn XL Premier League 2024\/2025 Booster Pack \u00e4r h\u00e4r f\u00f6r att ge dig en perfekt start p\u00e5 din samling av fotbollskort. Den nya s\u00e4songen av Adrenalyn XL\u2122 erbjuder ett sp\u00e4nnande urval av kort med Premier League-spelare, och denna booster pack \u00e4r full av m\u00f6jligheter att hitta s\u00e4llsynta och exklusiva kort.","og_url":"https:\/\/www.korthajen.se\/en\/product\/panini-adrenalyn-xl-premier-league-2024-2025-booster-pack\/","og_site_name":"Korthajen","article_publisher":"https:\/\/facebook.com\/korthajen.se","article_modified_time":"2025-06-04T09:47:31+00:00","og_image":[{"width":2048,"height":2048,"url":"https:\/\/www.korthajen.se\/wp-content\/uploads\/2024\/12\/5i8a4252_2048px.webp","type":"image\/jpeg"}],"twitter_card":"summary_large_image","twitter_misc":{"Estimated reading time":"1 minute"},"schema":{"@context":"https:\/\/schema.org","@graph":[{"@type":"WebPage","@id":"https:\/\/www.korthajen.se\/product\/panini-adrenalyn-xl-premier-league-2024-2025-booster-pack\/","url":"https:\/\/www.korthajen.se\/product\/panini-adrenalyn-xl-premier-league-2024-2025-booster-pack\/","name":"Panini Adrenalyn XL: Premier League 2024\/2025 - Booster Pack - Korthajen","isPartOf":{"@id":"https:\/\/www.korthajen.se\/#website"},"primaryImageOfPage":{"@id":"https:\/\/www.korthajen.se\/product\/panini-adrenalyn-xl-premier-league-2024-2025-booster-pack\/#primaryimage"},"image":{"@id":"https:\/\/www.korthajen.se\/product\/panini-adrenalyn-xl-premier-league-2024-2025-booster-pack\/#primaryimage"},"thumbnailUrl":"https:\/\/i0.wp.com\/www.korthajen.se\/wp-content\/uploads\/2024\/12\/5i8a4252_2048px.webp?fit=2048%2C2048&ssl=1","datePublished":"2024-11-15T20:01:07+00:00","dateModified":"2025-06-04T09:47:31+00:00","description":"Panini Adrenalyn XL Premier League 2024\/2025 Booster Pack \u00e4r h\u00e4r f\u00f6r att ge dig en perfekt start p\u00e5 din samling av fotbollskort. Den nya s\u00e4songen av Adrenalyn XL\u2122 erbjuder ett sp\u00e4nnande urval av kort med Premier League-spelare, och denna booster pack \u00e4r full av m\u00f6jligheter att hitta s\u00e4llsynta och exklusiva kort.","breadcrumb":{"@id":"https:\/\/www.korthajen.se\/product\/panini-adrenalyn-xl-premier-league-2024-2025-booster-pack\/#breadcrumb"},"inLanguage":"en-GB","potentialAction":[{"@type":"ReadAction","target":["https:\/\/www.korthajen.se\/product\/panini-adrenalyn-xl-premier-league-2024-2025-booster-pack\/"]}]},{"@type":"ImageObject","inLanguage":"en-GB","@id":"https:\/\/www.korthajen.se\/product\/panini-adrenalyn-xl-premier-league-2024-2025-booster-pack\/#primaryimage","url":"https:\/\/i0.wp.com\/www.korthajen.se\/wp-content\/uploads\/2024\/12\/5i8a4252_2048px.webp?fit=2048%2C2048&ssl=1","contentUrl":"https:\/\/i0.wp.com\/www.korthajen.se\/wp-content\/uploads\/2024\/12\/5i8a4252_2048px.webp?fit=2048%2C2048&ssl=1","width":2048,"height":2048},{"@type":"BreadcrumbList","@id":"https:\/\/www.korthajen.se\/product\/panini-adrenalyn-xl-premier-league-2024-2025-booster-pack\/#breadcrumb","itemListElement":[{"@type":"ListItem","position":1,"name":"Hem","item":"https:\/\/www.korthajen.se\/"},{"@type":"ListItem","position":2,"name":"Sortiment &#8211; Allt inom samlarkort och tillbeh\u00f6r","item":"https:\/\/www.korthajen.se\/shop\/"},{"@type":"ListItem","position":3,"name":"Panini Adrenalyn XL: Premier League 2024\/2025 &#8211; Booster Pack"}]},{"@type":"WebSite","@id":"https:\/\/www.korthajen.se\/#website","url":"https:\/\/www.korthajen.se\/","name":"Korthajen","description":"Hj\u00e4lper samlare, nya som gamla.","publisher":{"@id":"https:\/\/www.korthajen.se\/#organization"},"potentialAction":[{"@type":"SearchAction","target":{"@type":"EntryPoint","urlTemplate":"https:\/\/www.korthajen.se\/?s={search_term_string}"},"query-input":{"@type":"PropertyValueSpecification","valueRequired":true,"valueName":"search_term_string"}}],"inLanguage":"en-GB"},{"@type":"Organization","@id":"https:\/\/www.korthajen.se\/#organization","name":"Korthajen","url":"https:\/\/www.korthajen.se\/","logo":{"@type":"ImageObject","inLanguage":"en-GB","@id":"https:\/\/www.korthajen.se\/#\/schema\/logo\/image\/","url":"https:\/\/www.korthajen.se\/wp-content\/uploads\/2024\/12\/Korthajen-png.avif","contentUrl":"https:\/\/www.korthajen.se\/wp-content\/uploads\/2024\/12\/Korthajen-png.avif","width":2100,"height":2100,"caption":"Korthajen"},"image":{"@id":"https:\/\/www.korthajen.se\/#\/schema\/logo\/image\/"},"sameAs":["https:\/\/facebook.com\/korthajen.se","https:\/\/instagram.com\/korthajen.se"]}]}},"jetpack_publicize_connections":[],"jetpack_sharing_enabled":true,"jetpack-related-posts":[],"_links":{"self":[{"href":"https:\/\/www.korthajen.se\/en\/wp-json\/wp\/v2\/product\/531","targetHints":{"allow":["GET"]}}],"collection":[{"href":"https:\/\/www.korthajen.se\/en\/wp-json\/wp\/v2\/product"}],"about":[{"href":"https:\/\/www.korthajen.se\/en\/wp-json\/wp\/v2\/types\/product"}],"replies":[{"embeddable":true,"href":"https:\/\/www.korthajen.se\/en\/wp-json\/wp\/v2\/comments?post=531"}],"wp:featuredmedia":[{"embeddable":true,"href":"https:\/\/www.korthajen.se\/en\/wp-json\/wp\/v2\/media\/870"}],"wp:attachment":[{"href":"https:\/\/www.korthajen.se\/en\/wp-json\/wp\/v2\/media?parent=531"}],"wp:term":[{"taxonomy":"product_brand","embeddable":true,"href":"https:\/\/www.korthajen.se\/en\/wp-json\/wp\/v2\/product_brand?post=531"},{"taxonomy":"product_cat","embeddable":true,"href":"https:\/\/www.korthajen.se\/en\/wp-json\/wp\/v2\/product_cat?post=531"},{"taxonomy":"product_tag","embeddable":true,"href":"https:\/\/www.korthajen.se\/en\/wp-json\/wp\/v2\/product_tag?post=531"}],"curies":[{"name":"wp","href":"https:\/\/api.w.org\/{rel}","templated":true}]}}