{"id":535,"date":"2024-11-15T20:01:16","date_gmt":"2024-11-15T20:01:16","guid":{"rendered":"https:\/\/www.korthajen.se\/product\/ultra-pro-basic-soft-sleeves-100-genomskinliga-sleeves\/"},"modified":"2025-07-01T17:44:04","modified_gmt":"2025-07-01T17:44:04","slug":"ultra-pro-basic-soft-sleeves-100-genomskinliga-sleeves","status":"publish","type":"product","link":"https:\/\/www.korthajen.se\/en\/product\/ultra-pro-basic-soft-sleeves-100-genomskinliga-sleeves\/","title":{"rendered":"Ultra Pro Basic Soft Sleeves &#8211; 100 genomskinliga sleeves"},"content":{"rendered":"<p>Ultra Pro Basic Soft Sleeves &#8211; 100 genomskinliga sleeves<\/p>\n<p>Skydda dina samlarkort med Ultra Pro Basic Soft Sleeves! Dessa mjuka sleeves \u00e4r tillverkade i klarglas polypropylen, som \u00e4r b\u00e5de syrafri och PVC-fri, vilket g\u00f6r dem idealiska f\u00f6r att bevara dina kort i b\u00e4sta skick \u00f6ver tid. Med 100 sleeves per pack \u00e4r de perfekta f\u00f6r b\u00e5de samlare och spelare som vill skydda sina kort under f\u00f6rvaring, sortering eller anv\u00e4ndning.<\/p>\n<p>Egenskaper:<\/p>\n<p>&#8211; 100 sleeves per f\u00f6rpackning<\/p>\n<p>&#8211; Passar standardkort (63,5 x 88,9 mm)<\/p>\n<p>&#8211; Tillverkad av klar, syrafri och PVC-fri polypropylen<\/p>\n<p>&#8211; Skyddar dina kort fr\u00e5n repor och skador<\/p>\n<p>&#8211; Transparent f\u00f6r att visa upp dina korts design<\/p>\n<p>Oavsett om du samlar p\u00e5 kort eller spelar TCG, ger dessa sleeves ett p\u00e5litligt skydd utan att d\u00f6lja dina korts grafik. Perfekta f\u00f6r anv\u00e4ndning med Ultra Pro toploaders f\u00f6r extra skydd.<\/p>","protected":false},"excerpt":{"rendered":"<p>Ultra Pro Basic Soft Sleeves &#8211; 100 genomskinliga sleeves Skydda dina samlarkort med Ultra Pro Basic Soft Sleeves! Dessa mjuka sleeves \u00e4r tillverkade i klarglas polypropylen, som \u00e4r b\u00e5de syrafri och PVC-fri, vilket g\u00f6r dem idealiska f\u00f6r att bevara dina kort i b\u00e4sta skick \u00f6ver tid. Med 100 sleeves per pack \u00e4r de perfekta f\u00f6r [&hellip;]<\/p>","protected":false},"featured_media":725,"comment_status":"open","ping_status":"closed","template":"","meta":{"jetpack_publicize_message":"","jetpack_publicize_feature_enabled":true,"jetpack_social_post_already_shared":false,"jetpack_social_options":{"image_generator_settings":{"template":"highway","default_image_id":0,"font":"","enabled":false},"version":2}},"product_brand":[],"product_cat":[41,43],"product_tag":[88],"class_list":{"0":"post-535","1":"product","2":"type-product","3":"status-publish","4":"has-post-thumbnail","6":"product_cat-ovrigt","7":"product_cat-tillbehor","8":"product_tag-ultra-pro","10":"first","11":"instock","12":"sale","13":"taxable","14":"shipping-taxable","15":"purchasable","16":"product-type-simple"},"yoast_head":"<!-- This site is optimized with the Yoast SEO plugin v26.2 - https:\/\/yoast.com\/wordpress\/plugins\/seo\/ -->\n<title>Ultra Pro Basic Soft Sleeves - 100 genomskinliga sleeves - Korthajen<\/title>\n<meta name=\"description\" content=\"Skydda dina samlarkort med Ultra Pro Basic Soft Sleeves! Dessa mjuka sleeves \u00e4r tillverkade i klarglas polypropylen, som \u00e4r b\u00e5de syrafri och PVC-fri, vilket g\u00f6r dem idealiska f\u00f6r att bevara dina kort i b\u00e4sta skick \u00f6ver tid.\" \/>\n<meta name=\"robots\" content=\"index, follow, max-snippet:-1, max-image-preview:large, max-video-preview:-1\" \/>\n<link rel=\"canonical\" href=\"https:\/\/www.korthajen.se\/en\/product\/ultra-pro-basic-soft-sleeves-100-genomskinliga-sleeves\/\" \/>\n<meta property=\"og:locale\" content=\"en_GB\" \/>\n<meta property=\"og:type\" content=\"article\" \/>\n<meta property=\"og:title\" content=\"Ultra Pro Basic Soft Sleeves - 100 genomskinliga sleeves - Korthajen\" \/>\n<meta property=\"og:description\" content=\"Skydda dina samlarkort med Ultra Pro Basic Soft Sleeves! Dessa mjuka sleeves \u00e4r tillverkade i klarglas polypropylen, som \u00e4r b\u00e5de syrafri och PVC-fri, vilket g\u00f6r dem idealiska f\u00f6r att bevara dina kort i b\u00e4sta skick \u00f6ver tid.\" \/>\n<meta property=\"og:url\" content=\"https:\/\/www.korthajen.se\/en\/product\/ultra-pro-basic-soft-sleeves-100-genomskinliga-sleeves\/\" \/>\n<meta property=\"og:site_name\" content=\"Korthajen\" \/>\n<meta property=\"article:publisher\" content=\"https:\/\/facebook.com\/korthajen.se\" \/>\n<meta property=\"article:modified_time\" content=\"2025-07-01T17:44:04+00:00\" \/>\n<meta property=\"og:image\" content=\"https:\/\/www.korthajen.se\/wp-content\/uploads\/2024\/11\/5I8A4272_2048px.avif\" \/>\n\t<meta property=\"og:image:width\" content=\"2048\" \/>\n\t<meta property=\"og:image:height\" content=\"2048\" \/>\n\t<meta property=\"og:image:type\" content=\"image\/jpeg\" \/>\n<meta name=\"twitter:card\" content=\"summary_large_image\" \/>\n<meta name=\"twitter:label1\" content=\"Estimated reading time\" \/>\n\t<meta name=\"twitter:data1\" content=\"1 minute\" \/>\n<script type=\"application\/ld+json\" class=\"yoast-schema-graph\">{\"@context\":\"https:\/\/schema.org\",\"@graph\":[{\"@type\":\"WebPage\",\"@id\":\"https:\/\/www.korthajen.se\/product\/ultra-pro-basic-soft-sleeves-100-genomskinliga-sleeves\/\",\"url\":\"https:\/\/www.korthajen.se\/product\/ultra-pro-basic-soft-sleeves-100-genomskinliga-sleeves\/\",\"name\":\"Ultra Pro Basic Soft Sleeves - 100 genomskinliga sleeves - Korthajen\",\"isPartOf\":{\"@id\":\"https:\/\/www.korthajen.se\/#website\"},\"primaryImageOfPage\":{\"@id\":\"https:\/\/www.korthajen.se\/product\/ultra-pro-basic-soft-sleeves-100-genomskinliga-sleeves\/#primaryimage\"},\"image\":{\"@id\":\"https:\/\/www.korthajen.se\/product\/ultra-pro-basic-soft-sleeves-100-genomskinliga-sleeves\/#primaryimage\"},\"thumbnailUrl\":\"https:\/\/www.korthajen.se\/wp-content\/uploads\/2024\/11\/5I8A4272_2048px.avif\",\"datePublished\":\"2024-11-15T20:01:16+00:00\",\"dateModified\":\"2025-07-01T17:44:04+00:00\",\"description\":\"Skydda dina samlarkort med Ultra Pro Basic Soft Sleeves! Dessa mjuka sleeves \u00e4r tillverkade i klarglas polypropylen, som \u00e4r b\u00e5de syrafri och PVC-fri, vilket g\u00f6r dem idealiska f\u00f6r att bevara dina kort i b\u00e4sta skick \u00f6ver tid.\",\"breadcrumb\":{\"@id\":\"https:\/\/www.korthajen.se\/product\/ultra-pro-basic-soft-sleeves-100-genomskinliga-sleeves\/#breadcrumb\"},\"inLanguage\":\"en-GB\",\"potentialAction\":[{\"@type\":\"ReadAction\",\"target\":[\"https:\/\/www.korthajen.se\/product\/ultra-pro-basic-soft-sleeves-100-genomskinliga-sleeves\/\"]}]},{\"@type\":\"ImageObject\",\"inLanguage\":\"en-GB\",\"@id\":\"https:\/\/www.korthajen.se\/product\/ultra-pro-basic-soft-sleeves-100-genomskinliga-sleeves\/#primaryimage\",\"url\":\"https:\/\/www.korthajen.se\/wp-content\/uploads\/2024\/11\/5I8A4272_2048px.avif\",\"contentUrl\":\"https:\/\/www.korthajen.se\/wp-content\/uploads\/2024\/11\/5I8A4272_2048px.avif\",\"width\":2048,\"height\":2048},{\"@type\":\"BreadcrumbList\",\"@id\":\"https:\/\/www.korthajen.se\/product\/ultra-pro-basic-soft-sleeves-100-genomskinliga-sleeves\/#breadcrumb\",\"itemListElement\":[{\"@type\":\"ListItem\",\"position\":1,\"name\":\"Hem\",\"item\":\"https:\/\/www.korthajen.se\/\"},{\"@type\":\"ListItem\",\"position\":2,\"name\":\"Sortiment &#8211; Allt inom samlarkort och tillbeh\u00f6r\",\"item\":\"https:\/\/www.korthajen.se\/shop\/\"},{\"@type\":\"ListItem\",\"position\":3,\"name\":\"Ultra Pro Basic Soft Sleeves &#8211; 100 genomskinliga sleeves\"}]},{\"@type\":\"WebSite\",\"@id\":\"https:\/\/www.korthajen.se\/#website\",\"url\":\"https:\/\/www.korthajen.se\/\",\"name\":\"Korthajen\",\"description\":\"Hj\u00e4lper samlare, nya som gamla.\",\"publisher\":{\"@id\":\"https:\/\/www.korthajen.se\/#organization\"},\"potentialAction\":[{\"@type\":\"SearchAction\",\"target\":{\"@type\":\"EntryPoint\",\"urlTemplate\":\"https:\/\/www.korthajen.se\/?s={search_term_string}\"},\"query-input\":{\"@type\":\"PropertyValueSpecification\",\"valueRequired\":true,\"valueName\":\"search_term_string\"}}],\"inLanguage\":\"en-GB\"},{\"@type\":\"Organization\",\"@id\":\"https:\/\/www.korthajen.se\/#organization\",\"name\":\"Korthajen\",\"url\":\"https:\/\/www.korthajen.se\/\",\"logo\":{\"@type\":\"ImageObject\",\"inLanguage\":\"en-GB\",\"@id\":\"https:\/\/www.korthajen.se\/#\/schema\/logo\/image\/\",\"url\":\"https:\/\/www.korthajen.se\/wp-content\/uploads\/2024\/12\/Korthajen-png.avif\",\"contentUrl\":\"https:\/\/www.korthajen.se\/wp-content\/uploads\/2024\/12\/Korthajen-png.avif\",\"width\":2100,\"height\":2100,\"caption\":\"Korthajen\"},\"image\":{\"@id\":\"https:\/\/www.korthajen.se\/#\/schema\/logo\/image\/\"},\"sameAs\":[\"https:\/\/facebook.com\/korthajen.se\",\"https:\/\/instagram.com\/korthajen.se\"]}]}<\/script>\n<!-- \/ Yoast SEO plugin. -->","yoast_head_json":{"title":"Ultra Pro Basic Soft Sleeves - 100 genomskinliga sleeves - Korthajen","description":"Skydda dina samlarkort med Ultra Pro Basic Soft Sleeves! Dessa mjuka sleeves \u00e4r tillverkade i klarglas polypropylen, som \u00e4r b\u00e5de syrafri och PVC-fri, vilket g\u00f6r dem idealiska f\u00f6r att bevara dina kort i b\u00e4sta skick \u00f6ver tid.","robots":{"index":"index","follow":"follow","max-snippet":"max-snippet:-1","max-image-preview":"max-image-preview:large","max-video-preview":"max-video-preview:-1"},"canonical":"https:\/\/www.korthajen.se\/en\/product\/ultra-pro-basic-soft-sleeves-100-genomskinliga-sleeves\/","og_locale":"en_GB","og_type":"article","og_title":"Ultra Pro Basic Soft Sleeves - 100 genomskinliga sleeves - Korthajen","og_description":"Skydda dina samlarkort med Ultra Pro Basic Soft Sleeves! Dessa mjuka sleeves \u00e4r tillverkade i klarglas polypropylen, som \u00e4r b\u00e5de syrafri och PVC-fri, vilket g\u00f6r dem idealiska f\u00f6r att bevara dina kort i b\u00e4sta skick \u00f6ver tid.","og_url":"https:\/\/www.korthajen.se\/en\/product\/ultra-pro-basic-soft-sleeves-100-genomskinliga-sleeves\/","og_site_name":"Korthajen","article_publisher":"https:\/\/facebook.com\/korthajen.se","article_modified_time":"2025-07-01T17:44:04+00:00","og_image":[{"width":2048,"height":2048,"url":"https:\/\/www.korthajen.se\/wp-content\/uploads\/2024\/11\/5I8A4272_2048px.avif","type":"image\/jpeg"}],"twitter_card":"summary_large_image","twitter_misc":{"Estimated reading time":"1 minute"},"schema":{"@context":"https:\/\/schema.org","@graph":[{"@type":"WebPage","@id":"https:\/\/www.korthajen.se\/product\/ultra-pro-basic-soft-sleeves-100-genomskinliga-sleeves\/","url":"https:\/\/www.korthajen.se\/product\/ultra-pro-basic-soft-sleeves-100-genomskinliga-sleeves\/","name":"Ultra Pro Basic Soft Sleeves - 100 genomskinliga sleeves - Korthajen","isPartOf":{"@id":"https:\/\/www.korthajen.se\/#website"},"primaryImageOfPage":{"@id":"https:\/\/www.korthajen.se\/product\/ultra-pro-basic-soft-sleeves-100-genomskinliga-sleeves\/#primaryimage"},"image":{"@id":"https:\/\/www.korthajen.se\/product\/ultra-pro-basic-soft-sleeves-100-genomskinliga-sleeves\/#primaryimage"},"thumbnailUrl":"https:\/\/www.korthajen.se\/wp-content\/uploads\/2024\/11\/5I8A4272_2048px.avif","datePublished":"2024-11-15T20:01:16+00:00","dateModified":"2025-07-01T17:44:04+00:00","description":"Skydda dina samlarkort med Ultra Pro Basic Soft Sleeves! Dessa mjuka sleeves \u00e4r tillverkade i klarglas polypropylen, som \u00e4r b\u00e5de syrafri och PVC-fri, vilket g\u00f6r dem idealiska f\u00f6r att bevara dina kort i b\u00e4sta skick \u00f6ver tid.","breadcrumb":{"@id":"https:\/\/www.korthajen.se\/product\/ultra-pro-basic-soft-sleeves-100-genomskinliga-sleeves\/#breadcrumb"},"inLanguage":"en-GB","potentialAction":[{"@type":"ReadAction","target":["https:\/\/www.korthajen.se\/product\/ultra-pro-basic-soft-sleeves-100-genomskinliga-sleeves\/"]}]},{"@type":"ImageObject","inLanguage":"en-GB","@id":"https:\/\/www.korthajen.se\/product\/ultra-pro-basic-soft-sleeves-100-genomskinliga-sleeves\/#primaryimage","url":"https:\/\/www.korthajen.se\/wp-content\/uploads\/2024\/11\/5I8A4272_2048px.avif","contentUrl":"https:\/\/www.korthajen.se\/wp-content\/uploads\/2024\/11\/5I8A4272_2048px.avif","width":2048,"height":2048},{"@type":"BreadcrumbList","@id":"https:\/\/www.korthajen.se\/product\/ultra-pro-basic-soft-sleeves-100-genomskinliga-sleeves\/#breadcrumb","itemListElement":[{"@type":"ListItem","position":1,"name":"Hem","item":"https:\/\/www.korthajen.se\/"},{"@type":"ListItem","position":2,"name":"Sortiment &#8211; Allt inom samlarkort och tillbeh\u00f6r","item":"https:\/\/www.korthajen.se\/shop\/"},{"@type":"ListItem","position":3,"name":"Ultra Pro Basic Soft Sleeves &#8211; 100 genomskinliga sleeves"}]},{"@type":"WebSite","@id":"https:\/\/www.korthajen.se\/#website","url":"https:\/\/www.korthajen.se\/","name":"Korthajen","description":"Hj\u00e4lper samlare, nya som gamla.","publisher":{"@id":"https:\/\/www.korthajen.se\/#organization"},"potentialAction":[{"@type":"SearchAction","target":{"@type":"EntryPoint","urlTemplate":"https:\/\/www.korthajen.se\/?s={search_term_string}"},"query-input":{"@type":"PropertyValueSpecification","valueRequired":true,"valueName":"search_term_string"}}],"inLanguage":"en-GB"},{"@type":"Organization","@id":"https:\/\/www.korthajen.se\/#organization","name":"Korthajen","url":"https:\/\/www.korthajen.se\/","logo":{"@type":"ImageObject","inLanguage":"en-GB","@id":"https:\/\/www.korthajen.se\/#\/schema\/logo\/image\/","url":"https:\/\/www.korthajen.se\/wp-content\/uploads\/2024\/12\/Korthajen-png.avif","contentUrl":"https:\/\/www.korthajen.se\/wp-content\/uploads\/2024\/12\/Korthajen-png.avif","width":2100,"height":2100,"caption":"Korthajen"},"image":{"@id":"https:\/\/www.korthajen.se\/#\/schema\/logo\/image\/"},"sameAs":["https:\/\/facebook.com\/korthajen.se","https:\/\/instagram.com\/korthajen.se"]}]}},"jetpack_publicize_connections":[],"jetpack_sharing_enabled":true,"jetpack-related-posts":[],"_links":{"self":[{"href":"https:\/\/www.korthajen.se\/en\/wp-json\/wp\/v2\/product\/535","targetHints":{"allow":["GET"]}}],"collection":[{"href":"https:\/\/www.korthajen.se\/en\/wp-json\/wp\/v2\/product"}],"about":[{"href":"https:\/\/www.korthajen.se\/en\/wp-json\/wp\/v2\/types\/product"}],"replies":[{"embeddable":true,"href":"https:\/\/www.korthajen.se\/en\/wp-json\/wp\/v2\/comments?post=535"}],"wp:featuredmedia":[{"embeddable":true,"href":"https:\/\/www.korthajen.se\/en\/wp-json\/wp\/v2\/media\/725"}],"wp:attachment":[{"href":"https:\/\/www.korthajen.se\/en\/wp-json\/wp\/v2\/media?parent=535"}],"wp:term":[{"taxonomy":"product_brand","embeddable":true,"href":"https:\/\/www.korthajen.se\/en\/wp-json\/wp\/v2\/product_brand?post=535"},{"taxonomy":"product_cat","embeddable":true,"href":"https:\/\/www.korthajen.se\/en\/wp-json\/wp\/v2\/product_cat?post=535"},{"taxonomy":"product_tag","embeddable":true,"href":"https:\/\/www.korthajen.se\/en\/wp-json\/wp\/v2\/product_tag?post=535"}],"curies":[{"name":"wp","href":"https:\/\/api.w.org\/{rel}","templated":true}]}}