{"id":538,"date":"2024-11-15T20:01:22","date_gmt":"2024-11-15T20:01:22","guid":{"rendered":"https:\/\/www.korthajen.se\/product\/pokemon-trainers-toolkit-2023-startkort-4-boosters-tillbehor\/"},"modified":"2025-01-20T20:37:17","modified_gmt":"2025-01-20T20:37:17","slug":"pokemon-trainers-toolkit-2023-startkort-4-boosters-tillbehor","status":"publish","type":"product","link":"https:\/\/www.korthajen.se\/en\/product\/pokemon-trainers-toolkit-2023-startkort-4-boosters-tillbehor\/","title":{"rendered":"Pok\u00e9mon Trainer&#8217;s Toolkit 2023 &#8211; Startkort, 4 Boosters &amp; tillbeh\u00f6r!"},"content":{"rendered":"<p>Pok\u00e9mon TCG: Trainer\u2019s Toolkit 2023 \u00e4r det perfekta verktyget f\u00f6r att bygga kraftfulla och konkurrenskraftiga Pok\u00e9mon-deck. Detta set inneh\u00e5ller en m\u00e4ngd anv\u00e4ndbara kort och tillbeh\u00f6r som g\u00f6r det enkelt att skapa den b\u00e4sta sammans\u00e4ttningen f\u00f6r dina matcher. Det inkluderar bland annat kort fr\u00e5n Arceus, Arceus V och Arceus VSTAR, som ger b\u00e5de starka attacker och strategiska f\u00f6rdelar f\u00f6r din spelstil.<\/p>\n<p>I denna toolkit f\u00e5r du:<\/p>\n<p>&#8211; Mer \u00e4n 50 anv\u00e4ndbara kort f\u00f6r att st\u00e4rka ditt deck, inklusive flera Trainer-kort samt Arceus V och Arceus VSTAR.<\/p>\n<p>&#8211; \u00d6ver 100 Basic Energy-kort f\u00f6r att energis\u00e4tta dina Pok\u00e9mon.<\/p>\n<p>&#8211; 4 Pok\u00e9mon TCG booster packs f\u00f6r att ut\u00f6ka din kortsamling.<\/p>\n<p>&#8211; 65 kort sleeves f\u00f6r att skydda dina kort under spelets g\u00e5ng.<\/p>\n<p>&#8211; En Deck Builder\u2019s Guide som hj\u00e4lper dig att bygga ditt deck p\u00e5 b\u00e4sta s\u00e4tt.<\/p>\n<p>&#8211; 6 damage-counter dice och 1 t\u00e4vlingsgodk\u00e4nt coin-flip die.<\/p>\n<p>&#8211; 2 statusmark\u00f6rer och 1 akryliskt VSTAR-m\u00e4rke.<\/p>\n<p>&#8211; En kodkort f\u00f6r Pok\u00e9mon Trading Card Game Live.<\/p>\n<p>Med Trainer\u2019s Toolkit 2023 f\u00e5r du allt du beh\u00f6ver f\u00f6r att ta din Pok\u00e9mon-samling till n\u00e4sta niv\u00e5 och skapa decks f\u00f6r b\u00e5de casual och t\u00e4vlingsspel.<\/p>","protected":false},"excerpt":{"rendered":"<p>Pok\u00e9mon TCG: Trainer\u2019s Toolkit 2023 \u00e4r det perfekta verktyget f\u00f6r att bygga kraftfulla och konkurrenskraftiga Pok\u00e9mon-deck. Detta set inneh\u00e5ller en m\u00e4ngd anv\u00e4ndbara kort och tillbeh\u00f6r som g\u00f6r det enkelt att skapa den b\u00e4sta sammans\u00e4ttningen f\u00f6r dina matcher. Det inkluderar bland annat kort fr\u00e5n Arceus, Arceus V och Arceus VSTAR, som ger b\u00e5de starka attacker och [&hellip;]<\/p>","protected":false},"featured_media":844,"comment_status":"open","ping_status":"closed","template":"","meta":{"jetpack_publicize_message":"","jetpack_publicize_feature_enabled":true,"jetpack_social_post_already_shared":false,"jetpack_social_options":{"image_generator_settings":{"template":"highway","default_image_id":0,"font":"","enabled":false},"version":2}},"product_brand":[],"product_cat":[61,38],"product_tag":[91,90],"class_list":{"0":"post-538","1":"product","2":"type-product","3":"status-publish","4":"has-post-thumbnail","6":"product_cat-bundles-etbs","7":"product_cat-pokemon","8":"product_tag-nyborjare","9":"product_tag-startkit","11":"first","12":"outofstock","13":"sale","14":"taxable","15":"shipping-taxable","16":"purchasable","17":"product-type-simple"},"yoast_head":"<!-- This site is optimized with the Yoast SEO plugin v26.2 - https:\/\/yoast.com\/wordpress\/plugins\/seo\/ -->\n<title>Pok\u00e9mon Trainer&#039;s Toolkit 2023 - Startkort, 4 Boosters &amp; tillbeh\u00f6r! - Korthajen<\/title>\n<meta name=\"robots\" content=\"index, follow, max-snippet:-1, max-image-preview:large, max-video-preview:-1\" \/>\n<link rel=\"canonical\" href=\"https:\/\/www.korthajen.se\/en\/product\/pokemon-trainers-toolkit-2023-startkort-4-boosters-tillbehor\/\" \/>\n<meta property=\"og:locale\" content=\"en_GB\" \/>\n<meta property=\"og:type\" content=\"article\" \/>\n<meta property=\"og:title\" content=\"Pok\u00e9mon Trainer&#039;s Toolkit 2023 - Startkort, 4 Boosters &amp; tillbeh\u00f6r! - Korthajen\" \/>\n<meta property=\"og:description\" content=\"Pok\u00e9mon TCG: Trainer\u2019s Toolkit 2023 \u00e4r det perfekta verktyget f\u00f6r att bygga kraftfulla och konkurrenskraftiga Pok\u00e9mon-deck. Detta set inneh\u00e5ller en m\u00e4ngd anv\u00e4ndbara kort och tillbeh\u00f6r som g\u00f6r det enkelt att skapa den b\u00e4sta sammans\u00e4ttningen f\u00f6r dina matcher. Det inkluderar bland annat kort fr\u00e5n Arceus, Arceus V och Arceus VSTAR, som ger b\u00e5de starka attacker och [&hellip;]\" \/>\n<meta property=\"og:url\" content=\"https:\/\/www.korthajen.se\/en\/product\/pokemon-trainers-toolkit-2023-startkort-4-boosters-tillbehor\/\" \/>\n<meta property=\"og:site_name\" content=\"Korthajen\" \/>\n<meta property=\"article:publisher\" content=\"https:\/\/facebook.com\/korthajen.se\" \/>\n<meta property=\"article:modified_time\" content=\"2025-01-20T20:37:17+00:00\" \/>\n<meta property=\"og:image\" content=\"https:\/\/www.korthajen.se\/wp-content\/uploads\/2024\/11\/5I8A4275_2048px.webp\" \/>\n\t<meta property=\"og:image:width\" content=\"2048\" \/>\n\t<meta property=\"og:image:height\" content=\"1553\" \/>\n\t<meta property=\"og:image:type\" content=\"image\/jpeg\" \/>\n<meta name=\"twitter:card\" content=\"summary_large_image\" \/>\n<meta name=\"twitter:label1\" content=\"Estimated reading time\" \/>\n\t<meta name=\"twitter:data1\" content=\"2 minutes\" \/>\n<script type=\"application\/ld+json\" class=\"yoast-schema-graph\">{\"@context\":\"https:\/\/schema.org\",\"@graph\":[{\"@type\":\"WebPage\",\"@id\":\"https:\/\/www.korthajen.se\/product\/pokemon-trainers-toolkit-2023-startkort-4-boosters-tillbehor\/\",\"url\":\"https:\/\/www.korthajen.se\/product\/pokemon-trainers-toolkit-2023-startkort-4-boosters-tillbehor\/\",\"name\":\"Pok\u00e9mon Trainer's Toolkit 2023 - Startkort, 4 Boosters &amp; tillbeh\u00f6r! - Korthajen\",\"isPartOf\":{\"@id\":\"https:\/\/www.korthajen.se\/#website\"},\"primaryImageOfPage\":{\"@id\":\"https:\/\/www.korthajen.se\/product\/pokemon-trainers-toolkit-2023-startkort-4-boosters-tillbehor\/#primaryimage\"},\"image\":{\"@id\":\"https:\/\/www.korthajen.se\/product\/pokemon-trainers-toolkit-2023-startkort-4-boosters-tillbehor\/#primaryimage\"},\"thumbnailUrl\":\"https:\/\/i0.wp.com\/www.korthajen.se\/wp-content\/uploads\/2024\/11\/5I8A4275_2048px.webp?fit=2048%2C1553&ssl=1\",\"datePublished\":\"2024-11-15T20:01:22+00:00\",\"dateModified\":\"2025-01-20T20:37:17+00:00\",\"breadcrumb\":{\"@id\":\"https:\/\/www.korthajen.se\/product\/pokemon-trainers-toolkit-2023-startkort-4-boosters-tillbehor\/#breadcrumb\"},\"inLanguage\":\"en-GB\",\"potentialAction\":[{\"@type\":\"ReadAction\",\"target\":[\"https:\/\/www.korthajen.se\/product\/pokemon-trainers-toolkit-2023-startkort-4-boosters-tillbehor\/\"]}]},{\"@type\":\"ImageObject\",\"inLanguage\":\"en-GB\",\"@id\":\"https:\/\/www.korthajen.se\/product\/pokemon-trainers-toolkit-2023-startkort-4-boosters-tillbehor\/#primaryimage\",\"url\":\"https:\/\/i0.wp.com\/www.korthajen.se\/wp-content\/uploads\/2024\/11\/5I8A4275_2048px.webp?fit=2048%2C1553&ssl=1\",\"contentUrl\":\"https:\/\/i0.wp.com\/www.korthajen.se\/wp-content\/uploads\/2024\/11\/5I8A4275_2048px.webp?fit=2048%2C1553&ssl=1\",\"width\":2048,\"height\":1553},{\"@type\":\"BreadcrumbList\",\"@id\":\"https:\/\/www.korthajen.se\/product\/pokemon-trainers-toolkit-2023-startkort-4-boosters-tillbehor\/#breadcrumb\",\"itemListElement\":[{\"@type\":\"ListItem\",\"position\":1,\"name\":\"Hem\",\"item\":\"https:\/\/www.korthajen.se\/\"},{\"@type\":\"ListItem\",\"position\":2,\"name\":\"Sortiment &#8211; Allt inom samlarkort och tillbeh\u00f6r\",\"item\":\"https:\/\/www.korthajen.se\/shop\/\"},{\"@type\":\"ListItem\",\"position\":3,\"name\":\"Pok\u00e9mon Trainer&#8217;s Toolkit 2023 &#8211; Startkort, 4 Boosters &amp; tillbeh\u00f6r!\"}]},{\"@type\":\"WebSite\",\"@id\":\"https:\/\/www.korthajen.se\/#website\",\"url\":\"https:\/\/www.korthajen.se\/\",\"name\":\"Korthajen\",\"description\":\"Hj\u00e4lper samlare, nya som gamla.\",\"publisher\":{\"@id\":\"https:\/\/www.korthajen.se\/#organization\"},\"potentialAction\":[{\"@type\":\"SearchAction\",\"target\":{\"@type\":\"EntryPoint\",\"urlTemplate\":\"https:\/\/www.korthajen.se\/?s={search_term_string}\"},\"query-input\":{\"@type\":\"PropertyValueSpecification\",\"valueRequired\":true,\"valueName\":\"search_term_string\"}}],\"inLanguage\":\"en-GB\"},{\"@type\":\"Organization\",\"@id\":\"https:\/\/www.korthajen.se\/#organization\",\"name\":\"Korthajen\",\"url\":\"https:\/\/www.korthajen.se\/\",\"logo\":{\"@type\":\"ImageObject\",\"inLanguage\":\"en-GB\",\"@id\":\"https:\/\/www.korthajen.se\/#\/schema\/logo\/image\/\",\"url\":\"https:\/\/www.korthajen.se\/wp-content\/uploads\/2024\/12\/Korthajen-png.avif\",\"contentUrl\":\"https:\/\/www.korthajen.se\/wp-content\/uploads\/2024\/12\/Korthajen-png.avif\",\"width\":2100,\"height\":2100,\"caption\":\"Korthajen\"},\"image\":{\"@id\":\"https:\/\/www.korthajen.se\/#\/schema\/logo\/image\/\"},\"sameAs\":[\"https:\/\/facebook.com\/korthajen.se\",\"https:\/\/instagram.com\/korthajen.se\"]}]}<\/script>\n<!-- \/ Yoast SEO plugin. -->","yoast_head_json":{"title":"Pok\u00e9mon Trainer's Toolkit 2023 - Startkort, 4 Boosters &amp; tillbeh\u00f6r! - Korthajen","robots":{"index":"index","follow":"follow","max-snippet":"max-snippet:-1","max-image-preview":"max-image-preview:large","max-video-preview":"max-video-preview:-1"},"canonical":"https:\/\/www.korthajen.se\/en\/product\/pokemon-trainers-toolkit-2023-startkort-4-boosters-tillbehor\/","og_locale":"en_GB","og_type":"article","og_title":"Pok\u00e9mon Trainer's Toolkit 2023 - Startkort, 4 Boosters &amp; tillbeh\u00f6r! - Korthajen","og_description":"Pok\u00e9mon TCG: Trainer\u2019s Toolkit 2023 \u00e4r det perfekta verktyget f\u00f6r att bygga kraftfulla och konkurrenskraftiga Pok\u00e9mon-deck. Detta set inneh\u00e5ller en m\u00e4ngd anv\u00e4ndbara kort och tillbeh\u00f6r som g\u00f6r det enkelt att skapa den b\u00e4sta sammans\u00e4ttningen f\u00f6r dina matcher. Det inkluderar bland annat kort fr\u00e5n Arceus, Arceus V och Arceus VSTAR, som ger b\u00e5de starka attacker och [&hellip;]","og_url":"https:\/\/www.korthajen.se\/en\/product\/pokemon-trainers-toolkit-2023-startkort-4-boosters-tillbehor\/","og_site_name":"Korthajen","article_publisher":"https:\/\/facebook.com\/korthajen.se","article_modified_time":"2025-01-20T20:37:17+00:00","og_image":[{"width":2048,"height":1553,"url":"https:\/\/www.korthajen.se\/wp-content\/uploads\/2024\/11\/5I8A4275_2048px.webp","type":"image\/jpeg"}],"twitter_card":"summary_large_image","twitter_misc":{"Estimated reading time":"2 minutes"},"schema":{"@context":"https:\/\/schema.org","@graph":[{"@type":"WebPage","@id":"https:\/\/www.korthajen.se\/product\/pokemon-trainers-toolkit-2023-startkort-4-boosters-tillbehor\/","url":"https:\/\/www.korthajen.se\/product\/pokemon-trainers-toolkit-2023-startkort-4-boosters-tillbehor\/","name":"Pok\u00e9mon Trainer's Toolkit 2023 - Startkort, 4 Boosters &amp; tillbeh\u00f6r! - Korthajen","isPartOf":{"@id":"https:\/\/www.korthajen.se\/#website"},"primaryImageOfPage":{"@id":"https:\/\/www.korthajen.se\/product\/pokemon-trainers-toolkit-2023-startkort-4-boosters-tillbehor\/#primaryimage"},"image":{"@id":"https:\/\/www.korthajen.se\/product\/pokemon-trainers-toolkit-2023-startkort-4-boosters-tillbehor\/#primaryimage"},"thumbnailUrl":"https:\/\/i0.wp.com\/www.korthajen.se\/wp-content\/uploads\/2024\/11\/5I8A4275_2048px.webp?fit=2048%2C1553&ssl=1","datePublished":"2024-11-15T20:01:22+00:00","dateModified":"2025-01-20T20:37:17+00:00","breadcrumb":{"@id":"https:\/\/www.korthajen.se\/product\/pokemon-trainers-toolkit-2023-startkort-4-boosters-tillbehor\/#breadcrumb"},"inLanguage":"en-GB","potentialAction":[{"@type":"ReadAction","target":["https:\/\/www.korthajen.se\/product\/pokemon-trainers-toolkit-2023-startkort-4-boosters-tillbehor\/"]}]},{"@type":"ImageObject","inLanguage":"en-GB","@id":"https:\/\/www.korthajen.se\/product\/pokemon-trainers-toolkit-2023-startkort-4-boosters-tillbehor\/#primaryimage","url":"https:\/\/i0.wp.com\/www.korthajen.se\/wp-content\/uploads\/2024\/11\/5I8A4275_2048px.webp?fit=2048%2C1553&ssl=1","contentUrl":"https:\/\/i0.wp.com\/www.korthajen.se\/wp-content\/uploads\/2024\/11\/5I8A4275_2048px.webp?fit=2048%2C1553&ssl=1","width":2048,"height":1553},{"@type":"BreadcrumbList","@id":"https:\/\/www.korthajen.se\/product\/pokemon-trainers-toolkit-2023-startkort-4-boosters-tillbehor\/#breadcrumb","itemListElement":[{"@type":"ListItem","position":1,"name":"Hem","item":"https:\/\/www.korthajen.se\/"},{"@type":"ListItem","position":2,"name":"Sortiment &#8211; Allt inom samlarkort och tillbeh\u00f6r","item":"https:\/\/www.korthajen.se\/shop\/"},{"@type":"ListItem","position":3,"name":"Pok\u00e9mon Trainer&#8217;s Toolkit 2023 &#8211; Startkort, 4 Boosters &amp; tillbeh\u00f6r!"}]},{"@type":"WebSite","@id":"https:\/\/www.korthajen.se\/#website","url":"https:\/\/www.korthajen.se\/","name":"Korthajen","description":"Hj\u00e4lper samlare, nya som gamla.","publisher":{"@id":"https:\/\/www.korthajen.se\/#organization"},"potentialAction":[{"@type":"SearchAction","target":{"@type":"EntryPoint","urlTemplate":"https:\/\/www.korthajen.se\/?s={search_term_string}"},"query-input":{"@type":"PropertyValueSpecification","valueRequired":true,"valueName":"search_term_string"}}],"inLanguage":"en-GB"},{"@type":"Organization","@id":"https:\/\/www.korthajen.se\/#organization","name":"Korthajen","url":"https:\/\/www.korthajen.se\/","logo":{"@type":"ImageObject","inLanguage":"en-GB","@id":"https:\/\/www.korthajen.se\/#\/schema\/logo\/image\/","url":"https:\/\/www.korthajen.se\/wp-content\/uploads\/2024\/12\/Korthajen-png.avif","contentUrl":"https:\/\/www.korthajen.se\/wp-content\/uploads\/2024\/12\/Korthajen-png.avif","width":2100,"height":2100,"caption":"Korthajen"},"image":{"@id":"https:\/\/www.korthajen.se\/#\/schema\/logo\/image\/"},"sameAs":["https:\/\/facebook.com\/korthajen.se","https:\/\/instagram.com\/korthajen.se"]}]}},"jetpack_publicize_connections":[],"jetpack_sharing_enabled":true,"jetpack-related-posts":[],"_links":{"self":[{"href":"https:\/\/www.korthajen.se\/en\/wp-json\/wp\/v2\/product\/538","targetHints":{"allow":["GET"]}}],"collection":[{"href":"https:\/\/www.korthajen.se\/en\/wp-json\/wp\/v2\/product"}],"about":[{"href":"https:\/\/www.korthajen.se\/en\/wp-json\/wp\/v2\/types\/product"}],"replies":[{"embeddable":true,"href":"https:\/\/www.korthajen.se\/en\/wp-json\/wp\/v2\/comments?post=538"}],"wp:featuredmedia":[{"embeddable":true,"href":"https:\/\/www.korthajen.se\/en\/wp-json\/wp\/v2\/media\/844"}],"wp:attachment":[{"href":"https:\/\/www.korthajen.se\/en\/wp-json\/wp\/v2\/media?parent=538"}],"wp:term":[{"taxonomy":"product_brand","embeddable":true,"href":"https:\/\/www.korthajen.se\/en\/wp-json\/wp\/v2\/product_brand?post=538"},{"taxonomy":"product_cat","embeddable":true,"href":"https:\/\/www.korthajen.se\/en\/wp-json\/wp\/v2\/product_cat?post=538"},{"taxonomy":"product_tag","embeddable":true,"href":"https:\/\/www.korthajen.se\/en\/wp-json\/wp\/v2\/product_tag?post=538"}],"curies":[{"name":"wp","href":"https:\/\/api.w.org\/{rel}","templated":true}]}}