{"id":540,"date":"2024-11-17T17:29:36","date_gmt":"2024-11-17T17:29:36","guid":{"rendered":"https:\/\/www.korthajen.se\/?post_type=product&#038;p=540"},"modified":"2025-02-23T10:14:00","modified_gmt":"2025-02-23T10:14:00","slug":"start-paket-kortsamlare","status":"publish","type":"product","link":"https:\/\/www.korthajen.se\/en\/product\/start-paket-kortsamlare\/","title":{"rendered":"Start-paket kortsamlare"},"content":{"rendered":"<p>Start-paket f\u00f6r Kortsamlare<\/p>\n<p>Detta startpaket \u00e4r perfekt f\u00f6r nya och erfarna kortsamlare som vill organisera och skydda sina samlingar samtidigt som de kan b\u00f6rja eller ut\u00f6ka sin samling av kort. Med detta kit har du allt du beh\u00f6ver f\u00f6r att h\u00e5lla dina kort s\u00e4kra och spelredo.<\/p>\n<p>Inneh\u00e5ll i startpaketet:<\/p>\n<p>&#8211; En mindre p\u00e4rm f\u00f6r att organisera och visa upp dina mest v\u00e4rdefulla kort.<\/p>\n<p>&#8211; En spelmatta f\u00f6r en skyddad och dekorativ yta n\u00e4r du spelar. TILLF\u00c4LLIGT SLUT: Ers\u00e4tts av n\u00e5got med liknande v\u00e4rde.<\/p>\n<p>&#8211; F\u00f6rvaringsl\u00e5da f\u00f6r enkel och s\u00e4ker f\u00f6rvaring av dina kort.<\/p>\n<p>&#8211; Kort-sleeves som skyddar korten fr\u00e5n slitage och skador.<\/p>\n<p>&#8211; Toploaders f\u00f6r extra skydd av dina mest v\u00e4rdefulla och s\u00e4llsynta kort.<\/p>\n<p>&#8211; Ett antal booster packs f\u00f6r att ge dig chansen att hitta nya och kraftfulla kort att l\u00e4gga till i din samling. Vilken typ av boosters beror p\u00e5 vilket paket du v\u00e4ljer.<\/p>\n<p>Detta kit \u00e4r ett utm\u00e4rkt val f\u00f6r alla som vill starta eller f\u00f6rb\u00e4ttra sin kortsamlarupplevelse med en komplett upps\u00e4ttning tillbeh\u00f6r och m\u00f6jligheten att hitta nya sp\u00e4nnande kort.<\/p>\n<p>&nbsp;<\/p>\n<p>Det samlade priset f\u00f6r produkterna uppg\u00e5r till \u00f6ver 400 kr om de skulle k\u00f6pas separat.<\/p>","protected":false},"excerpt":{"rendered":"<p>Start-paket f\u00f6r Kortsamlare Detta startpaket \u00e4r perfekt f\u00f6r nya och erfarna kortsamlare som vill organisera och skydda sina samlingar samtidigt som de kan b\u00f6rja eller ut\u00f6ka sin samling av kort. Med detta kit har du allt du beh\u00f6ver f\u00f6r att h\u00e5lla dina kort s\u00e4kra och spelredo. Inneh\u00e5ll i startpaketet: &#8211; En mindre p\u00e4rm f\u00f6r att [&hellip;]<\/p>","protected":false},"featured_media":867,"comment_status":"open","ping_status":"closed","template":"","meta":{"jetpack_publicize_message":"","jetpack_publicize_feature_enabled":true,"jetpack_social_post_already_shared":false,"jetpack_social_options":{"image_generator_settings":{"template":"highway","default_image_id":0,"font":"","enabled":false},"version":2}},"product_brand":[],"product_cat":[39,41,38],"product_tag":[91,90],"class_list":{"0":"post-540","1":"product","2":"type-product","3":"status-publish","4":"has-post-thumbnail","6":"product_cat-fotboll","7":"product_cat-ovrigt","8":"product_cat-pokemon","9":"product_tag-nyborjare","10":"product_tag-startkit","12":"first","13":"instock","14":"sale","15":"taxable","16":"shipping-taxable","17":"purchasable","18":"product-type-variable"},"yoast_head":"<!-- This site is optimized with the Yoast SEO plugin v26.2 - https:\/\/yoast.com\/wordpress\/plugins\/seo\/ -->\n<title>Start-paket kortsamlare - Korthajen<\/title>\n<meta name=\"description\" content=\"Detta startpaket \u00e4r perfekt f\u00f6r nya och erfarna kortsamlare som vill organisera och skydda sina samlingar samtidigt som de kan b\u00f6rja eller ut\u00f6ka sin samling av kort. Med detta kit har du allt du beh\u00f6ver f\u00f6r att h\u00e5lla dina kort s\u00e4kra och spelredo.\" \/>\n<meta name=\"robots\" content=\"index, follow, max-snippet:-1, max-image-preview:large, max-video-preview:-1\" \/>\n<link rel=\"canonical\" href=\"https:\/\/www.korthajen.se\/en\/product\/start-paket-kortsamlare\/\" \/>\n<meta property=\"og:locale\" content=\"en_GB\" \/>\n<meta property=\"og:type\" content=\"article\" \/>\n<meta property=\"og:title\" content=\"Start-paket kortsamlare - Korthajen\" \/>\n<meta property=\"og:description\" content=\"Detta startpaket \u00e4r perfekt f\u00f6r nya och erfarna kortsamlare som vill organisera och skydda sina samlingar samtidigt som de kan b\u00f6rja eller ut\u00f6ka sin samling av kort. Med detta kit har du allt du beh\u00f6ver f\u00f6r att h\u00e5lla dina kort s\u00e4kra och spelredo.\" \/>\n<meta property=\"og:url\" content=\"https:\/\/www.korthajen.se\/en\/product\/start-paket-kortsamlare\/\" \/>\n<meta property=\"og:site_name\" content=\"Korthajen\" \/>\n<meta property=\"article:publisher\" content=\"https:\/\/facebook.com\/korthajen.se\" \/>\n<meta property=\"article:modified_time\" content=\"2025-02-23T10:14:00+00:00\" \/>\n<meta property=\"og:image\" content=\"https:\/\/www.korthajen.se\/wp-content\/uploads\/2024\/11\/5I8A4293_2048px-2.webp\" \/>\n\t<meta property=\"og:image:width\" content=\"2048\" \/>\n\t<meta property=\"og:image:height\" content=\"1478\" \/>\n\t<meta property=\"og:image:type\" content=\"image\/jpeg\" \/>\n<meta name=\"twitter:card\" content=\"summary_large_image\" \/>\n<meta name=\"twitter:label1\" content=\"Estimated reading time\" \/>\n\t<meta name=\"twitter:data1\" content=\"2 minutes\" \/>\n<script type=\"application\/ld+json\" class=\"yoast-schema-graph\">{\"@context\":\"https:\/\/schema.org\",\"@graph\":[{\"@type\":\"WebPage\",\"@id\":\"https:\/\/www.korthajen.se\/product\/start-paket-kortsamlare\/\",\"url\":\"https:\/\/www.korthajen.se\/product\/start-paket-kortsamlare\/\",\"name\":\"Start-paket kortsamlare - Korthajen\",\"isPartOf\":{\"@id\":\"https:\/\/www.korthajen.se\/#website\"},\"primaryImageOfPage\":{\"@id\":\"https:\/\/www.korthajen.se\/product\/start-paket-kortsamlare\/#primaryimage\"},\"image\":{\"@id\":\"https:\/\/www.korthajen.se\/product\/start-paket-kortsamlare\/#primaryimage\"},\"thumbnailUrl\":\"https:\/\/i0.wp.com\/www.korthajen.se\/wp-content\/uploads\/2024\/11\/5I8A4293_2048px-2.webp?fit=2048%2C1478&ssl=1\",\"datePublished\":\"2024-11-17T17:29:36+00:00\",\"dateModified\":\"2025-02-23T10:14:00+00:00\",\"description\":\"Detta startpaket \u00e4r perfekt f\u00f6r nya och erfarna kortsamlare som vill organisera och skydda sina samlingar samtidigt som de kan b\u00f6rja eller ut\u00f6ka sin samling av kort. Med detta kit har du allt du beh\u00f6ver f\u00f6r att h\u00e5lla dina kort s\u00e4kra och spelredo.\",\"breadcrumb\":{\"@id\":\"https:\/\/www.korthajen.se\/product\/start-paket-kortsamlare\/#breadcrumb\"},\"inLanguage\":\"en-GB\",\"potentialAction\":[{\"@type\":\"ReadAction\",\"target\":[\"https:\/\/www.korthajen.se\/product\/start-paket-kortsamlare\/\"]}]},{\"@type\":\"ImageObject\",\"inLanguage\":\"en-GB\",\"@id\":\"https:\/\/www.korthajen.se\/product\/start-paket-kortsamlare\/#primaryimage\",\"url\":\"https:\/\/i0.wp.com\/www.korthajen.se\/wp-content\/uploads\/2024\/11\/5I8A4293_2048px-2.webp?fit=2048%2C1478&ssl=1\",\"contentUrl\":\"https:\/\/i0.wp.com\/www.korthajen.se\/wp-content\/uploads\/2024\/11\/5I8A4293_2048px-2.webp?fit=2048%2C1478&ssl=1\",\"width\":2048,\"height\":1478},{\"@type\":\"BreadcrumbList\",\"@id\":\"https:\/\/www.korthajen.se\/product\/start-paket-kortsamlare\/#breadcrumb\",\"itemListElement\":[{\"@type\":\"ListItem\",\"position\":1,\"name\":\"Hem\",\"item\":\"https:\/\/www.korthajen.se\/\"},{\"@type\":\"ListItem\",\"position\":2,\"name\":\"Sortiment &#8211; Allt inom samlarkort och tillbeh\u00f6r\",\"item\":\"https:\/\/www.korthajen.se\/shop\/\"},{\"@type\":\"ListItem\",\"position\":3,\"name\":\"Start-paket kortsamlare\"}]},{\"@type\":\"WebSite\",\"@id\":\"https:\/\/www.korthajen.se\/#website\",\"url\":\"https:\/\/www.korthajen.se\/\",\"name\":\"Korthajen\",\"description\":\"Hj\u00e4lper samlare, nya som gamla.\",\"publisher\":{\"@id\":\"https:\/\/www.korthajen.se\/#organization\"},\"potentialAction\":[{\"@type\":\"SearchAction\",\"target\":{\"@type\":\"EntryPoint\",\"urlTemplate\":\"https:\/\/www.korthajen.se\/?s={search_term_string}\"},\"query-input\":{\"@type\":\"PropertyValueSpecification\",\"valueRequired\":true,\"valueName\":\"search_term_string\"}}],\"inLanguage\":\"en-GB\"},{\"@type\":\"Organization\",\"@id\":\"https:\/\/www.korthajen.se\/#organization\",\"name\":\"Korthajen\",\"url\":\"https:\/\/www.korthajen.se\/\",\"logo\":{\"@type\":\"ImageObject\",\"inLanguage\":\"en-GB\",\"@id\":\"https:\/\/www.korthajen.se\/#\/schema\/logo\/image\/\",\"url\":\"https:\/\/www.korthajen.se\/wp-content\/uploads\/2024\/12\/Korthajen-png.avif\",\"contentUrl\":\"https:\/\/www.korthajen.se\/wp-content\/uploads\/2024\/12\/Korthajen-png.avif\",\"width\":2100,\"height\":2100,\"caption\":\"Korthajen\"},\"image\":{\"@id\":\"https:\/\/www.korthajen.se\/#\/schema\/logo\/image\/\"},\"sameAs\":[\"https:\/\/facebook.com\/korthajen.se\",\"https:\/\/instagram.com\/korthajen.se\"]}]}<\/script>\n<!-- \/ Yoast SEO plugin. -->","yoast_head_json":{"title":"Start-paket kortsamlare - Korthajen","description":"Detta startpaket \u00e4r perfekt f\u00f6r nya och erfarna kortsamlare som vill organisera och skydda sina samlingar samtidigt som de kan b\u00f6rja eller ut\u00f6ka sin samling av kort. Med detta kit har du allt du beh\u00f6ver f\u00f6r att h\u00e5lla dina kort s\u00e4kra och spelredo.","robots":{"index":"index","follow":"follow","max-snippet":"max-snippet:-1","max-image-preview":"max-image-preview:large","max-video-preview":"max-video-preview:-1"},"canonical":"https:\/\/www.korthajen.se\/en\/product\/start-paket-kortsamlare\/","og_locale":"en_GB","og_type":"article","og_title":"Start-paket kortsamlare - Korthajen","og_description":"Detta startpaket \u00e4r perfekt f\u00f6r nya och erfarna kortsamlare som vill organisera och skydda sina samlingar samtidigt som de kan b\u00f6rja eller ut\u00f6ka sin samling av kort. Med detta kit har du allt du beh\u00f6ver f\u00f6r att h\u00e5lla dina kort s\u00e4kra och spelredo.","og_url":"https:\/\/www.korthajen.se\/en\/product\/start-paket-kortsamlare\/","og_site_name":"Korthajen","article_publisher":"https:\/\/facebook.com\/korthajen.se","article_modified_time":"2025-02-23T10:14:00+00:00","og_image":[{"width":2048,"height":1478,"url":"https:\/\/www.korthajen.se\/wp-content\/uploads\/2024\/11\/5I8A4293_2048px-2.webp","type":"image\/jpeg"}],"twitter_card":"summary_large_image","twitter_misc":{"Estimated reading time":"2 minutes"},"schema":{"@context":"https:\/\/schema.org","@graph":[{"@type":"WebPage","@id":"https:\/\/www.korthajen.se\/product\/start-paket-kortsamlare\/","url":"https:\/\/www.korthajen.se\/product\/start-paket-kortsamlare\/","name":"Start-paket kortsamlare - Korthajen","isPartOf":{"@id":"https:\/\/www.korthajen.se\/#website"},"primaryImageOfPage":{"@id":"https:\/\/www.korthajen.se\/product\/start-paket-kortsamlare\/#primaryimage"},"image":{"@id":"https:\/\/www.korthajen.se\/product\/start-paket-kortsamlare\/#primaryimage"},"thumbnailUrl":"https:\/\/i0.wp.com\/www.korthajen.se\/wp-content\/uploads\/2024\/11\/5I8A4293_2048px-2.webp?fit=2048%2C1478&ssl=1","datePublished":"2024-11-17T17:29:36+00:00","dateModified":"2025-02-23T10:14:00+00:00","description":"Detta startpaket \u00e4r perfekt f\u00f6r nya och erfarna kortsamlare som vill organisera och skydda sina samlingar samtidigt som de kan b\u00f6rja eller ut\u00f6ka sin samling av kort. Med detta kit har du allt du beh\u00f6ver f\u00f6r att h\u00e5lla dina kort s\u00e4kra och spelredo.","breadcrumb":{"@id":"https:\/\/www.korthajen.se\/product\/start-paket-kortsamlare\/#breadcrumb"},"inLanguage":"en-GB","potentialAction":[{"@type":"ReadAction","target":["https:\/\/www.korthajen.se\/product\/start-paket-kortsamlare\/"]}]},{"@type":"ImageObject","inLanguage":"en-GB","@id":"https:\/\/www.korthajen.se\/product\/start-paket-kortsamlare\/#primaryimage","url":"https:\/\/i0.wp.com\/www.korthajen.se\/wp-content\/uploads\/2024\/11\/5I8A4293_2048px-2.webp?fit=2048%2C1478&ssl=1","contentUrl":"https:\/\/i0.wp.com\/www.korthajen.se\/wp-content\/uploads\/2024\/11\/5I8A4293_2048px-2.webp?fit=2048%2C1478&ssl=1","width":2048,"height":1478},{"@type":"BreadcrumbList","@id":"https:\/\/www.korthajen.se\/product\/start-paket-kortsamlare\/#breadcrumb","itemListElement":[{"@type":"ListItem","position":1,"name":"Hem","item":"https:\/\/www.korthajen.se\/"},{"@type":"ListItem","position":2,"name":"Sortiment &#8211; Allt inom samlarkort och tillbeh\u00f6r","item":"https:\/\/www.korthajen.se\/shop\/"},{"@type":"ListItem","position":3,"name":"Start-paket kortsamlare"}]},{"@type":"WebSite","@id":"https:\/\/www.korthajen.se\/#website","url":"https:\/\/www.korthajen.se\/","name":"Korthajen","description":"Hj\u00e4lper samlare, nya som gamla.","publisher":{"@id":"https:\/\/www.korthajen.se\/#organization"},"potentialAction":[{"@type":"SearchAction","target":{"@type":"EntryPoint","urlTemplate":"https:\/\/www.korthajen.se\/?s={search_term_string}"},"query-input":{"@type":"PropertyValueSpecification","valueRequired":true,"valueName":"search_term_string"}}],"inLanguage":"en-GB"},{"@type":"Organization","@id":"https:\/\/www.korthajen.se\/#organization","name":"Korthajen","url":"https:\/\/www.korthajen.se\/","logo":{"@type":"ImageObject","inLanguage":"en-GB","@id":"https:\/\/www.korthajen.se\/#\/schema\/logo\/image\/","url":"https:\/\/www.korthajen.se\/wp-content\/uploads\/2024\/12\/Korthajen-png.avif","contentUrl":"https:\/\/www.korthajen.se\/wp-content\/uploads\/2024\/12\/Korthajen-png.avif","width":2100,"height":2100,"caption":"Korthajen"},"image":{"@id":"https:\/\/www.korthajen.se\/#\/schema\/logo\/image\/"},"sameAs":["https:\/\/facebook.com\/korthajen.se","https:\/\/instagram.com\/korthajen.se"]}]}},"jetpack_publicize_connections":[],"jetpack_sharing_enabled":true,"jetpack-related-posts":[],"_links":{"self":[{"href":"https:\/\/www.korthajen.se\/en\/wp-json\/wp\/v2\/product\/540","targetHints":{"allow":["GET"]}}],"collection":[{"href":"https:\/\/www.korthajen.se\/en\/wp-json\/wp\/v2\/product"}],"about":[{"href":"https:\/\/www.korthajen.se\/en\/wp-json\/wp\/v2\/types\/product"}],"replies":[{"embeddable":true,"href":"https:\/\/www.korthajen.se\/en\/wp-json\/wp\/v2\/comments?post=540"}],"wp:featuredmedia":[{"embeddable":true,"href":"https:\/\/www.korthajen.se\/en\/wp-json\/wp\/v2\/media\/867"}],"wp:attachment":[{"href":"https:\/\/www.korthajen.se\/en\/wp-json\/wp\/v2\/media?parent=540"}],"wp:term":[{"taxonomy":"product_brand","embeddable":true,"href":"https:\/\/www.korthajen.se\/en\/wp-json\/wp\/v2\/product_brand?post=540"},{"taxonomy":"product_cat","embeddable":true,"href":"https:\/\/www.korthajen.se\/en\/wp-json\/wp\/v2\/product_cat?post=540"},{"taxonomy":"product_tag","embeddable":true,"href":"https:\/\/www.korthajen.se\/en\/wp-json\/wp\/v2\/product_tag?post=540"}],"curies":[{"name":"wp","href":"https:\/\/api.w.org\/{rel}","templated":true}]}}