{"id":689,"date":"2024-11-29T10:09:25","date_gmt":"2024-11-29T10:09:25","guid":{"rendered":"https:\/\/www.korthajen.se\/?post_type=product&#038;p=689"},"modified":"2025-01-20T20:37:16","modified_gmt":"2025-01-20T20:37:16","slug":"pokemon-scarlet-violet-surging-sparks-build-battle-kit-prerelease-box-promokort-4-boosters-etb-sv08-pok","status":"publish","type":"product","link":"https:\/\/www.korthajen.se\/en\/product\/pokemon-scarlet-violet-surging-sparks-build-battle-kit-prerelease-box-promokort-4-boosters-etb-sv08-pok\/","title":{"rendered":"Pok\u00e9mon: Surging Sparks &#8211; Build &amp; Battle Kit"},"content":{"rendered":"<h3>Pok\u00e9mon Scarlet &amp; Violet: Surging Sparks \u2013 Build &amp; Battle Kit (Prerelease Box)<\/h3>\n<p><strong>Produktbeskrivning<\/strong><\/p>\n<p>F\u00f6rbered dig f\u00f6r sp\u00e4nning med <em>Pok\u00e9mon TCG: Scarlet &amp; Violet &#8211; Surging Sparks Build &amp; Battle Kit<\/em>. Denna box \u00e4r perfekt f\u00f6r att delta i f\u00f6rhandsutg\u00e5vor och bygga ett spelbart kortlek p\u00e5 plats. Den erbjuder en unik kombination av promokort och boosters som tar din Pok\u00e9mon-upplevelse till n\u00e4sta niv\u00e5.<\/p>\n<p><strong>Inneh\u00e5ll:<\/strong><\/p>\n<ul>\n<li><strong>4 Pok\u00e9mon TCG Boosters<\/strong> fr\u00e5n <em>Scarlet &amp; Violet: Surging Sparks<\/em>-serien.<\/li>\n<li><strong>1 av 4 exklusiva promokort<\/strong>, inklusive unika kort med ut\u00f6kad illustration (perfekt f\u00f6r samlare!).<\/li>\n<li>En <strong>bygg- och stridsguide<\/strong> som hj\u00e4lper dig att s\u00e4tta ihop en konkurrenskraftig lek.<\/li>\n<li>Ett paket energikort f\u00f6r att slutf\u00f6ra ditt spel.<\/li>\n<\/ul>\n<p>Detta kit \u00e4r en utm\u00e4rkt startpunkt f\u00f6r b\u00e5de nya spelare och veteraner som vill uppleva sp\u00e4nningen med Pok\u00e9mon TCG p\u00e5 ett helt nytt s\u00e4tt!<\/p>","protected":false},"excerpt":{"rendered":"<p><strong>Produktbeskrivning<\/strong><\/p>\n<p>F\u00f6rbered dig f\u00f6r sp\u00e4nning med <em>Pok\u00e9mon TCG: Scarlet &amp; Violet &#8211; Surging Sparks Build &amp; Battle Kit<\/em>. Denna box \u00e4r perfekt f\u00f6r att delta i f\u00f6rhandsutg\u00e5vor och bygga ett spelbart kortlek p\u00e5 plats. Den erbjuder en unik kombination av promokort och boosters som tar din Pok\u00e9mon-upplevelse till n\u00e4sta niv\u00e5.<\/p>","protected":false},"featured_media":719,"comment_status":"closed","ping_status":"closed","template":"","meta":{"jetpack_publicize_message":"","jetpack_publicize_feature_enabled":true,"jetpack_social_post_already_shared":false,"jetpack_social_options":{"image_generator_settings":{"template":"highway","default_image_id":0,"font":"","enabled":false},"version":2}},"product_brand":[],"product_cat":[61,38],"product_tag":[],"class_list":{"0":"post-689","1":"product","2":"type-product","3":"status-publish","4":"has-post-thumbnail","6":"product_cat-bundles-etbs","7":"product_cat-pokemon","9":"first","10":"outofstock","11":"taxable","12":"shipping-taxable","13":"purchasable","14":"product-type-simple"},"yoast_head":"<!-- This site is optimized with the Yoast SEO plugin v26.2 - https:\/\/yoast.com\/wordpress\/plugins\/seo\/ -->\n<title>Pok\u00e9mon: Surging Sparks - Build &amp; Battle Kit - Korthajen<\/title>\n<meta name=\"description\" content=\"F\u00f6rbered dig f\u00f6r sp\u00e4nning med Pok\u00e9mon TCG: Scarlet &amp; Violet - Surging Sparks Build &amp; Battle Kit. Denna box \u00e4r perfekt f\u00f6r att delta i f\u00f6rhandsutg\u00e5vor och bygga ett spelbart kortlek p\u00e5 plats. Den erbjuder en unik kombination av promokort och boosters som tar din Pok\u00e9mon-upplevelse till n\u00e4sta niv\u00e5.\" \/>\n<meta name=\"robots\" content=\"index, follow, max-snippet:-1, max-image-preview:large, max-video-preview:-1\" \/>\n<link rel=\"canonical\" href=\"https:\/\/www.korthajen.se\/en\/product\/pokemon-scarlet-violet-surging-sparks-build-battle-kit-prerelease-box-promokort-4-boosters-etb-sv08-pok\/\" \/>\n<meta property=\"og:locale\" content=\"en_GB\" \/>\n<meta property=\"og:type\" content=\"article\" \/>\n<meta property=\"og:title\" content=\"Pok\u00e9mon: Surging Sparks - Build &amp; Battle Kit - Korthajen\" \/>\n<meta property=\"og:description\" content=\"F\u00f6rbered dig f\u00f6r sp\u00e4nning med Pok\u00e9mon TCG: Scarlet &amp; Violet - Surging Sparks Build &amp; Battle Kit. Denna box \u00e4r perfekt f\u00f6r att delta i f\u00f6rhandsutg\u00e5vor och bygga ett spelbart kortlek p\u00e5 plats. Den erbjuder en unik kombination av promokort och boosters som tar din Pok\u00e9mon-upplevelse till n\u00e4sta niv\u00e5.\" \/>\n<meta property=\"og:url\" content=\"https:\/\/www.korthajen.se\/en\/product\/pokemon-scarlet-violet-surging-sparks-build-battle-kit-prerelease-box-promokort-4-boosters-etb-sv08-pok\/\" \/>\n<meta property=\"og:site_name\" content=\"Korthajen\" \/>\n<meta property=\"article:publisher\" content=\"https:\/\/facebook.com\/korthajen.se\" \/>\n<meta property=\"article:modified_time\" content=\"2025-01-20T20:37:16+00:00\" \/>\n<meta property=\"og:image\" content=\"https:\/\/www.korthajen.se\/wp-content\/uploads\/2024\/11\/5I8A4266_2048px.avif\" \/>\n\t<meta property=\"og:image:width\" content=\"2048\" \/>\n\t<meta property=\"og:image:height\" content=\"2048\" \/>\n\t<meta property=\"og:image:type\" content=\"image\/jpeg\" \/>\n<meta name=\"twitter:card\" content=\"summary_large_image\" \/>\n<meta name=\"twitter:label1\" content=\"Estimated reading time\" \/>\n\t<meta name=\"twitter:data1\" content=\"1 minute\" \/>\n<script type=\"application\/ld+json\" class=\"yoast-schema-graph\">{\"@context\":\"https:\/\/schema.org\",\"@graph\":[{\"@type\":\"WebPage\",\"@id\":\"https:\/\/www.korthajen.se\/product\/pokemon-scarlet-violet-surging-sparks-build-battle-kit-prerelease-box-promokort-4-boosters-etb-sv08-pok\/\",\"url\":\"https:\/\/www.korthajen.se\/product\/pokemon-scarlet-violet-surging-sparks-build-battle-kit-prerelease-box-promokort-4-boosters-etb-sv08-pok\/\",\"name\":\"Pok\u00e9mon: Surging Sparks - Build &amp; Battle Kit - Korthajen\",\"isPartOf\":{\"@id\":\"https:\/\/www.korthajen.se\/#website\"},\"primaryImageOfPage\":{\"@id\":\"https:\/\/www.korthajen.se\/product\/pokemon-scarlet-violet-surging-sparks-build-battle-kit-prerelease-box-promokort-4-boosters-etb-sv08-pok\/#primaryimage\"},\"image\":{\"@id\":\"https:\/\/www.korthajen.se\/product\/pokemon-scarlet-violet-surging-sparks-build-battle-kit-prerelease-box-promokort-4-boosters-etb-sv08-pok\/#primaryimage\"},\"thumbnailUrl\":\"https:\/\/www.korthajen.se\/wp-content\/uploads\/2024\/11\/5I8A4266_2048px.avif\",\"datePublished\":\"2024-11-29T10:09:25+00:00\",\"dateModified\":\"2025-01-20T20:37:16+00:00\",\"description\":\"F\u00f6rbered dig f\u00f6r sp\u00e4nning med Pok\u00e9mon TCG: Scarlet & Violet - Surging Sparks Build & Battle Kit. Denna box \u00e4r perfekt f\u00f6r att delta i f\u00f6rhandsutg\u00e5vor och bygga ett spelbart kortlek p\u00e5 plats. Den erbjuder en unik kombination av promokort och boosters som tar din Pok\u00e9mon-upplevelse till n\u00e4sta niv\u00e5.\",\"breadcrumb\":{\"@id\":\"https:\/\/www.korthajen.se\/product\/pokemon-scarlet-violet-surging-sparks-build-battle-kit-prerelease-box-promokort-4-boosters-etb-sv08-pok\/#breadcrumb\"},\"inLanguage\":\"en-GB\",\"potentialAction\":[{\"@type\":\"ReadAction\",\"target\":[\"https:\/\/www.korthajen.se\/product\/pokemon-scarlet-violet-surging-sparks-build-battle-kit-prerelease-box-promokort-4-boosters-etb-sv08-pok\/\"]}]},{\"@type\":\"ImageObject\",\"inLanguage\":\"en-GB\",\"@id\":\"https:\/\/www.korthajen.se\/product\/pokemon-scarlet-violet-surging-sparks-build-battle-kit-prerelease-box-promokort-4-boosters-etb-sv08-pok\/#primaryimage\",\"url\":\"https:\/\/www.korthajen.se\/wp-content\/uploads\/2024\/11\/5I8A4266_2048px.avif\",\"contentUrl\":\"https:\/\/www.korthajen.se\/wp-content\/uploads\/2024\/11\/5I8A4266_2048px.avif\",\"width\":2048,\"height\":2048},{\"@type\":\"BreadcrumbList\",\"@id\":\"https:\/\/www.korthajen.se\/product\/pokemon-scarlet-violet-surging-sparks-build-battle-kit-prerelease-box-promokort-4-boosters-etb-sv08-pok\/#breadcrumb\",\"itemListElement\":[{\"@type\":\"ListItem\",\"position\":1,\"name\":\"Hem\",\"item\":\"https:\/\/www.korthajen.se\/\"},{\"@type\":\"ListItem\",\"position\":2,\"name\":\"Sortiment &#8211; Allt inom samlarkort och tillbeh\u00f6r\",\"item\":\"https:\/\/www.korthajen.se\/shop\/\"},{\"@type\":\"ListItem\",\"position\":3,\"name\":\"Pok\u00e9mon: Surging Sparks &#8211; Build &amp; Battle Kit\"}]},{\"@type\":\"WebSite\",\"@id\":\"https:\/\/www.korthajen.se\/#website\",\"url\":\"https:\/\/www.korthajen.se\/\",\"name\":\"Korthajen\",\"description\":\"Hj\u00e4lper samlare, nya som gamla.\",\"publisher\":{\"@id\":\"https:\/\/www.korthajen.se\/#organization\"},\"potentialAction\":[{\"@type\":\"SearchAction\",\"target\":{\"@type\":\"EntryPoint\",\"urlTemplate\":\"https:\/\/www.korthajen.se\/?s={search_term_string}\"},\"query-input\":{\"@type\":\"PropertyValueSpecification\",\"valueRequired\":true,\"valueName\":\"search_term_string\"}}],\"inLanguage\":\"en-GB\"},{\"@type\":\"Organization\",\"@id\":\"https:\/\/www.korthajen.se\/#organization\",\"name\":\"Korthajen\",\"url\":\"https:\/\/www.korthajen.se\/\",\"logo\":{\"@type\":\"ImageObject\",\"inLanguage\":\"en-GB\",\"@id\":\"https:\/\/www.korthajen.se\/#\/schema\/logo\/image\/\",\"url\":\"https:\/\/www.korthajen.se\/wp-content\/uploads\/2024\/12\/Korthajen-png.avif\",\"contentUrl\":\"https:\/\/www.korthajen.se\/wp-content\/uploads\/2024\/12\/Korthajen-png.avif\",\"width\":2100,\"height\":2100,\"caption\":\"Korthajen\"},\"image\":{\"@id\":\"https:\/\/www.korthajen.se\/#\/schema\/logo\/image\/\"},\"sameAs\":[\"https:\/\/facebook.com\/korthajen.se\",\"https:\/\/instagram.com\/korthajen.se\"]}]}<\/script>\n<!-- \/ Yoast SEO plugin. -->","yoast_head_json":{"title":"Pok\u00e9mon: Surging Sparks - Build &amp; Battle Kit - Korthajen","description":"F\u00f6rbered dig f\u00f6r sp\u00e4nning med Pok\u00e9mon TCG: Scarlet & Violet - Surging Sparks Build & Battle Kit. Denna box \u00e4r perfekt f\u00f6r att delta i f\u00f6rhandsutg\u00e5vor och bygga ett spelbart kortlek p\u00e5 plats. Den erbjuder en unik kombination av promokort och boosters som tar din Pok\u00e9mon-upplevelse till n\u00e4sta niv\u00e5.","robots":{"index":"index","follow":"follow","max-snippet":"max-snippet:-1","max-image-preview":"max-image-preview:large","max-video-preview":"max-video-preview:-1"},"canonical":"https:\/\/www.korthajen.se\/en\/product\/pokemon-scarlet-violet-surging-sparks-build-battle-kit-prerelease-box-promokort-4-boosters-etb-sv08-pok\/","og_locale":"en_GB","og_type":"article","og_title":"Pok\u00e9mon: Surging Sparks - Build &amp; Battle Kit - Korthajen","og_description":"F\u00f6rbered dig f\u00f6r sp\u00e4nning med Pok\u00e9mon TCG: Scarlet & Violet - Surging Sparks Build & Battle Kit. Denna box \u00e4r perfekt f\u00f6r att delta i f\u00f6rhandsutg\u00e5vor och bygga ett spelbart kortlek p\u00e5 plats. Den erbjuder en unik kombination av promokort och boosters som tar din Pok\u00e9mon-upplevelse till n\u00e4sta niv\u00e5.","og_url":"https:\/\/www.korthajen.se\/en\/product\/pokemon-scarlet-violet-surging-sparks-build-battle-kit-prerelease-box-promokort-4-boosters-etb-sv08-pok\/","og_site_name":"Korthajen","article_publisher":"https:\/\/facebook.com\/korthajen.se","article_modified_time":"2025-01-20T20:37:16+00:00","og_image":[{"width":2048,"height":2048,"url":"https:\/\/www.korthajen.se\/wp-content\/uploads\/2024\/11\/5I8A4266_2048px.avif","type":"image\/jpeg"}],"twitter_card":"summary_large_image","twitter_misc":{"Estimated reading time":"1 minute"},"schema":{"@context":"https:\/\/schema.org","@graph":[{"@type":"WebPage","@id":"https:\/\/www.korthajen.se\/product\/pokemon-scarlet-violet-surging-sparks-build-battle-kit-prerelease-box-promokort-4-boosters-etb-sv08-pok\/","url":"https:\/\/www.korthajen.se\/product\/pokemon-scarlet-violet-surging-sparks-build-battle-kit-prerelease-box-promokort-4-boosters-etb-sv08-pok\/","name":"Pok\u00e9mon: Surging Sparks - Build &amp; Battle Kit - Korthajen","isPartOf":{"@id":"https:\/\/www.korthajen.se\/#website"},"primaryImageOfPage":{"@id":"https:\/\/www.korthajen.se\/product\/pokemon-scarlet-violet-surging-sparks-build-battle-kit-prerelease-box-promokort-4-boosters-etb-sv08-pok\/#primaryimage"},"image":{"@id":"https:\/\/www.korthajen.se\/product\/pokemon-scarlet-violet-surging-sparks-build-battle-kit-prerelease-box-promokort-4-boosters-etb-sv08-pok\/#primaryimage"},"thumbnailUrl":"https:\/\/www.korthajen.se\/wp-content\/uploads\/2024\/11\/5I8A4266_2048px.avif","datePublished":"2024-11-29T10:09:25+00:00","dateModified":"2025-01-20T20:37:16+00:00","description":"F\u00f6rbered dig f\u00f6r sp\u00e4nning med Pok\u00e9mon TCG: Scarlet & Violet - Surging Sparks Build & Battle Kit. Denna box \u00e4r perfekt f\u00f6r att delta i f\u00f6rhandsutg\u00e5vor och bygga ett spelbart kortlek p\u00e5 plats. Den erbjuder en unik kombination av promokort och boosters som tar din Pok\u00e9mon-upplevelse till n\u00e4sta niv\u00e5.","breadcrumb":{"@id":"https:\/\/www.korthajen.se\/product\/pokemon-scarlet-violet-surging-sparks-build-battle-kit-prerelease-box-promokort-4-boosters-etb-sv08-pok\/#breadcrumb"},"inLanguage":"en-GB","potentialAction":[{"@type":"ReadAction","target":["https:\/\/www.korthajen.se\/product\/pokemon-scarlet-violet-surging-sparks-build-battle-kit-prerelease-box-promokort-4-boosters-etb-sv08-pok\/"]}]},{"@type":"ImageObject","inLanguage":"en-GB","@id":"https:\/\/www.korthajen.se\/product\/pokemon-scarlet-violet-surging-sparks-build-battle-kit-prerelease-box-promokort-4-boosters-etb-sv08-pok\/#primaryimage","url":"https:\/\/www.korthajen.se\/wp-content\/uploads\/2024\/11\/5I8A4266_2048px.avif","contentUrl":"https:\/\/www.korthajen.se\/wp-content\/uploads\/2024\/11\/5I8A4266_2048px.avif","width":2048,"height":2048},{"@type":"BreadcrumbList","@id":"https:\/\/www.korthajen.se\/product\/pokemon-scarlet-violet-surging-sparks-build-battle-kit-prerelease-box-promokort-4-boosters-etb-sv08-pok\/#breadcrumb","itemListElement":[{"@type":"ListItem","position":1,"name":"Hem","item":"https:\/\/www.korthajen.se\/"},{"@type":"ListItem","position":2,"name":"Sortiment &#8211; Allt inom samlarkort och tillbeh\u00f6r","item":"https:\/\/www.korthajen.se\/shop\/"},{"@type":"ListItem","position":3,"name":"Pok\u00e9mon: Surging Sparks &#8211; Build &amp; Battle Kit"}]},{"@type":"WebSite","@id":"https:\/\/www.korthajen.se\/#website","url":"https:\/\/www.korthajen.se\/","name":"Korthajen","description":"Hj\u00e4lper samlare, nya som gamla.","publisher":{"@id":"https:\/\/www.korthajen.se\/#organization"},"potentialAction":[{"@type":"SearchAction","target":{"@type":"EntryPoint","urlTemplate":"https:\/\/www.korthajen.se\/?s={search_term_string}"},"query-input":{"@type":"PropertyValueSpecification","valueRequired":true,"valueName":"search_term_string"}}],"inLanguage":"en-GB"},{"@type":"Organization","@id":"https:\/\/www.korthajen.se\/#organization","name":"Korthajen","url":"https:\/\/www.korthajen.se\/","logo":{"@type":"ImageObject","inLanguage":"en-GB","@id":"https:\/\/www.korthajen.se\/#\/schema\/logo\/image\/","url":"https:\/\/www.korthajen.se\/wp-content\/uploads\/2024\/12\/Korthajen-png.avif","contentUrl":"https:\/\/www.korthajen.se\/wp-content\/uploads\/2024\/12\/Korthajen-png.avif","width":2100,"height":2100,"caption":"Korthajen"},"image":{"@id":"https:\/\/www.korthajen.se\/#\/schema\/logo\/image\/"},"sameAs":["https:\/\/facebook.com\/korthajen.se","https:\/\/instagram.com\/korthajen.se"]}]}},"jetpack_publicize_connections":[],"jetpack_sharing_enabled":true,"jetpack-related-posts":[],"_links":{"self":[{"href":"https:\/\/www.korthajen.se\/en\/wp-json\/wp\/v2\/product\/689","targetHints":{"allow":["GET"]}}],"collection":[{"href":"https:\/\/www.korthajen.se\/en\/wp-json\/wp\/v2\/product"}],"about":[{"href":"https:\/\/www.korthajen.se\/en\/wp-json\/wp\/v2\/types\/product"}],"replies":[{"embeddable":true,"href":"https:\/\/www.korthajen.se\/en\/wp-json\/wp\/v2\/comments?post=689"}],"wp:featuredmedia":[{"embeddable":true,"href":"https:\/\/www.korthajen.se\/en\/wp-json\/wp\/v2\/media\/719"}],"wp:attachment":[{"href":"https:\/\/www.korthajen.se\/en\/wp-json\/wp\/v2\/media?parent=689"}],"wp:term":[{"taxonomy":"product_brand","embeddable":true,"href":"https:\/\/www.korthajen.se\/en\/wp-json\/wp\/v2\/product_brand?post=689"},{"taxonomy":"product_cat","embeddable":true,"href":"https:\/\/www.korthajen.se\/en\/wp-json\/wp\/v2\/product_cat?post=689"},{"taxonomy":"product_tag","embeddable":true,"href":"https:\/\/www.korthajen.se\/en\/wp-json\/wp\/v2\/product_tag?post=689"}],"curies":[{"name":"wp","href":"https:\/\/api.w.org\/{rel}","templated":true}]}}