{"id":945,"date":"2024-12-12T11:32:25","date_gmt":"2024-12-12T11:32:25","guid":{"rendered":"https:\/\/www.korthajen.se\/?post_type=product&#038;p=945"},"modified":"2025-01-20T20:37:16","modified_gmt":"2025-01-20T20:37:16","slug":"stora-booster-paketet","status":"publish","type":"product","link":"https:\/\/www.korthajen.se\/en\/product\/stora-booster-paketet\/","title":{"rendered":"Stora booster-paketet"},"content":{"rendered":"<p><strong>Ett komplett och prisv\u00e4rt Pok\u00e9mon-paket f\u00f6r samlare och spelare!<\/strong><\/p>\n<p>Detta specialerbjudande \u00e4r designat f\u00f6r dig som vill f\u00e5 ut det mesta av din Pok\u00e9mon-upplevelse. Med en blandning av boosters fr\u00e5n fyra olika expansioner, inklusive exklusiva f\u00f6rem\u00e5l som en <strong>Elite Trainer Box<\/strong>, \u00e4r detta paket en fantastisk m\u00f6jlighet att bygga upp din samling.<\/p>\n<h3><strong>Inneh\u00e5ll och detaljer:<\/strong><\/h3>\n<p><strong>1x <a href=\"https:\/\/www.korthajen.se\/en\/product\/pokemon-scarlet-violet-temporal-forces-elite-trainer-box-iron-leaves-iron-thorns-future\/\">Pok\u00e9mon Scarlet &amp; Violet: Temporal Forces Elite Trainer Box \u2013 Iron Leaves<\/a><\/strong><\/p>\n<ul>\n<li style=\"list-style-type: none;\">\n<ul>\n<li>Ordinarie pris: 499 kr<\/li>\n<li>Inneh\u00e5ller 9 booster packs, energikort, spelmark\u00f6rer och mer.<\/li>\n<\/ul>\n<\/li>\n<\/ul>\n<p><strong>1x <a href=\"https:\/\/www.korthajen.se\/en\/product\/pokemon-scarlet-violet-06-5-scarlet-violet-shrouded-fable-booster-pack-bundle-6-boosters\/\">Pok\u00e9mon Scarlet &amp; Violet 06.5 \u2013 Scarlet &amp; Violet: Shrouded Fable Booster Pack Bundle<\/a><\/strong><\/p>\n<ul>\n<li style=\"list-style-type: none;\">\n<ul>\n<li>Ordinarie pris: 299 kr<\/li>\n<li>6 booster packs f\u00f6r nya, sp\u00e4nnande kort fr\u00e5n Shrouded Fable.<\/li>\n<\/ul>\n<\/li>\n<\/ul>\n<p><strong>1x <a href=\"https:\/\/www.korthajen.se\/en\/product\/pokemon-booster-pack-sv04-scarlet-violet-paradox-rift-sleeved-booster-pack\/\">Pok\u00e9mon Scarlet &amp; Violet: Paradox Rift Blister Pack<\/a><\/strong><\/p>\n<ul>\n<li style=\"list-style-type: none;\">\n<ul>\n<li>Ordinarie pris: 59 kr<\/li>\n<li>1 booster pack med fokus p\u00e5 Paradox Pok\u00e9mon.<\/li>\n<\/ul>\n<\/li>\n<\/ul>\n<p><strong>1x <a href=\"https:\/\/www.korthajen.se\/en\/product\/pokemon-booster-pack-swsh10-sword-shield-astral-radiance-sleeved-booster-pack\/\">Pok\u00e9mon Sword &amp; Shield: Astral Radiance Blister Pack<\/a><\/strong><\/p>\n<ul>\n<li style=\"list-style-type: none;\">\n<ul>\n<li>Ordinarie pris: 59 kr<\/li>\n<li>1 booster pack med klassiska och nya Pok\u00e9mon fr\u00e5n Hisui-regionen.<\/li>\n<\/ul>\n<\/li>\n<\/ul>\n<p><strong>Totalt antal booster packs:<\/strong> 17<\/p>\n<p><strong>Ordinarie totalpris:<\/strong> 916 kr<\/p>\n<p><strong>Paketpris:<\/strong> Ett fantastiskt erbjudande f\u00f6r Pok\u00e9mon-entusiaster! Detta kit \u00e4r perfekt f\u00f6r dig som vill ut\u00f6ka din samling med flera olika expansioner till ett oslagbart pris.<\/p>\n<p>Passa p\u00e5 att s\u00e4kra ditt exemplar innan det tar slut!<\/p>","protected":false},"excerpt":{"rendered":"<p>Ett komplett och prisv\u00e4rt Pok\u00e9mon-paket f\u00f6r samlare och spelare! Detta specialerbjudande \u00e4r designat f\u00f6r dig som vill f\u00e5 ut det mesta av din Pok\u00e9mon-upplevelse. Med en blandning av boosters fr\u00e5n fyra olika expansioner, inklusive exklusiva f\u00f6rem\u00e5l som en Elite Trainer Box, \u00e4r detta paket en fantastisk m\u00f6jlighet att bygga upp din samling. Inneh\u00e5ll och detaljer: [&hellip;]<\/p>","protected":false},"featured_media":946,"comment_status":"closed","ping_status":"closed","template":"","meta":{"jetpack_publicize_message":"","jetpack_publicize_feature_enabled":true,"jetpack_social_post_already_shared":true,"jetpack_social_options":{"image_generator_settings":{"template":"highway","default_image_id":0,"font":"","enabled":false},"version":2}},"product_brand":[],"product_cat":[48,61,38],"product_tag":[],"class_list":{"0":"post-945","1":"product","2":"type-product","3":"status-publish","4":"has-post-thumbnail","6":"product_cat-booster-pack-pokemon","7":"product_cat-bundles-etbs","8":"product_cat-pokemon","10":"first","11":"outofstock","12":"sale","13":"taxable","14":"shipping-taxable","15":"purchasable","16":"product-type-simple"},"yoast_head":"<!-- This site is optimized with the Yoast SEO plugin v26.2 - https:\/\/yoast.com\/wordpress\/plugins\/seo\/ -->\n<title>Stora booster-paketet - Korthajen<\/title>\n<meta name=\"description\" content=\"Ett mycket prisv\u00e4rt paket med en samling blisters, booster bundles och en ETB. Totalt 17 booster packs fr\u00e5n Shrouded Fable, Temporal Forces, Paradox Rift och Astral Radiance.\" \/>\n<meta name=\"robots\" content=\"index, follow, max-snippet:-1, max-image-preview:large, max-video-preview:-1\" \/>\n<link rel=\"canonical\" href=\"https:\/\/www.korthajen.se\/en\/product\/stora-booster-paketet\/\" \/>\n<meta property=\"og:locale\" content=\"en_GB\" \/>\n<meta property=\"og:type\" content=\"article\" \/>\n<meta property=\"og:title\" content=\"Stora booster-paketet - Korthajen\" \/>\n<meta property=\"og:description\" content=\"Ett mycket prisv\u00e4rt paket med en samling blisters, booster bundles och en ETB. Totalt 17 booster packs fr\u00e5n Shrouded Fable, Temporal Forces, Paradox Rift och Astral Radiance.\" \/>\n<meta property=\"og:url\" content=\"https:\/\/www.korthajen.se\/en\/product\/stora-booster-paketet\/\" \/>\n<meta property=\"og:site_name\" content=\"Korthajen\" \/>\n<meta property=\"article:publisher\" content=\"https:\/\/facebook.com\/korthajen.se\" \/>\n<meta property=\"article:modified_time\" content=\"2025-01-20T20:37:16+00:00\" \/>\n<meta property=\"og:image\" content=\"https:\/\/www.korthajen.se\/wp-content\/uploads\/2024\/12\/Namnlos-3-png.webp\" \/>\n\t<meta property=\"og:image:width\" content=\"1080\" \/>\n\t<meta property=\"og:image:height\" content=\"1080\" \/>\n\t<meta property=\"og:image:type\" content=\"image\/png\" \/>\n<meta name=\"twitter:card\" content=\"summary_large_image\" \/>\n<meta name=\"twitter:label1\" content=\"Estimated reading time\" \/>\n\t<meta name=\"twitter:data1\" content=\"2 minutes\" \/>\n<script type=\"application\/ld+json\" class=\"yoast-schema-graph\">{\"@context\":\"https:\/\/schema.org\",\"@graph\":[{\"@type\":\"WebPage\",\"@id\":\"https:\/\/www.korthajen.se\/product\/stora-booster-paketet\/\",\"url\":\"https:\/\/www.korthajen.se\/product\/stora-booster-paketet\/\",\"name\":\"Stora booster-paketet - Korthajen\",\"isPartOf\":{\"@id\":\"https:\/\/www.korthajen.se\/#website\"},\"primaryImageOfPage\":{\"@id\":\"https:\/\/www.korthajen.se\/product\/stora-booster-paketet\/#primaryimage\"},\"image\":{\"@id\":\"https:\/\/www.korthajen.se\/product\/stora-booster-paketet\/#primaryimage\"},\"thumbnailUrl\":\"https:\/\/i0.wp.com\/www.korthajen.se\/wp-content\/uploads\/2024\/12\/Namnlos-3-png.webp?fit=1080%2C1080&ssl=1\",\"datePublished\":\"2024-12-12T11:32:25+00:00\",\"dateModified\":\"2025-01-20T20:37:16+00:00\",\"description\":\"Ett mycket prisv\u00e4rt paket med en samling blisters, booster bundles och en ETB. Totalt 17 booster packs fr\u00e5n Shrouded Fable, Temporal Forces, Paradox Rift och Astral Radiance.\",\"breadcrumb\":{\"@id\":\"https:\/\/www.korthajen.se\/product\/stora-booster-paketet\/#breadcrumb\"},\"inLanguage\":\"en-GB\",\"potentialAction\":[{\"@type\":\"ReadAction\",\"target\":[\"https:\/\/www.korthajen.se\/product\/stora-booster-paketet\/\"]}]},{\"@type\":\"ImageObject\",\"inLanguage\":\"en-GB\",\"@id\":\"https:\/\/www.korthajen.se\/product\/stora-booster-paketet\/#primaryimage\",\"url\":\"https:\/\/i0.wp.com\/www.korthajen.se\/wp-content\/uploads\/2024\/12\/Namnlos-3-png.webp?fit=1080%2C1080&ssl=1\",\"contentUrl\":\"https:\/\/i0.wp.com\/www.korthajen.se\/wp-content\/uploads\/2024\/12\/Namnlos-3-png.webp?fit=1080%2C1080&ssl=1\",\"width\":1080,\"height\":1080},{\"@type\":\"BreadcrumbList\",\"@id\":\"https:\/\/www.korthajen.se\/product\/stora-booster-paketet\/#breadcrumb\",\"itemListElement\":[{\"@type\":\"ListItem\",\"position\":1,\"name\":\"Hem\",\"item\":\"https:\/\/www.korthajen.se\/\"},{\"@type\":\"ListItem\",\"position\":2,\"name\":\"Sortiment &#8211; Allt inom samlarkort och tillbeh\u00f6r\",\"item\":\"https:\/\/www.korthajen.se\/shop\/\"},{\"@type\":\"ListItem\",\"position\":3,\"name\":\"Stora booster-paketet\"}]},{\"@type\":\"WebSite\",\"@id\":\"https:\/\/www.korthajen.se\/#website\",\"url\":\"https:\/\/www.korthajen.se\/\",\"name\":\"Korthajen\",\"description\":\"Hj\u00e4lper samlare, nya som gamla.\",\"publisher\":{\"@id\":\"https:\/\/www.korthajen.se\/#organization\"},\"potentialAction\":[{\"@type\":\"SearchAction\",\"target\":{\"@type\":\"EntryPoint\",\"urlTemplate\":\"https:\/\/www.korthajen.se\/?s={search_term_string}\"},\"query-input\":{\"@type\":\"PropertyValueSpecification\",\"valueRequired\":true,\"valueName\":\"search_term_string\"}}],\"inLanguage\":\"en-GB\"},{\"@type\":\"Organization\",\"@id\":\"https:\/\/www.korthajen.se\/#organization\",\"name\":\"Korthajen\",\"url\":\"https:\/\/www.korthajen.se\/\",\"logo\":{\"@type\":\"ImageObject\",\"inLanguage\":\"en-GB\",\"@id\":\"https:\/\/www.korthajen.se\/#\/schema\/logo\/image\/\",\"url\":\"https:\/\/www.korthajen.se\/wp-content\/uploads\/2024\/12\/Korthajen-png.avif\",\"contentUrl\":\"https:\/\/www.korthajen.se\/wp-content\/uploads\/2024\/12\/Korthajen-png.avif\",\"width\":2100,\"height\":2100,\"caption\":\"Korthajen\"},\"image\":{\"@id\":\"https:\/\/www.korthajen.se\/#\/schema\/logo\/image\/\"},\"sameAs\":[\"https:\/\/facebook.com\/korthajen.se\",\"https:\/\/instagram.com\/korthajen.se\"]}]}<\/script>\n<!-- \/ Yoast SEO plugin. -->","yoast_head_json":{"title":"Stora booster-paketet - Korthajen","description":"Ett mycket prisv\u00e4rt paket med en samling blisters, booster bundles och en ETB. Totalt 17 booster packs fr\u00e5n Shrouded Fable, Temporal Forces, Paradox Rift och Astral Radiance.","robots":{"index":"index","follow":"follow","max-snippet":"max-snippet:-1","max-image-preview":"max-image-preview:large","max-video-preview":"max-video-preview:-1"},"canonical":"https:\/\/www.korthajen.se\/en\/product\/stora-booster-paketet\/","og_locale":"en_GB","og_type":"article","og_title":"Stora booster-paketet - Korthajen","og_description":"Ett mycket prisv\u00e4rt paket med en samling blisters, booster bundles och en ETB. Totalt 17 booster packs fr\u00e5n Shrouded Fable, Temporal Forces, Paradox Rift och Astral Radiance.","og_url":"https:\/\/www.korthajen.se\/en\/product\/stora-booster-paketet\/","og_site_name":"Korthajen","article_publisher":"https:\/\/facebook.com\/korthajen.se","article_modified_time":"2025-01-20T20:37:16+00:00","og_image":[{"width":1080,"height":1080,"url":"https:\/\/www.korthajen.se\/wp-content\/uploads\/2024\/12\/Namnlos-3-png.webp","type":"image\/png"}],"twitter_card":"summary_large_image","twitter_misc":{"Estimated reading time":"2 minutes"},"schema":{"@context":"https:\/\/schema.org","@graph":[{"@type":"WebPage","@id":"https:\/\/www.korthajen.se\/product\/stora-booster-paketet\/","url":"https:\/\/www.korthajen.se\/product\/stora-booster-paketet\/","name":"Stora booster-paketet - Korthajen","isPartOf":{"@id":"https:\/\/www.korthajen.se\/#website"},"primaryImageOfPage":{"@id":"https:\/\/www.korthajen.se\/product\/stora-booster-paketet\/#primaryimage"},"image":{"@id":"https:\/\/www.korthajen.se\/product\/stora-booster-paketet\/#primaryimage"},"thumbnailUrl":"https:\/\/i0.wp.com\/www.korthajen.se\/wp-content\/uploads\/2024\/12\/Namnlos-3-png.webp?fit=1080%2C1080&ssl=1","datePublished":"2024-12-12T11:32:25+00:00","dateModified":"2025-01-20T20:37:16+00:00","description":"Ett mycket prisv\u00e4rt paket med en samling blisters, booster bundles och en ETB. Totalt 17 booster packs fr\u00e5n Shrouded Fable, Temporal Forces, Paradox Rift och Astral Radiance.","breadcrumb":{"@id":"https:\/\/www.korthajen.se\/product\/stora-booster-paketet\/#breadcrumb"},"inLanguage":"en-GB","potentialAction":[{"@type":"ReadAction","target":["https:\/\/www.korthajen.se\/product\/stora-booster-paketet\/"]}]},{"@type":"ImageObject","inLanguage":"en-GB","@id":"https:\/\/www.korthajen.se\/product\/stora-booster-paketet\/#primaryimage","url":"https:\/\/i0.wp.com\/www.korthajen.se\/wp-content\/uploads\/2024\/12\/Namnlos-3-png.webp?fit=1080%2C1080&ssl=1","contentUrl":"https:\/\/i0.wp.com\/www.korthajen.se\/wp-content\/uploads\/2024\/12\/Namnlos-3-png.webp?fit=1080%2C1080&ssl=1","width":1080,"height":1080},{"@type":"BreadcrumbList","@id":"https:\/\/www.korthajen.se\/product\/stora-booster-paketet\/#breadcrumb","itemListElement":[{"@type":"ListItem","position":1,"name":"Hem","item":"https:\/\/www.korthajen.se\/"},{"@type":"ListItem","position":2,"name":"Sortiment &#8211; Allt inom samlarkort och tillbeh\u00f6r","item":"https:\/\/www.korthajen.se\/shop\/"},{"@type":"ListItem","position":3,"name":"Stora booster-paketet"}]},{"@type":"WebSite","@id":"https:\/\/www.korthajen.se\/#website","url":"https:\/\/www.korthajen.se\/","name":"Korthajen","description":"Hj\u00e4lper samlare, nya som gamla.","publisher":{"@id":"https:\/\/www.korthajen.se\/#organization"},"potentialAction":[{"@type":"SearchAction","target":{"@type":"EntryPoint","urlTemplate":"https:\/\/www.korthajen.se\/?s={search_term_string}"},"query-input":{"@type":"PropertyValueSpecification","valueRequired":true,"valueName":"search_term_string"}}],"inLanguage":"en-GB"},{"@type":"Organization","@id":"https:\/\/www.korthajen.se\/#organization","name":"Korthajen","url":"https:\/\/www.korthajen.se\/","logo":{"@type":"ImageObject","inLanguage":"en-GB","@id":"https:\/\/www.korthajen.se\/#\/schema\/logo\/image\/","url":"https:\/\/www.korthajen.se\/wp-content\/uploads\/2024\/12\/Korthajen-png.avif","contentUrl":"https:\/\/www.korthajen.se\/wp-content\/uploads\/2024\/12\/Korthajen-png.avif","width":2100,"height":2100,"caption":"Korthajen"},"image":{"@id":"https:\/\/www.korthajen.se\/#\/schema\/logo\/image\/"},"sameAs":["https:\/\/facebook.com\/korthajen.se","https:\/\/instagram.com\/korthajen.se"]}]}},"jetpack_publicize_connections":[],"jetpack_sharing_enabled":true,"jetpack-related-posts":[],"_links":{"self":[{"href":"https:\/\/www.korthajen.se\/en\/wp-json\/wp\/v2\/product\/945","targetHints":{"allow":["GET"]}}],"collection":[{"href":"https:\/\/www.korthajen.se\/en\/wp-json\/wp\/v2\/product"}],"about":[{"href":"https:\/\/www.korthajen.se\/en\/wp-json\/wp\/v2\/types\/product"}],"replies":[{"embeddable":true,"href":"https:\/\/www.korthajen.se\/en\/wp-json\/wp\/v2\/comments?post=945"}],"wp:featuredmedia":[{"embeddable":true,"href":"https:\/\/www.korthajen.se\/en\/wp-json\/wp\/v2\/media\/946"}],"wp:attachment":[{"href":"https:\/\/www.korthajen.se\/en\/wp-json\/wp\/v2\/media?parent=945"}],"wp:term":[{"taxonomy":"product_brand","embeddable":true,"href":"https:\/\/www.korthajen.se\/en\/wp-json\/wp\/v2\/product_brand?post=945"},{"taxonomy":"product_cat","embeddable":true,"href":"https:\/\/www.korthajen.se\/en\/wp-json\/wp\/v2\/product_cat?post=945"},{"taxonomy":"product_tag","embeddable":true,"href":"https:\/\/www.korthajen.se\/en\/wp-json\/wp\/v2\/product_tag?post=945"}],"curies":[{"name":"wp","href":"https:\/\/api.w.org\/{rel}","templated":true}]}}